{"id":10,"date":"2023-12-13T15:49:07","date_gmt":"2023-12-13T14:49:07","guid":{"rendered":"https:\/\/www.ekb-pcb.de\/?page_id=10"},"modified":"2023-12-23T15:13:12","modified_gmt":"2023-12-23T14:13:12","slug":"impressum","status":"publish","type":"page","link":"https:\/\/www.ekb-pcb.de\/en\/impressum\/","title":{"rendered":"Legal Notice"},"content":{"rendered":"<div data-elementor-type=\"wp-page\" data-elementor-id=\"10\" class=\"elementor elementor-10\" data-elementor-post-type=\"page\">\n\t\t\t\t<div class=\"elementor-element elementor-element-05b40a4 e-flex e-con-boxed e-con e-parent\" data-id=\"05b40a4\" data-element_type=\"container\" data-core-v316-plus=\"true\">\n\t\t\t\t\t<div class=\"e-con-inner\">\n\t\t\t\t<div class=\"elementor-element elementor-element-b1786db elementor-widget elementor-widget-text-editor\" data-id=\"b1786db\" data-element_type=\"widget\" data-widget_type=\"text-editor.default\">\n\t\t\t\t<div class=\"elementor-widget-container\">\n\t\t\t<style>\/*! elementor - v3.20.0 - 20-03-2024 *\/\n.elementor-widget-text-editor.elementor-drop-cap-view-stacked .elementor-drop-cap{background-color:#69727d;color:#fff}.elementor-widget-text-editor.elementor-drop-cap-view-framed .elementor-drop-cap{color:#69727d;border:3px solid;background-color:transparent}.elementor-widget-text-editor:not(.elementor-drop-cap-view-default) .elementor-drop-cap{margin-top:8px}.elementor-widget-text-editor:not(.elementor-drop-cap-view-default) .elementor-drop-cap-letter{width:1em;height:1em}.elementor-widget-text-editor .elementor-drop-cap{float:left;text-align:center;line-height:1;font-size:50px}.elementor-widget-text-editor .elementor-drop-cap-letter{display:inline-block}<\/style>\t\t\t\t\t\t\t\t\t\t<\/div>\n\t\t\t\t<\/div>\n\t\t\t\t\t<\/div>\n\t\t\t\t<\/div>\n\t\t<div class=\"elementor-element elementor-element-c989791 e-flex e-con-boxed e-con e-parent\" data-id=\"c989791\" data-element_type=\"container\" data-core-v316-plus=\"true\">\n\t\t\t\t\t<div class=\"e-con-inner\">\n\t\t\t\t<div class=\"elementor-element elementor-element-79a97b7 elementor-widget elementor-widget-text-editor\" data-id=\"79a97b7\" data-element_type=\"widget\" data-widget_type=\"text-editor.default\">\n\t\t\t\t<div class=\"elementor-widget-container\">\n\t\t\t\t\t\t\t<h2>Legal Notice<\/h2><p><strong>Eltern-Kind-Br\u00fccke e.V.<\/strong><br \/><strong>Parents-Child-Bridge<\/strong><\/p><p>State-approved placement agency<br \/>Service<\/p><p>Wernher-von-Braun-Str. 18<br \/>69214 Eppelheim<\/p><p>Tel: (06221) 833148 and 339420<br \/>Fax: (06221) 83 31 38<br \/>e-mail: info@ekb-pcb.de<\/p><p><strong>Authorized board of directors:<\/strong>\u00a0Berit Haas (chairwoman), G\u00fcnter Wolter and Helmut Haas (deputy)<\/p><p><strong>Registration court:<\/strong>\u00a0Registergericht Heidelberg<br \/><strong>Registration number:<\/strong>\u00a0Reg.Nr. 2467<\/p><p><strong>Responsible for content in accordance with Section 55 Paragraph 3 RSTV:<\/strong>\u00a0Berit Haas<\/p><p><strong>Disclaimer:<\/strong>\u00a0Despite careful content control, we assume no liability for the content of external links. The operators of the linked pages are solely responsible for their content.<\/p>\t\t\t\t\t\t<\/div>\n\t\t\t\t<\/div>\n\t\t\t\t\t<\/div>\n\t\t\t\t<\/div>\n\t\t\t\t<\/div>","protected":false},"excerpt":{"rendered":"<p>Impressum Eltern-Kind-Br\u00fccke e.V.Parents-Child-Bridge staatlich anerkannte Vermittlungsstellef\u00fcr Auslandsadoptionen Wernher-von-Braun-Str. 1869214 Eppelheim Tel: (06221) 833148 und 33942-0Fax: (06221) 83 31 38e-mail: info@ekb-pcb.de Vertretungsberechtigter Vorstand:\u00a0Berit Haas (Vorsitzende), G\u00fcnter Wolter und Helmut Haas (Stellvertreter) Registergericht:\u00a0Registergericht HeidelbergRegisternummer:\u00a0Reg.Nr. 2467 Inhaltlich Verantwortlicher gem\u00e4\u00df \u00a7 55 Absatz 3 RSTV:\u00a0Berit Haas Haftungshinweis:\u00a0Trotz sorgf\u00e4ltiger inhaltlicher Kontrolle \u00fcbernehmen wir keine Haftung f\u00fcr die Inhalte externer Links. [&hellip;]<\/p>","protected":false},"author":1,"featured_media":0,"parent":0,"menu_order":0,"comment_status":"closed","ping_status":"closed","template":"","meta":{"footnotes":""},"class_list":["post-10","page","type-page","status-publish","hentry"],"_links":{"self":[{"href":"https:\/\/www.ekb-pcb.de\/en\/wp-json\/wp\/v2\/pages\/10","targetHints":{"allow":["GET"]}}],"collection":[{"href":"https:\/\/www.ekb-pcb.de\/en\/wp-json\/wp\/v2\/pages"}],"about":[{"href":"https:\/\/www.ekb-pcb.de\/en\/wp-json\/wp\/v2\/types\/page"}],"author":[{"embeddable":true,"href":"https:\/\/www.ekb-pcb.de\/en\/wp-json\/wp\/v2\/users\/1"}],"replies":[{"embeddable":true,"href":"https:\/\/www.ekb-pcb.de\/en\/wp-json\/wp\/v2\/comments?post=10"}],"version-history":[{"count":26,"href":"https:\/\/www.ekb-pcb.de\/en\/wp-json\/wp\/v2\/pages\/10\/revisions"}],"predecessor-version":[{"id":1972,"href":"https:\/\/www.ekb-pcb.de\/en\/wp-json\/wp\/v2\/pages\/10\/revisions\/1972"}],"wp:attachment":[{"href":"https:\/\/www.ekb-pcb.de\/en\/wp-json\/wp\/v2\/media?parent=10"}],"curies":[{"name":"wp","href":"https:\/\/api.w.org\/{rel}","templated":true}]}}