{"id":100,"date":"2023-12-13T18:31:46","date_gmt":"2023-12-13T17:31:46","guid":{"rendered":"https:\/\/www.ekb-pcb.de\/?page_id=100"},"modified":"2024-10-01T16:23:53","modified_gmt":"2024-10-01T14:23:53","slug":"adoptionsverfahren","status":"publish","type":"page","link":"https:\/\/www.ekb-pcb.de\/en\/adoptionsverfahren\/","title":{"rendered":"Adoption process"},"content":{"rendered":"<div data-elementor-type=\"wp-page\" data-elementor-id=\"100\" class=\"elementor elementor-100\" data-elementor-post-type=\"page\">\n\t\t\t\t<div class=\"elementor-element elementor-element-2609b050 e-flex e-con-boxed e-con e-parent\" data-id=\"2609b050\" data-element_type=\"container\" data-core-v316-plus=\"true\">\n\t\t\t\t\t<div class=\"e-con-inner\">\n\t\t\t\t<div class=\"elementor-element elementor-element-228c8efd elementor-widget elementor-widget-text-editor\" data-id=\"228c8efd\" data-element_type=\"widget\" data-widget_type=\"text-editor.default\">\n\t\t\t\t<div class=\"elementor-widget-container\">\n\t\t\t<style>\/*! elementor - v3.20.0 - 20-03-2024 *\/\n.elementor-widget-text-editor.elementor-drop-cap-view-stacked .elementor-drop-cap{background-color:#69727d;color:#fff}.elementor-widget-text-editor.elementor-drop-cap-view-framed .elementor-drop-cap{color:#69727d;border:3px solid;background-color:transparent}.elementor-widget-text-editor:not(.elementor-drop-cap-view-default) .elementor-drop-cap{margin-top:8px}.elementor-widget-text-editor:not(.elementor-drop-cap-view-default) .elementor-drop-cap-letter{width:1em;height:1em}.elementor-widget-text-editor .elementor-drop-cap{float:left;text-align:center;line-height:1;font-size:50px}.elementor-widget-text-editor .elementor-drop-cap-letter{display:inline-block}<\/style>\t\t\t\t<h2>Adoption process<\/h2>\t\t\t\t\t\t<\/div>\n\t\t\t\t<\/div>\n\t\t\t\t<div class=\"elementor-element elementor-element-e022f28 elementor-widget elementor-widget-image\" data-id=\"e022f28\" data-element_type=\"widget\" data-widget_type=\"image.default\">\n\t\t\t\t<div class=\"elementor-widget-container\">\n\t\t\t<style>\/*! elementor - v3.20.0 - 20-03-2024 *\/\n.elementor-widget-image{text-align:center}.elementor-widget-image a{display:inline-block}.elementor-widget-image a img[src$=\".svg\"]{width:48px}.elementor-widget-image img{vertical-align:middle;display:inline-block}<\/style>\t\t\t\t\t\t\t\t\t\t<img fetchpriority=\"high\" decoding=\"async\" width=\"768\" height=\"576\" src=\"https:\/\/www.ekb-pcb.de\/wp-content\/uploads\/2023\/12\/adoptionsverfahren-768x576.png\" class=\"attachment-medium_large size-medium_large wp-image-1343\" alt=\"\" srcset=\"https:\/\/www.ekb-pcb.de\/wp-content\/uploads\/2023\/12\/adoptionsverfahren-768x576.png 768w, https:\/\/www.ekb-pcb.de\/wp-content\/uploads\/2023\/12\/adoptionsverfahren-300x225.png 300w, https:\/\/www.ekb-pcb.de\/wp-content\/uploads\/2023\/12\/adoptionsverfahren-1024x768.png 1024w, https:\/\/www.ekb-pcb.de\/wp-content\/uploads\/2023\/12\/adoptionsverfahren-1536x1152.png 1536w, https:\/\/www.ekb-pcb.de\/wp-content\/uploads\/2023\/12\/adoptionsverfahren-2048x1536.png 2048w\" sizes=\"(max-width: 768px) 100vw, 768px\" \/>\t\t\t\t\t\t\t\t\t\t\t\t\t<\/div>\n\t\t\t\t<\/div>\n\t\t\t\t\t<\/div>\n\t\t\t\t<\/div>\n\t\t<div class=\"elementor-element elementor-element-4f58611 e-flex e-con-boxed e-con e-parent\" data-id=\"4f58611\" data-element_type=\"container\" data-core-v316-plus=\"true\">\n\t\t\t\t\t<div class=\"e-con-inner\">\n\t\t\t\t<div class=\"elementor-element elementor-element-94bf15b elementor-widget elementor-widget-text-editor\" data-id=\"94bf15b\" data-element_type=\"widget\" data-widget_type=\"text-editor.default\">\n\t\t\t\t<div class=\"elementor-widget-container\">\n\t\t\t\t\t\t\t<p style=\"text-align: left\">Zur ersten Orientierung bieten wir ein ausf\u00fchrliches <strong>Informationsgespr\u00e4ch<\/strong> an, indem Paare pers\u00f6nlich und vertraulich zu allgemeinen Fragen \u00fcber die Auslandadoption, Anforderungen, M\u00f6glichkeiten und Risiken beraten werden.<\/p><p style=\"text-align: left\">Nach dem ersten Informationsgespr\u00e4ch findet <strong>eine zweistufige Eignungspr\u00fcfung<\/strong>: eine allgemeine Pr\u00fcfung durch das Jugendamt und anschlie\u00dfend eine l\u00e4nderspezifische Pr\u00fcfung statt. F\u00e4llt die erste Pr\u00fcfung positiv aus, erfolgt die l\u00e4nderspezifische Pr\u00fcfung. Hier arbeiten wir mit den \u00f6rtlichen Adoptionsvermittlungsstellen zusammen. <span style=\"font-size: var( --e-global-typography-text-font-size );color: var( --e-global-color-text );font-family: var( --e-global-typography-text-font-family ), Sans-serif;font-weight: var( --e-global-typography-text-font-weight );text-align: var(--text-align);background-color: var( --e-global-color-d99024c )\">Wird die l\u00e4nderspezifische Eignung festgestellt, wird der Sozialbericht beim \u00f6rtlichen Dienst angefordert. Abschlie\u00dfend findet ein <strong>L\u00e4nderabschlussgespr\u00e4ch<\/strong> statt. Danach werden die Bewerbungsunterlagen zusammengestellt, \u00fcbersetzt und an die zust\u00e4ndige Fachstelle im Ausland gesendet.<\/span><\/p><p style=\"text-align: left\">Es folgt eine <strong>Wartezeit<\/strong> aufgrund des Ungleichgewichts zwischen vielen Bewerbern und wenigen verf\u00fcgbaren Kindern, die oft mehrere Jahre betr\u00e4gt. In dieser Zeit bieten wir <strong>Vorbereitungsseminare<\/strong> f\u00fcr die zuk\u00fcnftigen Eltern an.\u00a0<\/p><p style=\"text-align: left\">Wird uns von der ausl\u00e4ndischen Fachstelle ein Kind vorgeschlagen,\u00a0 werden die zuk\u00fcnftigen Adoptiveltern nach R\u00fccksprache mit der \u00f6rtlichen Fachstelle und dem Landesjugendamt zu einem Gespr\u00e4ch mit unserer Fachkraft eingeladen. Stimmen die Adoptionsbewerber dem <strong>Kindervorschlag<\/strong> zu, wird die Bereitschaftserkl\u00e4rung zur Adoption dieses Kindes notariell beurkundet. Anschlie\u00dfend informieren wir das Herkunftsland \u00fcber die Annahme des Kindes. Je nach Regelung im Herkunftsland erfolgt entweder eine <strong>Reise in das Herkunftsland <\/strong>des Kindes, um vor Ort das Verfahren abzuschlie\u00dfen oder ein pers\u00f6nliches Kennenlernen und das Kind offiziell anzunehmen.\u00a0<\/p><p style=\"text-align: left\">Nach der Aufnahme des Kindes in die Familie, beginnt die sogenannte <strong>Adoptionspflegezeit<\/strong>. In diesem Zeitraum finden Hausbesuche und Gespr\u00e4che mit Adoptivfamilien durch ein \u00f6rtliche Jungenamt statt. Je nach Erfordernis der Herkunftsl\u00e4nder werden Entwicklungsberichte erstellt und an die Fachstelle im Heimatland des Kindes geschickt. Die gesetzlich vorgeschriebene Adoptionspflegezeit endet mit dem <strong>Ausspruch der Adoption<\/strong> im Heimatstaat des Kindes. Da die Adoptionsentscheidung im Ausland nicht immer automatisch Rechtswirkungen in Deutschland entfaltet, bedarf es der Durchf\u00fchrung eines <strong>Anerkennungs- und Wirkungsfeststellungsverfahrens<\/strong> vor einem deutschen Familiengericht.\u00a0\u00a0<\/p><p style=\"text-align: left\">Nach der Adoption bieten wir weitere <strong>Unterst\u00fctzung<\/strong> and <strong>Begleitung<\/strong> an. Das sind\u00a0 z.B. Beratung in Erziehungsfragen, Wurzelsuche, Gespr\u00e4chskreise f\u00fcr Jugendliche und Biographiearbeit sowie ein j\u00e4hrliches Familientreffen.<\/p>\t\t\t\t\t\t<\/div>\n\t\t\t\t<\/div>\n\t\t\t\t\t<\/div>\n\t\t\t\t<\/div>\n\t\t<div class=\"elementor-element elementor-element-ea31b01 e-flex e-con-boxed e-con e-parent\" data-id=\"ea31b01\" data-element_type=\"container\" data-core-v316-plus=\"true\">\n\t\t\t\t\t<div class=\"e-con-inner\">\n\t\t\t\t\t<\/div>\n\t\t\t\t<\/div>\n\t\t\t\t<\/div>","protected":false},"excerpt":{"rendered":"<p>Adoptionsverfahren Zur ersten Orientierung bieten wir ein ausf\u00fchrliches Informationsgespr\u00e4ch an, indem Paare pers\u00f6nlich und vertraulich zu allgemeinen Fragen \u00fcber die Auslandadoption, Anforderungen, M\u00f6glichkeiten und Risiken beraten werden. Nach dem ersten Informationsgespr\u00e4ch findet eine zweistufige Eignungspr\u00fcfung: eine allgemeine Pr\u00fcfung durch das Jugendamt und anschlie\u00dfend eine l\u00e4nderspezifische Pr\u00fcfung statt. F\u00e4llt die erste Pr\u00fcfung positiv aus, erfolgt die [&hellip;]<\/p>","protected":false},"author":1,"featured_media":1343,"parent":0,"menu_order":0,"comment_status":"closed","ping_status":"closed","template":"","meta":{"footnotes":""},"class_list":["post-100","page","type-page","status-publish","has-post-thumbnail","hentry"],"_links":{"self":[{"href":"https:\/\/www.ekb-pcb.de\/en\/wp-json\/wp\/v2\/pages\/100","targetHints":{"allow":["GET"]}}],"collection":[{"href":"https:\/\/www.ekb-pcb.de\/en\/wp-json\/wp\/v2\/pages"}],"about":[{"href":"https:\/\/www.ekb-pcb.de\/en\/wp-json\/wp\/v2\/types\/page"}],"author":[{"embeddable":true,"href":"https:\/\/www.ekb-pcb.de\/en\/wp-json\/wp\/v2\/users\/1"}],"replies":[{"embeddable":true,"href":"https:\/\/www.ekb-pcb.de\/en\/wp-json\/wp\/v2\/comments?post=100"}],"version-history":[{"count":55,"href":"https:\/\/www.ekb-pcb.de\/en\/wp-json\/wp\/v2\/pages\/100\/revisions"}],"predecessor-version":[{"id":2980,"href":"https:\/\/www.ekb-pcb.de\/en\/wp-json\/wp\/v2\/pages\/100\/revisions\/2980"}],"wp:featuredmedia":[{"embeddable":true,"href":"https:\/\/www.ekb-pcb.de\/en\/wp-json\/wp\/v2\/media\/1343"}],"wp:attachment":[{"href":"https:\/\/www.ekb-pcb.de\/en\/wp-json\/wp\/v2\/media?parent=100"}],"curies":[{"name":"wp","href":"https:\/\/api.w.org\/{rel}","templated":true}]}}