{"id":12,"date":"2023-12-13T15:49:16","date_gmt":"2023-12-13T14:49:16","guid":{"rendered":"https:\/\/www.ekb-pcb.de\/?page_id=12"},"modified":"2023-12-22T16:26:44","modified_gmt":"2023-12-22T15:26:44","slug":"datenschutz","status":"publish","type":"page","link":"https:\/\/www.ekb-pcb.de\/en\/datenschutz\/","title":{"rendered":"Privacy policy"},"content":{"rendered":"<div data-elementor-type=\"wp-page\" data-elementor-id=\"12\" class=\"elementor elementor-12\" data-elementor-post-type=\"page\">\n\t\t\t\t<div class=\"elementor-element elementor-element-1ae77ea e-flex e-con-boxed e-con e-parent\" data-id=\"1ae77ea\" data-element_type=\"container\" data-core-v316-plus=\"true\">\n\t\t\t\t\t<div class=\"e-con-inner\">\n\t\t\t\t<div class=\"elementor-element elementor-element-1072f37 elementor-widget elementor-widget-text-editor\" data-id=\"1072f37\" data-element_type=\"widget\" data-widget_type=\"text-editor.default\">\n\t\t\t\t<div class=\"elementor-widget-container\">\n\t\t\t<style>\/*! elementor - v3.20.0 - 20-03-2024 *\/\n.elementor-widget-text-editor.elementor-drop-cap-view-stacked .elementor-drop-cap{background-color:#69727d;color:#fff}.elementor-widget-text-editor.elementor-drop-cap-view-framed .elementor-drop-cap{color:#69727d;border:3px solid;background-color:transparent}.elementor-widget-text-editor:not(.elementor-drop-cap-view-default) .elementor-drop-cap{margin-top:8px}.elementor-widget-text-editor:not(.elementor-drop-cap-view-default) .elementor-drop-cap-letter{width:1em;height:1em}.elementor-widget-text-editor .elementor-drop-cap{float:left;text-align:center;line-height:1;font-size:50px}.elementor-widget-text-editor .elementor-drop-cap-letter{display:inline-block}<\/style>\t\t\t\t<h2>Privacy policy<\/h2><p><strong>Datenschutzerkl\u00e4rung<\/strong><\/p><p><strong>1. Allgemeines<\/strong><br \/>Diese ausf\u00fchrliche Datenschutzerkl\u00e4rung informiert Sie \u00fcber die Art, den Umfang und den Zweck der Verarbeitung von personenbezogenen Daten (nachfolgend kurz \u201eDaten\u201c) auf unserer Webseite. Personenbezogene Daten sind alle Informationen, die sich auf eine identifizierte oder identifizierbare nat\u00fcrliche Person (im Folgenden \u201ebetroffene Person\u201c) beziehen.<br \/>Verantwortlicher f\u00fcr die Datenverarbeitung auf dieser Webseite ist:<\/p><p>Eltern-Kind-Br\u00fccke e.V.<br \/>Parents-Child-Bridge<\/p><p>State-approved placement agency<br \/>Service<\/p><p>Wernher-von-Braun-Str. 18<br \/>69214 Eppelheim<\/p><p>Tel: (06221) 833148 and 339420<br \/>Fax: (06221) 83 31 38<br \/>e-mail: info@ekb-pcb.de<\/p><p><strong style=\"color: var( --e-global-color-text );font-family: var( --e-global-typography-text-font-family ), Sans-serif;font-size: var( --e-global-typography-text-font-size );text-align: var(--text-align);background-color: var( --e-global-color-d99024c )\">\u00a0<\/strong><\/p><p><strong style=\"color: var( --e-global-color-text );font-family: var( --e-global-typography-text-font-family ), Sans-serif;font-size: var( --e-global-typography-text-font-size );text-align: var(--text-align);background-color: var( --e-global-color-d99024c )\">2. Datenerfassung auf unserer Webseite<\/strong><\/p><p><strong>2.1 Server-Log-Dateien<\/strong><br \/>Der Provider der Seiten erhebt und speichert automatisch Informationen in sogenannten Server-Log-Dateien, die Ihr Browser automatisch an uns \u00fcbermittelt. Dies sind:<br \/>Browsertyp und Browserversion<br \/>verwendetes Betriebssystem<br \/>Referrer URL<br \/>Hostname des zugreifenden Rechners<br \/>Uhrzeit der Serveranfrage<br \/>IP-Adresse<br \/>Eine Zusammenf\u00fchrung dieser Daten mit anderen Datenquellen wird nicht vorgenommen. Grundlage f\u00fcr die Datenverarbeitung ist Art. 6 Abs. 1 lit. f DSGVO, der die Verarbeitung von Daten zur Erf\u00fcllung eines Vertrags oder vorvertraglicher Ma\u00dfnahmen gestattet.<\/p><p><strong>2.2 Kontaktformular<\/strong><br \/>Wenn Sie uns per Kontaktformular Anfragen zukommen lassen, werden Ihre Angaben aus dem Anfrageformular inklusive der von Ihnen dort angegebenen Kontaktdaten zwecks Bearbeitung der Anfrage und f\u00fcr den Fall von Anschlussfragen bei uns gespeichert. Diese Daten geben wir nicht ohne Ihre Einwilligung weiter. Die Verarbeitung der in das Kontaktformular eingegebenen Daten erfolgt somit ausschlie\u00dflich auf Grundlage Ihrer Einwilligung (Art. 6 Abs. 1 lit. a DSGVO). Sie k\u00f6nnen diese Einwilligung jederzeit widerrufen. Dazu reicht eine formlose Mitteilung per E-Mail an uns. Die Rechtm\u00e4\u00dfigkeit der bis zum Widerruf erfolgten Datenverarbeitungsvorg\u00e4nge bleibt vom Widerruf unber\u00fchrt.<\/p><p>\u00a0<\/p><p><strong>3. Verwendung von Cookies<\/strong><br \/>Unsere Webseite verwendet Cookies. Bei Cookies handelt es sich um kleine Textdateien, die auf Ihrem Endger\u00e4t abgelegt werden. Ihr Browser greift auf diese Dateien zu. Durch den Einsatz von Cookies erh\u00f6ht sich die Benutzerfreundlichkeit und Sicherheit dieser Webseite. G\u00e4ngige Browser bieten die Einstellungsoption, Cookies nicht zuzulassen. Hinweis: Es ist nicht gew\u00e4hrleistet, dass Sie auf alle Funktionen dieser Webseite ohne Einschr\u00e4nkungen zugreifen k\u00f6nnen, wenn Sie entsprechende Einstellungen vornehmen.<\/p><p>\u00a0<\/p><p><strong>4. Verwendung von Facebook- und Google Maps-Plugins<\/strong><\/p><p><strong>4.1 Facebook<\/strong><br \/>Unsere Webseite enth\u00e4lt Links zu unserer Facebook-Seite. Durch das Anklicken dieser Links werden Daten an den Anbieter (Facebook) \u00fcbertragen. Die Datenschutzerkl\u00e4rung von Facebook finden Sie hier: https:\/\/www.facebook.com\/policy.php<\/p><p><strong>4.2 Google Maps<\/strong><br \/>Unsere Webseite verwendet das Google Maps Plugin. Durch die Nutzung des Google Maps Plugins werden Daten an Google \u00fcbertragen. Die Datenschutzerkl\u00e4rung von Google finden Sie hier: https:\/\/policies.google.com\/privacy?<\/p><p>\u00a0<\/p><p><strong>5. Rechte der betroffenen Person<\/strong><br \/>Auskunftsrecht (Art. 15 DSGVO)<br \/>Recht auf Berichtigung (Art. 16 DSGVO)<br \/>Recht auf L\u00f6schung (Art. 17 DSGVO)<br \/>Recht auf Einschr\u00e4nkung der Verarbeitung (Art. 18 DSGVO)<br \/>Recht auf Daten\u00fcbertragbarkeit (Art. 20 DSGVO)<br \/>Widerspruchsrecht gegen die Verarbeitung (Art. 21 DSGVO)<br \/>Beschwerderecht bei einer Datenschutz-Aufsichtsbeh\u00f6rde (Art. 77 DSGVO)<\/p><p>\u00a0<\/p><p><strong>6. Aktualit\u00e4t und \u00c4nderung dieser Datenschutzerkl\u00e4rung<\/strong><br \/>Diese Datenschutzerkl\u00e4rung kann aufgrund der Weiterentwicklung unserer Webseite oder der Implementierung neuer Technologien jederzeit angepasst werden. Wir empfehlen Ihnen, sich regelm\u00e4\u00dfig \u00fcber den Inhalt unserer Datenschutzerkl\u00e4rung zu informieren.<\/p><p>\u00a0<\/p><p><strong>7. Sicherheit Ihrer Daten<\/strong><br \/>Wir setzen technische und organisatorische Sicherheitsma\u00dfnahmen ein, um Ihre uns zur Verf\u00fcgung gestellten Daten vor zuf\u00e4lliger oder vors\u00e4tzlicher Manipulation, Verlust, Zerst\u00f6rung oder vor dem Zugriff unberechtigter Personen zu sch\u00fctzen. Unsere Sicherheitsma\u00dfnahmen werden entsprechend der technologischen Entwicklung fortlaufend verbessert.<\/p><p>\u00a0<\/p><p><strong>8. Widerspruch gegen Werbe-Mails<\/strong><br \/>Der Nutzung von im Rahmen der Impressumspflicht ver\u00f6ffentlichten Kontaktdaten zur \u00dcbersendung von nicht ausdr\u00fccklich angeforderter Werbung und Informationsmaterialien wird hiermit widersprochen. Der Betreiber der Seiten beh\u00e4lt sich ausdr\u00fccklich rechtliche Schritte im Falle der unverlangten Zusendung von Werbeinformationen, etwa durch Spam-E-Mails, vor.<\/p><p>\u00a0<\/p><p><strong>9. Fragen zum Datenschutz<\/strong><br \/>Bei Fragen zum Datenschutz oder zur Wahrnehmung Ihrer Betroffenenrechte wenden Sie sich bitte an:<\/p><p>Eltern-Kind-Br\u00fccke e.V.<br \/>Parents-Child-Bridge<\/p><p>State-approved placement agency<br \/>Service<\/p><p>Wernher-von-Braun-Str. 18<br \/>69214 Eppelheim<\/p><p>Tel: (06221) 833148 and 339420<br \/>Fax: (06221) 83 31 38<br \/>e-mail: info@ekb-pcb.de<\/p><p>\u00a0<\/p><p><strong>10. Drittanbieter-Dienste<\/strong><br \/>Sofern wir auf unserer Webseite Inhalte oder Dienste von Drittanbietern einbinden, kann dies dazu f\u00fchren, dass personenbezogene Daten an diese Drittanbieter \u00fcbertragen werden. Die Daten\u00fcbertragung erfolgt in der Regel auf Grundlage einer entsprechenden Rechtsgrundlage, wie zum Beispiel Ihrer Einwilligung oder auf Grundlage unserer berechtigten Interessen.<\/p><p>\u00a0<\/p><p><strong>11. SSL- bzw. TLS-Verschl\u00fcsselung<\/strong><br \/>Diese Webseite nutzt aus Sicherheitsgr\u00fcnden und zum Schutz der \u00dcbertragung vertraulicher Inhalte, wie zum Beispiel Bestellungen oder Anfragen, die Sie an uns als Seitenbetreiber senden, eine SSL- bzw. TLS-Verschl\u00fcsselung. Eine verschl\u00fcsselte Verbindung erkennen Sie daran, dass die Adresszeile des Browsers von \u201ehttp:\/\/\u201c auf \u201ehttps:\/\/\u201c wechselt und an dem Schloss-Symbol in Ihrer Browserzeile.<br \/>Wenn die SSL- bzw. TLS-Verschl\u00fcsselung aktiviert ist, k\u00f6nnen die Daten, die Sie an uns \u00fcbermitteln, nicht von Dritten mitgelesen werden.<\/p><p>\u00a0<\/p><p><strong>12. \u00c4nderung Ihrer pers\u00f6nlichen Daten<\/strong><br \/>Sie haben das Recht, Ihre pers\u00f6nlichen Daten, die bei uns gespeichert sind, jederzeit \u00e4ndern oder aktualisieren zu lassen. Kontaktieren Sie uns bitte unter den oben angegebenen Kontaktdaten, um Ihre Daten zu \u00e4ndern.<\/p><p>\u00a0<\/p><p><strong>13. L\u00f6schung oder Sperrung der Daten<\/strong><br \/>Wir halten uns an die Grunds\u00e4tze der Datenvermeidung und Datensparsamkeit. Wir speichern Ihre personenbezogenen Daten daher nur so lange, wie es die von uns verfolgten Zwecke erfordern oder wie es die vom Gesetzgeber vorgesehenen vielf\u00e4ltigen Speicherfristen vorsehen. Nach Wegfall des jeweiligen Zweckes bzw. Ablauf dieser Fristen werden die entsprechenden Daten routinem\u00e4\u00dfig und entsprechend den gesetzlichen Vorschriften gesperrt oder gel\u00f6scht.<\/p>\t\t\t\t\t\t<\/div>\n\t\t\t\t<\/div>\n\t\t\t\t\t<\/div>\n\t\t\t\t<\/div>\n\t\t\t\t<\/div>","protected":false},"excerpt":{"rendered":"<p>Datenschutz Datenschutzerkl\u00e4rung 1. AllgemeinesDiese ausf\u00fchrliche Datenschutzerkl\u00e4rung informiert Sie \u00fcber die Art, den Umfang und den Zweck der Verarbeitung von personenbezogenen Daten (nachfolgend kurz \u201eDaten\u201c) auf unserer Webseite. Personenbezogene Daten sind alle Informationen, die sich auf eine identifizierte oder identifizierbare nat\u00fcrliche Person (im Folgenden \u201ebetroffene Person\u201c) beziehen.Verantwortlicher f\u00fcr die Datenverarbeitung auf dieser Webseite ist: Eltern-Kind-Br\u00fccke e.V.Parents-Child-Bridge [&hellip;]<\/p>","protected":false},"author":1,"featured_media":0,"parent":0,"menu_order":0,"comment_status":"closed","ping_status":"closed","template":"","meta":{"footnotes":""},"class_list":["post-12","page","type-page","status-publish","hentry"],"_links":{"self":[{"href":"https:\/\/www.ekb-pcb.de\/en\/wp-json\/wp\/v2\/pages\/12","targetHints":{"allow":["GET"]}}],"collection":[{"href":"https:\/\/www.ekb-pcb.de\/en\/wp-json\/wp\/v2\/pages"}],"about":[{"href":"https:\/\/www.ekb-pcb.de\/en\/wp-json\/wp\/v2\/types\/page"}],"author":[{"embeddable":true,"href":"https:\/\/www.ekb-pcb.de\/en\/wp-json\/wp\/v2\/users\/1"}],"replies":[{"embeddable":true,"href":"https:\/\/www.ekb-pcb.de\/en\/wp-json\/wp\/v2\/comments?post=12"}],"version-history":[{"count":34,"href":"https:\/\/www.ekb-pcb.de\/en\/wp-json\/wp\/v2\/pages\/12\/revisions"}],"predecessor-version":[{"id":1929,"href":"https:\/\/www.ekb-pcb.de\/en\/wp-json\/wp\/v2\/pages\/12\/revisions\/1929"}],"wp:attachment":[{"href":"https:\/\/www.ekb-pcb.de\/en\/wp-json\/wp\/v2\/media?parent=12"}],"curies":[{"name":"wp","href":"https:\/\/api.w.org\/{rel}","templated":true}]}}