{"id":1328,"date":"2023-12-18T18:02:49","date_gmt":"2023-12-18T17:02:49","guid":{"rendered":"https:\/\/www.ekb-pcb.de\/?page_id=1328"},"modified":"2024-10-02T16:33:37","modified_gmt":"2024-10-02T14:33:37","slug":"home","status":"publish","type":"page","link":"https:\/\/www.ekb-pcb.de\/en\/","title":{"rendered":"Home"},"content":{"rendered":"<div data-elementor-type=\"wp-page\" data-elementor-id=\"1328\" class=\"elementor elementor-1328\" data-elementor-post-type=\"page\">\n\t\t\t\t<div class=\"elementor-element elementor-element-8789f0e e-con-full e-flex e-con e-parent\" data-id=\"8789f0e\" data-element_type=\"container\" data-settings=\"{&quot;background_background&quot;:&quot;classic&quot;}\" data-core-v316-plus=\"true\">\n\t\t<div class=\"elementor-element elementor-element-c34f041 e-con-full e-flex e-con e-child\" data-id=\"c34f041\" data-element_type=\"container\">\n\t\t<div class=\"elementor-element elementor-element-021342f e-con-full e-flex e-con e-child\" data-id=\"021342f\" data-element_type=\"container\">\n\t\t\t\t<div class=\"elementor-element elementor-element-366d242 elementor-widget elementor-widget-image\" data-id=\"366d242\" data-element_type=\"widget\" data-widget_type=\"image.default\">\n\t\t\t\t<div class=\"elementor-widget-container\">\n\t\t\t<style>\/*! elementor - v3.20.0 - 20-03-2024 *\/\n.elementor-widget-image{text-align:center}.elementor-widget-image a{display:inline-block}.elementor-widget-image a img[src$=\".svg\"]{width:48px}.elementor-widget-image img{vertical-align:middle;display:inline-block}<\/style>\t\t\t\t\t\t\t\t\t\t<img fetchpriority=\"high\" decoding=\"async\" width=\"600\" height=\"600\" src=\"https:\/\/www.ekb-pcb.de\/wp-content\/uploads\/2023\/12\/Logo.png\" class=\"attachment-large size-large wp-image-1595\" alt=\"\" srcset=\"https:\/\/www.ekb-pcb.de\/wp-content\/uploads\/2023\/12\/Logo.png 600w, https:\/\/www.ekb-pcb.de\/wp-content\/uploads\/2023\/12\/Logo-300x300.png 300w, https:\/\/www.ekb-pcb.de\/wp-content\/uploads\/2023\/12\/Logo-150x150.png 150w\" sizes=\"(max-width: 600px) 100vw, 600px\" \/>\t\t\t\t\t\t\t\t\t\t\t\t\t<\/div>\n\t\t\t\t<\/div>\n\t\t\t\t<\/div>\n\t\t\t\t<\/div>\n\t\t<div class=\"elementor-element elementor-element-6185ce4 e-con-full e-flex e-con e-child\" data-id=\"6185ce4\" data-element_type=\"container\">\n\t\t\t\t<div class=\"elementor-element elementor-element-08edb51 elementor-widget elementor-widget-heading\" data-id=\"08edb51\" data-element_type=\"widget\" data-widget_type=\"heading.default\">\n\t\t\t\t<div class=\"elementor-widget-container\">\n\t\t\t<style>\/*! elementor - v3.20.0 - 20-03-2024 *\/\n.elementor-heading-title{padding:0;margin:0;line-height:1}.elementor-widget-heading .elementor-heading-title[class*=elementor-size-]>a{color:inherit;font-size:inherit;line-height:inherit}.elementor-widget-heading .elementor-heading-title.elementor-size-small{font-size:15px}.elementor-widget-heading .elementor-heading-title.elementor-size-medium{font-size:19px}.elementor-widget-heading .elementor-heading-title.elementor-size-large{font-size:29px}.elementor-widget-heading .elementor-heading-title.elementor-size-xl{font-size:39px}.elementor-widget-heading .elementor-heading-title.elementor-size-xxl{font-size:59px}<\/style><h2 class=\"elementor-heading-title elementor-size-default\">Eltern-Kind-Br\u00fccke<\/h2>\t\t<\/div>\n\t\t\t\t<\/div>\n\t\t\t\t<\/div>\n\t\t\t\t<\/div>\n\t\t<div class=\"elementor-element elementor-element-3c6db159 e-flex e-con-boxed e-con e-parent\" data-id=\"3c6db159\" data-element_type=\"container\" data-settings=\"{&quot;background_background&quot;:&quot;classic&quot;}\" data-core-v316-plus=\"true\">\n\t\t\t\t\t<div class=\"e-con-inner\">\n\t\t<div class=\"elementor-element elementor-element-5d1cad8 e-flex e-con-boxed e-con e-child\" data-id=\"5d1cad8\" data-element_type=\"container\" data-settings=\"{&quot;background_background&quot;:&quot;classic&quot;}\">\n\t\t\t\t\t<div class=\"e-con-inner\">\n\t\t\t\t<div class=\"elementor-element elementor-element-a06e3af elementor-widget elementor-widget-text-editor\" data-id=\"a06e3af\" data-element_type=\"widget\" data-widget_type=\"text-editor.default\">\n\t\t\t\t<div class=\"elementor-widget-container\">\n\t\t\t<style>\/*! elementor - v3.20.0 - 20-03-2024 *\/\n.elementor-widget-text-editor.elementor-drop-cap-view-stacked .elementor-drop-cap{background-color:#69727d;color:#fff}.elementor-widget-text-editor.elementor-drop-cap-view-framed .elementor-drop-cap{color:#69727d;border:3px solid;background-color:transparent}.elementor-widget-text-editor:not(.elementor-drop-cap-view-default) .elementor-drop-cap{margin-top:8px}.elementor-widget-text-editor:not(.elementor-drop-cap-view-default) .elementor-drop-cap-letter{width:1em;height:1em}.elementor-widget-text-editor .elementor-drop-cap{float:left;text-align:center;line-height:1;font-size:50px}.elementor-widget-text-editor .elementor-drop-cap-letter{display:inline-block}<\/style>\t\t\t\t\t\t\t\t\t\t<\/div>\n\t\t\t\t<\/div>\n\t\t\t\t\t<\/div>\n\t\t\t\t<\/div>\n\t\t\t\t<div class=\"elementor-element elementor-element-4857eaf0 elementor-widget elementor-widget-text-editor\" data-id=\"4857eaf0\" data-element_type=\"widget\" data-widget_type=\"text-editor.default\">\n\t\t\t\t<div class=\"elementor-widget-container\">\n\t\t\t\t\t\t\t<h5 style=\"text-align: center\">&nbsp;<span style=\"background-color: var( --e-global-color-d99024c );font-family: inherit;font-size: 1.25rem\">For our work, we wish for the courage to change the things&nbsp;<\/span><\/h5><h5 style=\"text-align: center\"><span style=\"background-color: var( --e-global-color-d99024c );font-family: inherit;font-size: 1.25rem\">the serenity to accept the things that&nbsp;<\/span><\/h5><h5 style=\"text-align: center\"><span style=\"background-color: var( --e-global-color-d99024c );font-family: inherit;font-size: 1.25rem\">cannot change and wisdom&nbsp;<\/span><\/h5><h5 style=\"text-align: center\"><span style=\"background-color: var( --e-global-color-d99024c );font-family: inherit;font-size: 1.25rem\">to know the difference!<\/span><\/h5>\t\t\t\t\t\t<\/div>\n\t\t\t\t<\/div>\n\t\t\t\t<div class=\"elementor-element elementor-element-f2b77b6 elementor-widget elementor-widget-text-editor\" data-id=\"f2b77b6\" data-element_type=\"widget\" data-widget_type=\"text-editor.default\">\n\t\t\t\t<div class=\"elementor-widget-container\">\n\t\t\t\t\t\t\t<p>International adoption is a contribution to international understanding and peace in this world!\u00a0<span style=\"color: var( --e-global-color-text );text-align: var(--text-align);background-color: var( --e-global-color-d99024c )\">It encourages tolerance and empathy for foreign countries and cultures\u00a0<\/span><span style=\"color: var( --e-global-color-text );text-align: var(--text-align);background-color: var( --e-global-color-d99024c )\">and can be an enrichment for everyone affected.<\/span><\/p><p>International adoption expands our horizons and offers new perspectives.<\/p><p>Anyone who takes care of someone else's child opens themselves up to the world and the world opens up to them.<\/p><p>Children who, for a variety of reasons, no longer have the chance to have a family in their own culture can create a positive future for themselves and later possibly also for their country of origin through the love and security of an adoptive family.<\/p><p><strong>International adoption is the last chance to have a family!<\/strong><\/p><p>\u00a0<\/p>\t\t\t\t\t\t<\/div>\n\t\t\t\t<\/div>\n\t\t\t\t\t<\/div>\n\t\t\t\t<\/div>\n\t\t\t\t<\/div>","protected":false},"excerpt":{"rendered":"<p>Eltern-Kind-Br\u00fccke &nbsp;F\u00fcr unsere Arbeit w\u00fcnschen wir uns den Mut, Dinge zu \u00e4ndern,&nbsp; die wir \u00e4ndern k\u00f6nnen, die Gelassenheit, Dinge zu ertragen,&nbsp; die nicht zu \u00e4ndern sind und die Weisheit,&nbsp; beides voneinander unterscheiden zu k\u00f6nnen! Auslandsadoption ist ein Beitrag zur V\u00f6lkerverst\u00e4ndigung und zum Frieden dieser Welt!\u00a0Sie f\u00f6rdert Toleranz und Empathie f\u00fcr fremde L\u00e4nder und Kulturen\u00a0und kann [&hellip;]<\/p>","protected":false},"author":1,"featured_media":1304,"parent":0,"menu_order":0,"comment_status":"closed","ping_status":"closed","template":"","meta":{"footnotes":""},"class_list":["post-1328","page","type-page","status-publish","has-post-thumbnail","hentry"],"_links":{"self":[{"href":"https:\/\/www.ekb-pcb.de\/en\/wp-json\/wp\/v2\/pages\/1328","targetHints":{"allow":["GET"]}}],"collection":[{"href":"https:\/\/www.ekb-pcb.de\/en\/wp-json\/wp\/v2\/pages"}],"about":[{"href":"https:\/\/www.ekb-pcb.de\/en\/wp-json\/wp\/v2\/types\/page"}],"author":[{"embeddable":true,"href":"https:\/\/www.ekb-pcb.de\/en\/wp-json\/wp\/v2\/users\/1"}],"replies":[{"embeddable":true,"href":"https:\/\/www.ekb-pcb.de\/en\/wp-json\/wp\/v2\/comments?post=1328"}],"version-history":[{"count":95,"href":"https:\/\/www.ekb-pcb.de\/en\/wp-json\/wp\/v2\/pages\/1328\/revisions"}],"predecessor-version":[{"id":2884,"href":"https:\/\/www.ekb-pcb.de\/en\/wp-json\/wp\/v2\/pages\/1328\/revisions\/2884"}],"wp:featuredmedia":[{"embeddable":true,"href":"https:\/\/www.ekb-pcb.de\/en\/wp-json\/wp\/v2\/media\/1304"}],"wp:attachment":[{"href":"https:\/\/www.ekb-pcb.de\/en\/wp-json\/wp\/v2\/media?parent=1328"}],"curies":[{"name":"wp","href":"https:\/\/api.w.org\/{rel}","templated":true}]}}