{"id":1679,"date":"2023-12-20T22:17:09","date_gmt":"2023-12-20T21:17:09","guid":{"rendered":"https:\/\/www.ekb-pcb.de\/?page_id=1679"},"modified":"2025-04-04T15:21:41","modified_gmt":"2025-04-04T13:21:41","slug":"bulgarien","status":"publish","type":"page","link":"https:\/\/www.ekb-pcb.de\/en\/bulgarien\/","title":{"rendered":"Bulgaria"},"content":{"rendered":"<div data-elementor-type=\"wp-page\" data-elementor-id=\"1679\" class=\"elementor elementor-1679\" data-elementor-post-type=\"page\">\n\t\t\t\t<div class=\"elementor-element elementor-element-edc1724 e-flex e-con-boxed e-con e-parent\" data-id=\"edc1724\" data-element_type=\"container\" data-core-v316-plus=\"true\">\n\t\t\t\t\t<div class=\"e-con-inner\">\n\t\t\t\t<div class=\"elementor-element elementor-element-31ebe85 elementor-widget elementor-widget-heading\" data-id=\"31ebe85\" data-element_type=\"widget\" data-widget_type=\"heading.default\">\n\t\t\t\t<div class=\"elementor-widget-container\">\n\t\t\t<style>\/*! elementor - v3.20.0 - 20-03-2024 *\/\n.elementor-heading-title{padding:0;margin:0;line-height:1}.elementor-widget-heading .elementor-heading-title[class*=elementor-size-]>a{color:inherit;font-size:inherit;line-height:inherit}.elementor-widget-heading .elementor-heading-title.elementor-size-small{font-size:15px}.elementor-widget-heading .elementor-heading-title.elementor-size-medium{font-size:19px}.elementor-widget-heading .elementor-heading-title.elementor-size-large{font-size:29px}.elementor-widget-heading .elementor-heading-title.elementor-size-xl{font-size:39px}.elementor-widget-heading .elementor-heading-title.elementor-size-xxl{font-size:59px}<\/style><h2 class=\"elementor-heading-title elementor-size-default\">Adoptions from Bulgaria<br><br><\/h2>\t\t<\/div>\n\t\t\t\t<\/div>\n\t\t\t\t<div class=\"elementor-element elementor-element-6b71a61 elementor-widget elementor-widget-image\" data-id=\"6b71a61\" data-element_type=\"widget\" data-widget_type=\"image.default\">\n\t\t\t\t<div class=\"elementor-widget-container\">\n\t\t\t<style>\/*! elementor - v3.20.0 - 20-03-2024 *\/\n.elementor-widget-image{text-align:center}.elementor-widget-image a{display:inline-block}.elementor-widget-image a img[src$=\".svg\"]{width:48px}.elementor-widget-image img{vertical-align:middle;display:inline-block}<\/style>\t\t\t\t\t\t\t\t\t\t<img fetchpriority=\"high\" decoding=\"async\" width=\"300\" height=\"180\" src=\"https:\/\/www.ekb-pcb.de\/wp-content\/uploads\/2024\/01\/Flag_of_Bulgaria.svg_-300x180.png\" class=\"attachment-medium size-medium wp-image-2022\" alt=\"\" srcset=\"https:\/\/www.ekb-pcb.de\/wp-content\/uploads\/2024\/01\/Flag_of_Bulgaria.svg_-300x180.png 300w, https:\/\/www.ekb-pcb.de\/wp-content\/uploads\/2024\/01\/Flag_of_Bulgaria.svg_-18x12.png 18w, https:\/\/www.ekb-pcb.de\/wp-content\/uploads\/2024\/01\/Flag_of_Bulgaria.svg_.png 512w\" sizes=\"(max-width: 300px) 100vw, 300px\" \/>\t\t\t\t\t\t\t\t\t\t\t\t\t<\/div>\n\t\t\t\t<\/div>\n\t\t\t\t\t<\/div>\n\t\t\t\t<\/div>\n\t\t<div class=\"elementor-element elementor-element-5e91358 e-flex e-con-boxed e-con e-parent\" data-id=\"5e91358\" data-element_type=\"container\" data-core-v316-plus=\"true\">\n\t\t\t\t\t<div class=\"e-con-inner\">\n\t\t\t\t<div class=\"elementor-element elementor-element-bbf8ca0 elementor-widget elementor-widget-text-editor\" data-id=\"bbf8ca0\" data-element_type=\"widget\" data-widget_type=\"text-editor.default\">\n\t\t\t\t<div class=\"elementor-widget-container\">\n\t\t\t<style>\/*! elementor - v3.20.0 - 20-03-2024 *\/\n.elementor-widget-text-editor.elementor-drop-cap-view-stacked .elementor-drop-cap{background-color:#69727d;color:#fff}.elementor-widget-text-editor.elementor-drop-cap-view-framed .elementor-drop-cap{color:#69727d;border:3px solid;background-color:transparent}.elementor-widget-text-editor:not(.elementor-drop-cap-view-default) .elementor-drop-cap{margin-top:8px}.elementor-widget-text-editor:not(.elementor-drop-cap-view-default) .elementor-drop-cap-letter{width:1em;height:1em}.elementor-widget-text-editor .elementor-drop-cap{float:left;text-align:center;line-height:1;font-size:50px}.elementor-widget-text-editor .elementor-drop-cap-letter{display:inline-block}<\/style>\t\t\t\t<p>\u00a0<\/p><p>\u00a0<\/p>\t\t\t\t\t\t<\/div>\n\t\t\t\t<\/div>\n\t\t\t\t\t<\/div>\n\t\t\t\t<\/div>\n\t\t<div class=\"elementor-element elementor-element-74c8f63 e-flex e-con-boxed e-con e-parent\" data-id=\"74c8f63\" data-element_type=\"container\" data-core-v316-plus=\"true\">\n\t\t\t\t\t<div class=\"e-con-inner\">\n\t\t\t\t<div class=\"elementor-element elementor-element-bc743a6 elementor-widget elementor-widget-text-editor\" data-id=\"bc743a6\" data-element_type=\"widget\" data-widget_type=\"text-editor.default\">\n\t\t\t\t<div class=\"elementor-widget-container\">\n\t\t\t\t\t\t\t<p>In Bulgarien ist die Haager Konvention zum Schutz von Kindern und zur Zusammenarbeit bei internationalen Adoptionen (1993) seit September 2002 in Kraft. Das bulgarische Justizministerium wurde als zentrale Beh\u00f6rde f\u00fcr internationale Adoptionen benannt.&nbsp;<\/p>\n<p>Adoptionen erfolgen \u00fcber staatlich anerkannte Adoptionsvermittlungsstellen im Herkunftsland der Bewerber sowie \u00fcber akkreditierte Organisationen in Bulgarien. F\u00fcr die Bewerber und die zur Adoption freigegebenen Kinder gibt es eine zentrale Datenbank, die eine hohe Transparenz im Verfahren sicherstellt.<\/p>\n<p>Trotz der transparenten Abl\u00e4ufe sind die aktuellen Wartezeiten f\u00fcr eine Adoption jedoch erheblich.<\/p>\n<p>Insbesondere Kinder ab einem Alter von 6 Jahren stehen zur Vermittlung bereit.<\/p><p>Auch \u00e4ltere Paare d\u00fcrfen sich f\u00fcr Kinder ab Schulalter bewerben, aber 1 Partner sollte noch unter 48 Jahre alt sein.<\/p>\n<p>Bei weiteren Fragen oder f\u00fcr individuelle Beratung stehen wir Ihnen gerne zur Verf\u00fcgung!<\/p><p><br><\/p>\t\t\t\t\t\t<\/div>\n\t\t\t\t<\/div>\n\t\t\t\t\t<\/div>\n\t\t\t\t<\/div>\n\t\t\t\t<\/div>","protected":false},"excerpt":{"rendered":"<p>Adoptionen aus Bulgarien \u00a0 \u00a0 In Bulgarien ist die Haager Konvention zum Schutz von Kindern und zur Zusammenarbeit bei internationalen Adoptionen (1993) seit September 2002 in Kraft. Das bulgarische Justizministerium wurde als zentrale Beh\u00f6rde f\u00fcr internationale Adoptionen benannt.&nbsp; Adoptionen erfolgen \u00fcber staatlich anerkannte Adoptionsvermittlungsstellen im Herkunftsland der Bewerber sowie \u00fcber akkreditierte Organisationen in Bulgarien. F\u00fcr [&hellip;]<\/p>","protected":false},"author":1,"featured_media":0,"parent":0,"menu_order":0,"comment_status":"closed","ping_status":"closed","template":"","meta":{"footnotes":""},"class_list":["post-1679","page","type-page","status-publish","hentry"],"_links":{"self":[{"href":"https:\/\/www.ekb-pcb.de\/en\/wp-json\/wp\/v2\/pages\/1679","targetHints":{"allow":["GET"]}}],"collection":[{"href":"https:\/\/www.ekb-pcb.de\/en\/wp-json\/wp\/v2\/pages"}],"about":[{"href":"https:\/\/www.ekb-pcb.de\/en\/wp-json\/wp\/v2\/types\/page"}],"author":[{"embeddable":true,"href":"https:\/\/www.ekb-pcb.de\/en\/wp-json\/wp\/v2\/users\/1"}],"replies":[{"embeddable":true,"href":"https:\/\/www.ekb-pcb.de\/en\/wp-json\/wp\/v2\/comments?post=1679"}],"version-history":[{"count":48,"href":"https:\/\/www.ekb-pcb.de\/en\/wp-json\/wp\/v2\/pages\/1679\/revisions"}],"predecessor-version":[{"id":3233,"href":"https:\/\/www.ekb-pcb.de\/en\/wp-json\/wp\/v2\/pages\/1679\/revisions\/3233"}],"wp:attachment":[{"href":"https:\/\/www.ekb-pcb.de\/en\/wp-json\/wp\/v2\/media?parent=1679"}],"curies":[{"name":"wp","href":"https:\/\/api.w.org\/{rel}","templated":true}]}}