{"id":1689,"date":"2023-12-20T22:20:53","date_gmt":"2023-12-20T21:20:53","guid":{"rendered":"https:\/\/www.ekb-pcb.de\/?page_id=1689"},"modified":"2026-03-26T09:50:43","modified_gmt":"2026-03-26T08:50:43","slug":"aktuelles-2","status":"publish","type":"page","link":"https:\/\/www.ekb-pcb.de\/en\/aktuelles-2\/","title":{"rendered":"Updates"},"content":{"rendered":"<div data-elementor-type=\"wp-page\" data-elementor-id=\"1689\" class=\"elementor elementor-1689\" data-elementor-post-type=\"page\">\n\t\t\t\t<div class=\"elementor-element elementor-element-517d798c e-flex e-con-boxed e-con e-parent\" data-id=\"517d798c\" data-element_type=\"container\" data-core-v316-plus=\"true\">\n\t\t\t\t\t<div class=\"e-con-inner\">\n\t\t\t\t<div class=\"elementor-element elementor-element-451da9df elementor-widget elementor-widget-text-editor\" data-id=\"451da9df\" data-element_type=\"widget\" data-widget_type=\"text-editor.default\">\n\t\t\t\t<div class=\"elementor-widget-container\">\n\t\t\t<style>\/*! elementor - v3.20.0 - 20-03-2024 *\/\n.elementor-widget-text-editor.elementor-drop-cap-view-stacked .elementor-drop-cap{background-color:#69727d;color:#fff}.elementor-widget-text-editor.elementor-drop-cap-view-framed .elementor-drop-cap{color:#69727d;border:3px solid;background-color:transparent}.elementor-widget-text-editor:not(.elementor-drop-cap-view-default) .elementor-drop-cap{margin-top:8px}.elementor-widget-text-editor:not(.elementor-drop-cap-view-default) .elementor-drop-cap-letter{width:1em;height:1em}.elementor-widget-text-editor .elementor-drop-cap{float:left;text-align:center;line-height:1;font-size:50px}.elementor-widget-text-editor .elementor-drop-cap-letter{display:inline-block}<\/style>\t\t\t\t<h2>Updates<\/h2><h2>2026<\/h2><p><strong>March<\/strong><\/p><p data-start=\"845\" data-end=\"1081\">Nach einer langen Zeit des Wartens ist endlich der gro\u00dfe Moment gekommen. Die dreik\u00f6pfige Familie konnte ihr zweites Kind\u00a0 in Taiwan abholen und und gemeinsam nach Deutschland reisen. F\u00fcr diesen neuen Lebensabschnitt alles Liebe, viel Freude, Geborgenheit und viele unvergessliche erste gemeinsame Momente.\u00a0Ein besonderer Dank gilt allen Beteiligten, der \u00dcbersetzerin sowie unserem Kooperationspartner, die diesen Weg mit viel Professionalit\u00e4t, Engagement und Herz begleitet haben.<\/p><p><strong>February<\/strong><\/p><p>26.02.2026<\/p><p><strong data-start=\"76\" data-end=\"139\">Wir freuen uns sehr \u00fcber die erste Einreise in diesem Jahr.<\/strong><br data-start=\"139\" data-end=\"142\" \/>Die Geschwisterkinder aus Thailand hei\u00dfen wir in ihrer Adoptivfamilie herzlich willkommen. Wir w\u00fcnschen der Familie und den Kindern ein gutes Ankommen und eine wunderbare gemeinsame Zukunft. Allen beteiligten Stellen danken wir sehr herzlich, die dieses z\u00fcgige Adoptionsverfahren m\u00f6glich gemacht haben.<\/p><p data-start=\"500\" data-end=\"536\">\u00a0<\/p>\t\t\t\t\t\t<\/div>\n\t\t\t\t<\/div>\n\t\t\t\t\t<\/div>\n\t\t\t\t<\/div>\n\t\t\t\t<\/div>","protected":false},"excerpt":{"rendered":"<p>Aktuelles 2026 M\u00e4rz Nach einer langen Zeit des Wartens ist endlich der gro\u00dfe Moment gekommen. Die dreik\u00f6pfige Familie konnte ihr zweites Kind\u00a0 in Taiwan abholen und und gemeinsam nach Deutschland reisen. F\u00fcr diesen neuen Lebensabschnitt alles Liebe, viel Freude, Geborgenheit und viele unvergessliche erste gemeinsame Momente.\u00a0Ein besonderer Dank gilt allen Beteiligten, der \u00dcbersetzerin sowie unserem [&hellip;]<\/p>","protected":false},"author":1,"featured_media":0,"parent":0,"menu_order":0,"comment_status":"closed","ping_status":"closed","template":"","meta":{"footnotes":""},"class_list":["post-1689","page","type-page","status-publish","hentry"],"_links":{"self":[{"href":"https:\/\/www.ekb-pcb.de\/en\/wp-json\/wp\/v2\/pages\/1689","targetHints":{"allow":["GET"]}}],"collection":[{"href":"https:\/\/www.ekb-pcb.de\/en\/wp-json\/wp\/v2\/pages"}],"about":[{"href":"https:\/\/www.ekb-pcb.de\/en\/wp-json\/wp\/v2\/types\/page"}],"author":[{"embeddable":true,"href":"https:\/\/www.ekb-pcb.de\/en\/wp-json\/wp\/v2\/users\/1"}],"replies":[{"embeddable":true,"href":"https:\/\/www.ekb-pcb.de\/en\/wp-json\/wp\/v2\/comments?post=1689"}],"version-history":[{"count":382,"href":"https:\/\/www.ekb-pcb.de\/en\/wp-json\/wp\/v2\/pages\/1689\/revisions"}],"predecessor-version":[{"id":3687,"href":"https:\/\/www.ekb-pcb.de\/en\/wp-json\/wp\/v2\/pages\/1689\/revisions\/3687"}],"wp:attachment":[{"href":"https:\/\/www.ekb-pcb.de\/en\/wp-json\/wp\/v2\/media?parent=1689"}],"curies":[{"name":"wp","href":"https:\/\/api.w.org\/{rel}","templated":true}]}}