{"id":20,"date":"2023-12-13T18:16:57","date_gmt":"2023-12-13T17:16:57","guid":{"rendered":"https:\/\/www.ekb-pcb.de\/?page_id=20"},"modified":"2024-10-15T13:54:42","modified_gmt":"2024-10-15T11:54:42","slug":"verein","status":"publish","type":"page","link":"https:\/\/www.ekb-pcb.de\/en\/verein\/","title":{"rendered":"Organization"},"content":{"rendered":"<div data-elementor-type=\"wp-page\" data-elementor-id=\"20\" class=\"elementor elementor-20\" data-elementor-post-type=\"page\">\n\t\t\t\t<div class=\"elementor-element elementor-element-63814a71 e-flex e-con-boxed e-con e-parent\" data-id=\"63814a71\" data-element_type=\"container\" data-core-v316-plus=\"true\">\n\t\t\t\t\t<div class=\"e-con-inner\">\n\t\t\t\t<div class=\"elementor-element elementor-element-71c7c7c8 elementor-widget elementor-widget-text-editor\" data-id=\"71c7c7c8\" data-element_type=\"widget\" data-widget_type=\"text-editor.default\">\n\t\t\t\t<div class=\"elementor-widget-container\">\n\t\t\t<style>\/*! elementor - v3.20.0 - 20-03-2024 *\/\n.elementor-widget-text-editor.elementor-drop-cap-view-stacked .elementor-drop-cap{background-color:#69727d;color:#fff}.elementor-widget-text-editor.elementor-drop-cap-view-framed .elementor-drop-cap{color:#69727d;border:3px solid;background-color:transparent}.elementor-widget-text-editor:not(.elementor-drop-cap-view-default) .elementor-drop-cap{margin-top:8px}.elementor-widget-text-editor:not(.elementor-drop-cap-view-default) .elementor-drop-cap-letter{width:1em;height:1em}.elementor-widget-text-editor .elementor-drop-cap{float:left;text-align:center;line-height:1;font-size:50px}.elementor-widget-text-editor .elementor-drop-cap-letter{display:inline-block}<\/style>\t\t\t\t<h2>Parents-Child-Bridge<\/h2><p>Parents-Child-Bridge is a state-approved agency for international adoptions in accordance with \u00a7 4 of the German Adoption Placement Act (AdVermiG).\u00a0\u00a0<span style=\"color: var( --e-global-color-text );letter-spacing: 0px;text-align: var(--text-align);background-color: var( --e-global-color-d99024c )\">Wir sind berechtigt, in Zusammenarbeit mit den L\u00e4ndern Taiwan, Thailand, Lettland, Tschechien und Polen Adoptionsvermittlung durchzuf\u00fchren.<\/span><\/p><p><span style=\"color: var( --e-global-color-text );letter-spacing: 0px;text-align: var(--text-align);background-color: var( --e-global-color-d99024c )\">Der Verein ist seit 1998 als Verein beim Registergericht Heidelberg eingetragen und seitdem als gemeinn\u00fctziger Verein der Kinder- und Jugendpflege anerkannt. Im Juli 2000 folgte dann die Anerkennung als Tr\u00e4ger der freien Jugendhilfe und im November 2001 die Anerkennung als staatlich anerkannte Vermittlungsstelle f\u00fcr Auslandsadoptionen. S<\/span><span style=\"color: var( --e-global-color-text );letter-spacing: 0px;text-align: var(--text-align);background-color: var( --e-global-color-d99024c )\">eit 21.08.2002 liegt die Neuzulassung nach Haager Konvention vor. Seit 2005 ist der Verein zertifiziertes Mitglied von EurAdopt.\u00a0<\/span><\/p><p><span style=\"background-color: var( --e-global-color-d99024c );color: var( --e-global-color-text );letter-spacing: 0px;text-align: var(--text-align)\">Der Adoptionsdienst arbeitet auf der Grundlage der Bestimmungen der Haager Konvention vom 29.05.1993 zum Schutz des Kindes und zur internationalen Zusammenarbeit im Bereich der Adoption.<\/span><\/p><p>The main focus of the organisation is the placement, support and accompaniment of adoptions of abandoned children from abroad. An important aspect is the aftercare and support of adoption applicants, adoptive children as well as adoptive families and families of origin. In addition, the association offers grants for families and social projects at home and abroad, parent coaching, educational counselling and biography work. It also provides support in tracing the biological roots of adopted children.<\/p><p>Seit seiner Gr\u00fcndung vor 25 Jahren hat der Verein knapp 600 Kinder nach Deutschland vermittelt, die hier neue Familien und ein gl\u00fcckliches Leben gefunden haben. Viele dieser Kinder stehen noch immer in Kontakt mit dem Verein, der regelm\u00e4\u00dfige Familientreffen, Biografiegruppen und Jugendgruppen organisiert. Es ist beeindruckend zu beobachten, wie sich diese Kinder entwickeln und welche Chancen sie haben.<\/p><p><span style=\"color: var( --e-global-color-text );letter-spacing: 0px;text-align: var(--text-align);background-color: var( --e-global-color-d99024c )\">\u00a0<\/span><\/p>\t\t\t\t\t\t<\/div>\n\t\t\t\t<\/div>\n\t\t\t\t\t<\/div>\n\t\t\t\t<\/div>\n\t\t\t\t<\/div>","protected":false},"excerpt":{"rendered":"<p>Eltern-Kind-Br\u00fccke e.V Der Verein Eltern-Kind-Br\u00fccke e.V. ist eine staatlich anerkannte Vermittlungsstelle f\u00fcr Auslandsadoptionen gem\u00e4\u00df \u00a7 4 Adoptionsvermittlungsgesetz (AdVermiG).\u00a0\u00a0Wir sind berechtigt, in Zusammenarbeit mit den L\u00e4ndern Taiwan, Thailand, Lettland, Tschechien und Polen Adoptionsvermittlung durchzuf\u00fchren. Der Verein ist seit 1998 als Verein beim Registergericht Heidelberg eingetragen und seitdem als gemeinn\u00fctziger Verein der Kinder- und Jugendpflege anerkannt. Im [&hellip;]<\/p>","protected":false},"author":1,"featured_media":0,"parent":0,"menu_order":0,"comment_status":"closed","ping_status":"closed","template":"","meta":{"footnotes":""},"class_list":["post-20","page","type-page","status-publish","hentry"],"_links":{"self":[{"href":"https:\/\/www.ekb-pcb.de\/en\/wp-json\/wp\/v2\/pages\/20","targetHints":{"allow":["GET"]}}],"collection":[{"href":"https:\/\/www.ekb-pcb.de\/en\/wp-json\/wp\/v2\/pages"}],"about":[{"href":"https:\/\/www.ekb-pcb.de\/en\/wp-json\/wp\/v2\/types\/page"}],"author":[{"embeddable":true,"href":"https:\/\/www.ekb-pcb.de\/en\/wp-json\/wp\/v2\/users\/1"}],"replies":[{"embeddable":true,"href":"https:\/\/www.ekb-pcb.de\/en\/wp-json\/wp\/v2\/comments?post=20"}],"version-history":[{"count":77,"href":"https:\/\/www.ekb-pcb.de\/en\/wp-json\/wp\/v2\/pages\/20\/revisions"}],"predecessor-version":[{"id":3058,"href":"https:\/\/www.ekb-pcb.de\/en\/wp-json\/wp\/v2\/pages\/20\/revisions\/3058"}],"wp:attachment":[{"href":"https:\/\/www.ekb-pcb.de\/en\/wp-json\/wp\/v2\/media?parent=20"}],"curies":[{"name":"wp","href":"https:\/\/api.w.org\/{rel}","templated":true}]}}