{"id":22,"date":"2023-12-13T18:17:14","date_gmt":"2023-12-13T17:17:14","guid":{"rendered":"https:\/\/www.ekb-pcb.de\/?page_id=22"},"modified":"2025-03-12T12:16:05","modified_gmt":"2025-03-12T11:16:05","slug":"kosten","status":"publish","type":"page","link":"https:\/\/www.ekb-pcb.de\/en\/kosten\/","title":{"rendered":"Cost"},"content":{"rendered":"<div data-elementor-type=\"wp-page\" data-elementor-id=\"22\" class=\"elementor elementor-22\" data-elementor-post-type=\"page\">\n\t\t\t\t<div class=\"elementor-element elementor-element-1b0f126b e-flex e-con-boxed e-con e-parent\" data-id=\"1b0f126b\" data-element_type=\"container\" data-core-v316-plus=\"true\">\n\t\t\t\t\t<div class=\"e-con-inner\">\n\t\t\t\t<div class=\"elementor-element elementor-element-7ebc5a00 elementor-widget elementor-widget-text-editor\" data-id=\"7ebc5a00\" data-element_type=\"widget\" data-widget_type=\"text-editor.default\">\n\t\t\t\t<div class=\"elementor-widget-container\">\n\t\t\t<style>\/*! elementor - v3.20.0 - 20-03-2024 *\/\n.elementor-widget-text-editor.elementor-drop-cap-view-stacked .elementor-drop-cap{background-color:#69727d;color:#fff}.elementor-widget-text-editor.elementor-drop-cap-view-framed .elementor-drop-cap{color:#69727d;border:3px solid;background-color:transparent}.elementor-widget-text-editor:not(.elementor-drop-cap-view-default) .elementor-drop-cap{margin-top:8px}.elementor-widget-text-editor:not(.elementor-drop-cap-view-default) .elementor-drop-cap-letter{width:1em;height:1em}.elementor-widget-text-editor .elementor-drop-cap{float:left;text-align:center;line-height:1;font-size:50px}.elementor-widget-text-editor .elementor-drop-cap-letter{display:inline-block}<\/style>\t\t\t\t<h2>Cost<\/h2><p>As a state-approved Adoption Service, Parents-Child-Bridge must fulfil all professional and personnel requirements without receiving state subsidies. This means that the entire work is financed by <strong>the processing fees.<\/strong> These are costs for legal assistance. <strong>The child to be adopted is completely free of charge. free of charge.<\/strong><\/p><p>Im Vorfeld eines Adoptionsverfahrens \u00fcber unseren Dienst bieten wir ausf\u00fchrliche telefonische Informationsgespr\u00e4che an. Pers\u00f6nliches Kennenlernen und Einzelfallberatung in unserem Hause ist nach Absprache ebenfalls m\u00f6glich (\u20ac 90,- max. 90 Minuten)<\/p><h6><strong>Inlandskosten<\/strong><\/h6><p>Unsere Kostenpauschale Inland f\u00fcr die Bearbeitung Ihres Antrages einschlie\u00dflich spezieller Eignungs\u00fcberpr\u00fcfung, L\u00e4nderabschlussgespr\u00e4ch und Verwaltungsumlage betr\u00e4gt insgesamt 7.280 \u20ac. Dieser Betrag ist in drei Raten im Verlauf des Adoptionsverfahren zu zahlen.<\/p><h6><strong>Auslandskosten<\/strong><\/h6><p>Country fees for the adoption process are charged separately. Depending on the country, the fees range from \u20ac10,900 to \u20ac20,000.<\/p><p>F\u00fcr die Vermittlung von Geschwisterkindern wird eine zus\u00e4tzliche Verwaltungsgeb\u00fchr von 3.500\u20ac berechnet.<\/p><h6><strong>Other costs<\/strong><\/h6><p>Other costs include translations, psychological reports, certifications, shipping and local support for the process by our partner organisation.\u00a0<\/p>\t\t\t\t\t\t<\/div>\n\t\t\t\t<\/div>\n\t\t\t\t\t<\/div>\n\t\t\t\t<\/div>\n\t\t\t\t<\/div>","protected":false},"excerpt":{"rendered":"<p>Verfahrenskosten Als staatlich zugelassene Vermittlungsstelle muss die\u00a0 Eltern-Kind-Br\u00fccke e.V. alle\u00a0 fachlichen und personellen Anforderungen erf\u00fcllen, ohne dabei jedoch staatliche Zusch\u00fcsse zu erhalten. Das hei\u00dft, dass die gesamte Arbeit sich komplett \u00fcber die Bearbeitungsgeb\u00fchren finanziert.\u00a0Es handelt sich dabei um Kosten f\u00fcr Prozesskostenbegleitung. Das zu adoptierte Kind ist dabei v\u00f6llig kostenlos. Im Vorfeld eines Adoptionsverfahrens \u00fcber unseren [&hellip;]<\/p>","protected":false},"author":1,"featured_media":0,"parent":0,"menu_order":0,"comment_status":"closed","ping_status":"closed","template":"","meta":{"footnotes":""},"class_list":["post-22","page","type-page","status-publish","hentry"],"_links":{"self":[{"href":"https:\/\/www.ekb-pcb.de\/en\/wp-json\/wp\/v2\/pages\/22","targetHints":{"allow":["GET"]}}],"collection":[{"href":"https:\/\/www.ekb-pcb.de\/en\/wp-json\/wp\/v2\/pages"}],"about":[{"href":"https:\/\/www.ekb-pcb.de\/en\/wp-json\/wp\/v2\/types\/page"}],"author":[{"embeddable":true,"href":"https:\/\/www.ekb-pcb.de\/en\/wp-json\/wp\/v2\/users\/1"}],"replies":[{"embeddable":true,"href":"https:\/\/www.ekb-pcb.de\/en\/wp-json\/wp\/v2\/comments?post=22"}],"version-history":[{"count":31,"href":"https:\/\/www.ekb-pcb.de\/en\/wp-json\/wp\/v2\/pages\/22\/revisions"}],"predecessor-version":[{"id":3227,"href":"https:\/\/www.ekb-pcb.de\/en\/wp-json\/wp\/v2\/pages\/22\/revisions\/3227"}],"wp:attachment":[{"href":"https:\/\/www.ekb-pcb.de\/en\/wp-json\/wp\/v2\/media?parent=22"}],"curies":[{"name":"wp","href":"https:\/\/api.w.org\/{rel}","templated":true}]}}