{"id":2297,"date":"2024-01-16T12:43:27","date_gmt":"2024-01-16T11:43:27","guid":{"rendered":"https:\/\/www.ekb-pcb.de\/?page_id=2297"},"modified":"2024-09-05T12:20:34","modified_gmt":"2024-09-05T10:20:34","slug":"tschechien","status":"publish","type":"page","link":"https:\/\/www.ekb-pcb.de\/en\/tschechien\/","title":{"rendered":"Czech Republic"},"content":{"rendered":"<div data-elementor-type=\"wp-page\" data-elementor-id=\"2297\" class=\"elementor elementor-2297\" data-elementor-post-type=\"page\">\n\t\t\t\t<div class=\"elementor-element elementor-element-5c55eec e-flex e-con-boxed e-con e-parent\" data-id=\"5c55eec\" data-element_type=\"container\" data-core-v316-plus=\"true\">\n\t\t\t\t\t<div class=\"e-con-inner\">\n\t\t\t\t<div class=\"elementor-element elementor-element-05a4950 elementor-widget elementor-widget-heading\" data-id=\"05a4950\" data-element_type=\"widget\" data-widget_type=\"heading.default\">\n\t\t\t\t<div class=\"elementor-widget-container\">\n\t\t\t<style>\/*! elementor - v3.20.0 - 20-03-2024 *\/\n.elementor-heading-title{padding:0;margin:0;line-height:1}.elementor-widget-heading .elementor-heading-title[class*=elementor-size-]>a{color:inherit;font-size:inherit;line-height:inherit}.elementor-widget-heading .elementor-heading-title.elementor-size-small{font-size:15px}.elementor-widget-heading .elementor-heading-title.elementor-size-medium{font-size:19px}.elementor-widget-heading .elementor-heading-title.elementor-size-large{font-size:29px}.elementor-widget-heading .elementor-heading-title.elementor-size-xl{font-size:39px}.elementor-widget-heading .elementor-heading-title.elementor-size-xxl{font-size:59px}<\/style><h2 class=\"elementor-heading-title elementor-size-default\">Adoptions from Czech Republic<br><br><\/h2>\t\t<\/div>\n\t\t\t\t<\/div>\n\t\t\t\t<div class=\"elementor-element elementor-element-08747f8 elementor-widget elementor-widget-image\" data-id=\"08747f8\" data-element_type=\"widget\" data-widget_type=\"image.default\">\n\t\t\t\t<div class=\"elementor-widget-container\">\n\t\t\t<style>\/*! elementor - v3.20.0 - 20-03-2024 *\/\n.elementor-widget-image{text-align:center}.elementor-widget-image a{display:inline-block}.elementor-widget-image a img[src$=\".svg\"]{width:48px}.elementor-widget-image img{vertical-align:middle;display:inline-block}<\/style>\t\t\t\t\t\t\t\t\t\t<img fetchpriority=\"high\" decoding=\"async\" width=\"300\" height=\"199\" src=\"https:\/\/www.ekb-pcb.de\/wp-content\/uploads\/2024\/01\/Flagge_Tschechien-300x199.jpg\" class=\"attachment-medium size-medium wp-image-2385\" alt=\"\" srcset=\"https:\/\/www.ekb-pcb.de\/wp-content\/uploads\/2024\/01\/Flagge_Tschechien-300x199.jpg 300w, https:\/\/www.ekb-pcb.de\/wp-content\/uploads\/2024\/01\/Flagge_Tschechien-18x12.jpg 18w, https:\/\/www.ekb-pcb.de\/wp-content\/uploads\/2024\/01\/Flagge_Tschechien.jpg 512w\" sizes=\"(max-width: 300px) 100vw, 300px\" \/>\t\t\t\t\t\t\t\t\t\t\t\t\t<\/div>\n\t\t\t\t<\/div>\n\t\t\t\t\t<\/div>\n\t\t\t\t<\/div>\n\t\t<div class=\"elementor-element elementor-element-ec32260 e-flex e-con-boxed e-con e-parent\" data-id=\"ec32260\" data-element_type=\"container\" data-core-v316-plus=\"true\">\n\t\t\t\t\t<div class=\"e-con-inner\">\n\t\t\t\t<div class=\"elementor-element elementor-element-a2038f5 elementor-widget elementor-widget-text-editor\" data-id=\"a2038f5\" data-element_type=\"widget\" data-widget_type=\"text-editor.default\">\n\t\t\t\t<div class=\"elementor-widget-container\">\n\t\t\t<style>\/*! elementor - v3.20.0 - 20-03-2024 *\/\n.elementor-widget-text-editor.elementor-drop-cap-view-stacked .elementor-drop-cap{background-color:#69727d;color:#fff}.elementor-widget-text-editor.elementor-drop-cap-view-framed .elementor-drop-cap{color:#69727d;border:3px solid;background-color:transparent}.elementor-widget-text-editor:not(.elementor-drop-cap-view-default) .elementor-drop-cap{margin-top:8px}.elementor-widget-text-editor:not(.elementor-drop-cap-view-default) .elementor-drop-cap-letter{width:1em;height:1em}.elementor-widget-text-editor .elementor-drop-cap{float:left;text-align:center;line-height:1;font-size:50px}.elementor-widget-text-editor .elementor-drop-cap-letter{display:inline-block}<\/style>\t\t\t\t<p>Tschechien hat im Jahre 2000 das Haager Abkommen zum Schutze des Kindes gezeichnet und 2001 ratifiziert und in Kraft gesetzt.<\/p><p>Demgem\u00e4\u00df werden Auslandsadoptionen im Sinne des Durchf\u00fchrungsgesetzes der Haager Konvention, sowie der UN-Konvention zum Kinderschutz durchgef\u00fchrt.<\/p><p>Im Juni des Jahres 2001 wurde eine zentrale Stelle in Brno eingerichtet, die Adoptionen nach dem Prinzip der Subsidiarit\u00e4t, d.h. Inlandsadoptionen haben Vorrang vor Auslandsadoptionen, bearbeitet.<\/p><p>Es handelt sich dabei fast ausschlie\u00dflich um Sinti- und Roma-Kinder.<\/p><p>Aktuell ist das Aktenkontingent voll, daher k\u00f6nnen keine weiteren Bewerbungen angenommen werden!<\/p><p>Bei Fragen wenden Sie sich gerne an uns!<\/p>\t\t\t\t\t\t<\/div>\n\t\t\t\t<\/div>\n\t\t\t\t\t<\/div>\n\t\t\t\t<\/div>\n\t\t\t\t<\/div>","protected":false},"excerpt":{"rendered":"<p>Adoptionen aus Tschechien Tschechien hat im Jahre 2000 das Haager Abkommen zum Schutze des Kindes gezeichnet und 2001 ratifiziert und in Kraft gesetzt. Demgem\u00e4\u00df werden Auslandsadoptionen im Sinne des Durchf\u00fchrungsgesetzes der Haager Konvention, sowie der UN-Konvention zum Kinderschutz durchgef\u00fchrt. Im Juni des Jahres 2001 wurde eine zentrale Stelle in Brno eingerichtet, die Adoptionen nach dem [&hellip;]<\/p>","protected":false},"author":1,"featured_media":0,"parent":0,"menu_order":0,"comment_status":"closed","ping_status":"closed","template":"","meta":{"footnotes":""},"class_list":["post-2297","page","type-page","status-publish","hentry"],"_links":{"self":[{"href":"https:\/\/www.ekb-pcb.de\/en\/wp-json\/wp\/v2\/pages\/2297","targetHints":{"allow":["GET"]}}],"collection":[{"href":"https:\/\/www.ekb-pcb.de\/en\/wp-json\/wp\/v2\/pages"}],"about":[{"href":"https:\/\/www.ekb-pcb.de\/en\/wp-json\/wp\/v2\/types\/page"}],"author":[{"embeddable":true,"href":"https:\/\/www.ekb-pcb.de\/en\/wp-json\/wp\/v2\/users\/1"}],"replies":[{"embeddable":true,"href":"https:\/\/www.ekb-pcb.de\/en\/wp-json\/wp\/v2\/comments?post=2297"}],"version-history":[{"count":40,"href":"https:\/\/www.ekb-pcb.de\/en\/wp-json\/wp\/v2\/pages\/2297\/revisions"}],"predecessor-version":[{"id":2868,"href":"https:\/\/www.ekb-pcb.de\/en\/wp-json\/wp\/v2\/pages\/2297\/revisions\/2868"}],"wp:attachment":[{"href":"https:\/\/www.ekb-pcb.de\/en\/wp-json\/wp\/v2\/media?parent=2297"}],"curies":[{"name":"wp","href":"https:\/\/api.w.org\/{rel}","templated":true}]}}