{"id":2966,"date":"2024-10-01T16:03:18","date_gmt":"2024-10-01T14:03:18","guid":{"rendered":"https:\/\/www.ekb-pcb.de\/?page_id=2966"},"modified":"2024-10-01T16:11:20","modified_gmt":"2024-10-01T14:11:20","slug":"unser-netzwerk-von-adoptiveltern","status":"publish","type":"page","link":"https:\/\/www.ekb-pcb.de\/en\/unser-netzwerk-von-adoptiveltern\/","title":{"rendered":"Our network of adoptive parents"},"content":{"rendered":"<div data-elementor-type=\"wp-page\" data-elementor-id=\"2966\" class=\"elementor elementor-2966\" data-elementor-post-type=\"page\">\n\t\t\t\t<div class=\"elementor-element elementor-element-55d4777 e-flex e-con-boxed e-con e-parent\" data-id=\"55d4777\" data-element_type=\"container\" data-core-v316-plus=\"true\">\n\t\t\t\t\t<div class=\"e-con-inner\">\n\t\t\t\t<div class=\"elementor-element elementor-element-dd3caa2 elementor-widget elementor-widget-text-editor\" data-id=\"dd3caa2\" data-element_type=\"widget\" data-widget_type=\"text-editor.default\">\n\t\t\t\t<div class=\"elementor-widget-container\">\n\t\t\t<style>\/*! elementor - v3.20.0 - 20-03-2024 *\/\n.elementor-widget-text-editor.elementor-drop-cap-view-stacked .elementor-drop-cap{background-color:#69727d;color:#fff}.elementor-widget-text-editor.elementor-drop-cap-view-framed .elementor-drop-cap{color:#69727d;border:3px solid;background-color:transparent}.elementor-widget-text-editor:not(.elementor-drop-cap-view-default) .elementor-drop-cap{margin-top:8px}.elementor-widget-text-editor:not(.elementor-drop-cap-view-default) .elementor-drop-cap-letter{width:1em;height:1em}.elementor-widget-text-editor .elementor-drop-cap{float:left;text-align:center;line-height:1;font-size:50px}.elementor-widget-text-editor .elementor-drop-cap-letter{display:inline-block}<\/style>\t\t\t\t<h2>Our network of adoptive parents<\/h2><p>A key aspect of our organisation is the extensive network of adoptive parents that we have built up over the years. This network not only provides future parents with valuable insight and support in the adoption process, but also creates a stable and supportive community for the adopted children.<\/p><p>The sharing of experiences and challenges creates strong bonds between families. For the adopted children, this means growing up in an environment where there are other children with similar experiences. This not only boosts their self-confidence, but also helps them to better understand their own identity. Adoptive parents can support each other and benefit from each other's experiences, making the whole adoption process easier and contributing to a successful transition into new family life.<\/p><p>For adoptive families, our network offers a unique opportunity to connect with others, gain valuable tips and involve their adopted children in a strong, supportive community.<\/p>\t\t\t\t\t\t<\/div>\n\t\t\t\t<\/div>\n\t\t\t\t\t<\/div>\n\t\t\t\t<\/div>\n\t\t\t\t<\/div>","protected":false},"excerpt":{"rendered":"<p>Unser Netzwerk von Adoptiveltern Ein wesentlicher Aspekt unserer Organisation ist das umfassende Netzwerk von Adoptiveltern, das wir \u00fcber die Jahre aufgebaut haben. Dieses Netzwerk bietet nicht nur zuk\u00fcnftigen Eltern wertvolle Einblicke und Hilfestellungen im Adoptionsprozess, sondern schafft auch f\u00fcr die Adoptivkinder eine stabile und unterst\u00fctzende Gemeinschaft. Durch den Austausch von Erfahrungen und das Teilen von [&hellip;]<\/p>","protected":false},"author":1,"featured_media":0,"parent":0,"menu_order":0,"comment_status":"closed","ping_status":"closed","template":"","meta":{"footnotes":""},"class_list":["post-2966","page","type-page","status-publish","hentry"],"_links":{"self":[{"href":"https:\/\/www.ekb-pcb.de\/en\/wp-json\/wp\/v2\/pages\/2966","targetHints":{"allow":["GET"]}}],"collection":[{"href":"https:\/\/www.ekb-pcb.de\/en\/wp-json\/wp\/v2\/pages"}],"about":[{"href":"https:\/\/www.ekb-pcb.de\/en\/wp-json\/wp\/v2\/types\/page"}],"author":[{"embeddable":true,"href":"https:\/\/www.ekb-pcb.de\/en\/wp-json\/wp\/v2\/users\/1"}],"replies":[{"embeddable":true,"href":"https:\/\/www.ekb-pcb.de\/en\/wp-json\/wp\/v2\/comments?post=2966"}],"version-history":[{"count":3,"href":"https:\/\/www.ekb-pcb.de\/en\/wp-json\/wp\/v2\/pages\/2966\/revisions"}],"predecessor-version":[{"id":2970,"href":"https:\/\/www.ekb-pcb.de\/en\/wp-json\/wp\/v2\/pages\/2966\/revisions\/2970"}],"wp:attachment":[{"href":"https:\/\/www.ekb-pcb.de\/en\/wp-json\/wp\/v2\/media?parent=2966"}],"curies":[{"name":"wp","href":"https:\/\/api.w.org\/{rel}","templated":true}]}}