{"id":30,"date":"2023-12-13T18:18:49","date_gmt":"2023-12-13T17:18:49","guid":{"rendered":"https:\/\/www.ekb-pcb.de\/?page_id=30"},"modified":"2024-01-22T11:38:03","modified_gmt":"2024-01-22T10:38:03","slug":"voraussetzungen","status":"publish","type":"page","link":"https:\/\/www.ekb-pcb.de\/en\/voraussetzungen\/","title":{"rendered":"Requirements"},"content":{"rendered":"<div data-elementor-type=\"wp-page\" data-elementor-id=\"30\" class=\"elementor elementor-30\" data-elementor-post-type=\"page\">\n\t\t\t\t<div class=\"elementor-element elementor-element-1d6663a3 e-flex e-con-boxed e-con e-parent\" data-id=\"1d6663a3\" data-element_type=\"container\" data-core-v316-plus=\"true\">\n\t\t\t\t\t<div class=\"e-con-inner\">\n\t\t\t\t<div class=\"elementor-element elementor-element-1889ef11 elementor-widget elementor-widget-text-editor\" data-id=\"1889ef11\" data-element_type=\"widget\" data-widget_type=\"text-editor.default\">\n\t\t\t\t<div class=\"elementor-widget-container\">\n\t\t\t<style>\/*! elementor - v3.20.0 - 20-03-2024 *\/\n.elementor-widget-text-editor.elementor-drop-cap-view-stacked .elementor-drop-cap{background-color:#69727d;color:#fff}.elementor-widget-text-editor.elementor-drop-cap-view-framed .elementor-drop-cap{color:#69727d;border:3px solid;background-color:transparent}.elementor-widget-text-editor:not(.elementor-drop-cap-view-default) .elementor-drop-cap{margin-top:8px}.elementor-widget-text-editor:not(.elementor-drop-cap-view-default) .elementor-drop-cap-letter{width:1em;height:1em}.elementor-widget-text-editor .elementor-drop-cap{float:left;text-align:center;line-height:1;font-size:50px}.elementor-widget-text-editor .elementor-drop-cap-letter{display:inline-block}<\/style>\t\t\t\t<h2>Requirements<\/h2><p>We are looking for parents for children who already have a more or less painful history and need a lot of understanding and patience.<\/p><p>Special requirements are therefore placed on these parents:<\/p><ul><li>They must be willing to maintain an intensive dialogue with our organisation, both during the preparation phase and after the procedure.<\/li><li>They need to be particularly caring, patient and resilient.<\/li><li>They must treat the child's country of origin and personal past with sensitivity and respect.<\/li><li>They must be willing to spend a lot of time with the child and to support the child's integration in a responsible way.<\/li><\/ul><p>Our many years of experience has resulted in the following guidelines for the selection of applicants in the context of the German Adoption Act:<\/p><ul><li>Adoption applicants should normally be married and between the ages of 25 and 45. Exceptions may be made for older children or children who are difficult to place. Parents should be of an appropriate age for the child.<\/li><li>The place of residence must be in Germany.<\/li><li>There must be a willingness to come to terms with one's own involuntary childlessness or the decision to adopt.<\/li><li>Applicants must be in good health and have a clean criminal record.<\/li><li>There must be stability in the family's working, living and income situation, as well as in the adoptive parents' partnership.<\/li><li>Readiness for career change if you have a child.<\/li><\/ul>\t\t\t\t\t\t<\/div>\n\t\t\t\t<\/div>\n\t\t\t\t\t<\/div>\n\t\t\t\t<\/div>\n\t\t\t\t<\/div>","protected":false},"excerpt":{"rendered":"<p>Voraussetzungen Wir suchen Eltern f\u00fcr Kinder, die bereits eine mehr oder weniger leidvolle Vorgeschichte mitbringen und viel Verst\u00e4ndnis und Geduld brauchen. An diese Eltern werden daher besondere Anforderungen gestellt: Sie m\u00fcssen bereit sein, sowohl in der Vorbereitungsphase als auch nach Abschluss des Verfahrens einen intensiven Dialog mit unserer Organisation zu f\u00fchren. Sie m\u00fcssen besonders liebevoll, [&hellip;]<\/p>","protected":false},"author":1,"featured_media":0,"parent":0,"menu_order":0,"comment_status":"closed","ping_status":"closed","template":"","meta":{"footnotes":""},"class_list":["post-30","page","type-page","status-publish","hentry"],"_links":{"self":[{"href":"https:\/\/www.ekb-pcb.de\/en\/wp-json\/wp\/v2\/pages\/30","targetHints":{"allow":["GET"]}}],"collection":[{"href":"https:\/\/www.ekb-pcb.de\/en\/wp-json\/wp\/v2\/pages"}],"about":[{"href":"https:\/\/www.ekb-pcb.de\/en\/wp-json\/wp\/v2\/types\/page"}],"author":[{"embeddable":true,"href":"https:\/\/www.ekb-pcb.de\/en\/wp-json\/wp\/v2\/users\/1"}],"replies":[{"embeddable":true,"href":"https:\/\/www.ekb-pcb.de\/en\/wp-json\/wp\/v2\/comments?post=30"}],"version-history":[{"count":20,"href":"https:\/\/www.ekb-pcb.de\/en\/wp-json\/wp\/v2\/pages\/30\/revisions"}],"predecessor-version":[{"id":2529,"href":"https:\/\/www.ekb-pcb.de\/en\/wp-json\/wp\/v2\/pages\/30\/revisions\/2529"}],"wp:attachment":[{"href":"https:\/\/www.ekb-pcb.de\/en\/wp-json\/wp\/v2\/media?parent=30"}],"curies":[{"name":"wp","href":"https:\/\/api.w.org\/{rel}","templated":true}]}}