{"id":3340,"date":"2025-09-13T18:51:00","date_gmt":"2025-09-13T16:51:00","guid":{"rendered":"https:\/\/www.ekb-pcb.de\/?page_id=3340"},"modified":"2025-10-01T09:12:26","modified_gmt":"2025-10-01T07:12:26","slug":"1-2","status":"publish","type":"page","link":"https:\/\/www.ekb-pcb.de\/en\/1-2\/","title":{"rendered":"International adoption"},"content":{"rendered":"<div data-elementor-type=\"wp-page\" data-elementor-id=\"3340\" class=\"elementor elementor-3340\" data-elementor-post-type=\"page\">\n\t\t\t\t<div class=\"elementor-element elementor-element-af9d224 e-flex e-con-boxed e-con e-parent\" data-id=\"af9d224\" data-element_type=\"container\" data-core-v316-plus=\"true\">\n\t\t\t\t\t<div class=\"e-con-inner\">\n\t\t\t\t<div class=\"elementor-element elementor-element-52eae91 elementor-widget elementor-widget-heading\" data-id=\"52eae91\" data-element_type=\"widget\" data-widget_type=\"heading.default\">\n\t\t\t\t<div class=\"elementor-widget-container\">\n\t\t\t<style>\/*! elementor - v3.20.0 - 20-03-2024 *\/\n.elementor-heading-title{padding:0;margin:0;line-height:1}.elementor-widget-heading .elementor-heading-title[class*=elementor-size-]>a{color:inherit;font-size:inherit;line-height:inherit}.elementor-widget-heading .elementor-heading-title.elementor-size-small{font-size:15px}.elementor-widget-heading .elementor-heading-title.elementor-size-medium{font-size:19px}.elementor-widget-heading .elementor-heading-title.elementor-size-large{font-size:29px}.elementor-widget-heading .elementor-heading-title.elementor-size-xl{font-size:39px}.elementor-widget-heading .elementor-heading-title.elementor-size-xxl{font-size:59px}<\/style><h2 class=\"elementor-heading-title elementor-size-default\">International adoption<\/h2>\t\t<\/div>\n\t\t\t\t<\/div>\n\t\t\t\t\t<\/div>\n\t\t\t\t<\/div>\n\t\t<div class=\"elementor-element elementor-element-fd201f6 e-flex e-con-boxed e-con e-parent\" data-id=\"fd201f6\" data-element_type=\"container\" data-core-v316-plus=\"true\">\n\t\t\t\t\t<div class=\"e-con-inner\">\n\t\t\t\t<div class=\"elementor-element elementor-element-80cf0dd elementor-widget elementor-widget-text-editor\" data-id=\"80cf0dd\" data-element_type=\"widget\" data-widget_type=\"text-editor.default\">\n\t\t\t\t<div class=\"elementor-widget-container\">\n\t\t\t<style>\/*! elementor - v3.20.0 - 20-03-2024 *\/\n.elementor-widget-text-editor.elementor-drop-cap-view-stacked .elementor-drop-cap{background-color:#69727d;color:#fff}.elementor-widget-text-editor.elementor-drop-cap-view-framed .elementor-drop-cap{color:#69727d;border:3px solid;background-color:transparent}.elementor-widget-text-editor:not(.elementor-drop-cap-view-default) .elementor-drop-cap{margin-top:8px}.elementor-widget-text-editor:not(.elementor-drop-cap-view-default) .elementor-drop-cap-letter{width:1em;height:1em}.elementor-widget-text-editor .elementor-drop-cap{float:left;text-align:center;line-height:1;font-size:50px}.elementor-widget-text-editor .elementor-drop-cap-letter{display:inline-block}<\/style>\t\t\t\t<p>Seit 2002 ist Deutschland Mitglied der Haager Konvention zum Schutz von Kindern und zur Zusammenarbeit auf dem Gebiet der internationalen Adoption (HA\u00dc). Dadurch gelten besondere rechtliche Vorgaben:<\/p><p><strong>Zugelassene Vermittlungsstellen<\/strong><\/p><p>Internationale Adoptionen d\u00fcrfen ausschlie\u00dflich von staatlich anerkannten und kontrollierten Vermittlungsstellen durchgef\u00fchrt werden. In Deutschland gibt es derzeit sechs gemeinn\u00fctzige Organisationen, die bundesweit t\u00e4tig sind. Sie erhalten keine finanzielle Unterst\u00fctzung vom Staat, m\u00fcssen aber im regelm\u00e4\u00dfigen Austausch mit Jugend\u00e4mtern und Landesbeh\u00f6rden stehen. F\u00fcr jedes Partnerland muss eine eigene Zulassung beantragt werden. \u00dcber die Genehmigung und Erteilung von Lizenzen entscheiden die zust\u00e4ndigen Landesjugend\u00e4mter.<\/p><p><strong>Aufgaben der Landesjugend\u00e4mter<\/strong><\/p><p>Landesjugend\u00e4mter \u00fcbernehmen die Funktion einer Auffangstelle f\u00fcr L\u00e4nder, f\u00fcr die es keine freien Tr\u00e4ger gibt. Gleichzeitig sind sie Kontrollbeh\u00f6rde f\u00fcr die zugelassenen freien Tr\u00e4ger. Tr\u00e4ger legen j\u00e4hrlich T\u00e4tigkeits- und Finanzberichte sowie alle Kindervorschl\u00e4ge zur Pr\u00fcfung vor. Geb\u00fchren m\u00fcssen vorab mit dem Landesjugendamt abgestimmt werden. Bewerberpaare m\u00fcssen sowohl dem Landesjugendamt des Wohnsitzes als auch dem Landesjugendamt der vermittelnden Stelle gemeldet werden.<\/p><p><strong>Bundeszentralstelle f\u00fcr Auslandsadoption<\/strong><\/p><p>Alle Bewerber werden zudem an die Bundeszentralstelle f\u00fcr Auslandsadoption beim Bundesamt f\u00fcr Justiz in Bonn gemeldet. Dort wird ein zentrales Register gef\u00fchrt.<\/p><p>\u26a0\ufe0f <strong>Wichtig:<\/strong> Eine Auslandsadoption ist mit hohen Kosten verbunden \u2013 das Kind selbst jedoch \u201ekostet\u201c selbstverst\u00e4ndlich <strong>nichts<\/strong>!<\/p><p><strong>Ablauf im Herkunftsland<\/strong><\/p><ol><li>Erste Schritte der leiblichen Eltern: Die Eltern wenden sich an das Jugendamt oder Kinderheim und bitten um vorl\u00e4ufige Aufnahme des Kindes. Nach 6\u201312 Monaten entscheiden sie, ob das Kind dauerhaft im Heim bleiben oder zur Adoption freigegeben werden soll.<\/li><li>Pr\u00fcfung im Inland: Zun\u00e4chst wird gepr\u00fcft, ob einheimische Paare oder Verwandte bis zum dritten Grad infrage kommen.<\/li><li>Aufnahme in die Auslandsadoption: Erst wenn keine einheimische Familie gefunden wird, kommt das Kind in die internationale Adoptionsdatenbank. Die zust\u00e4ndige Beh\u00f6rde vor Ort w\u00e4hlt das passende Paar aus.<\/li><li>Kindervorschlag: Der Vorschlag wird an die deutsche Vermittlungsstelle \u00fcbermittelt und nach \u00dcbersetzung den zust\u00e4ndigen Beh\u00f6rden vorgelegt.<\/li><li>Beratung der Bewerber: Nach Genehmigung werden die Bewerber eingeladen und erhalten alle Unterlagen. Sie holen Beratung beim Jugendamt und medizinische Einsch\u00e4tzungen ein. Erst dann erfolgen die verbindliche Zusage und die Beurkundung beim Jugendamt.<\/li><li>Annahme durch das Herkunftsland: Die Vermittlungsstelle informiert das Herkunftsland und \u00fcbermittelt die erforderlichen Dokumente. Nach etwa 3\u20136 Monaten k\u00f6nnen die Adoptiveltern das Kind im Kinderheim abholen.<\/li><\/ol><p>\u00a0<\/p><p>\u00dcber den Ablauf von Auslandsadoptionen ist in der \u00d6ffentlichkeit oft nur wenig bekannt. Dies f\u00fchrt nicht selten zu Fragen an Adoptierte, die unbedacht gestellt werden und als verletzend empfunden werden k\u00f6nnen.<\/p><p><strong>Grunds\u00e4tzlich gilt:<\/strong><\/p><ol><li>Die leiblichen Eltern geben ihre Kinder meist bereits Monate oder Jahre vor einer Adoption in ein Kinderheim.<\/li><li>Erst wenn das Kind rechtlich zur Adoption freigegeben ist, wird eine Adoptivfamilie ausgew\u00e4hlt.<\/li><li>Die Auswahl (Matching) erfolgt ausschlie\u00dflich im Herkunftsland durch die zust\u00e4ndigen Fachkr\u00e4fte.<\/li><li>Begegnungen zwischen Herkunfts- und Adoptionsfamilie finden nur unter Aufsicht von Sozialarbeitern oder Richtern statt \u2013 in der Regel erst w\u00e4hrend oder nach Abschluss des Gerichtsverfahrens.<\/li><li>H\u00e4ufig wird festgelegt, dass die Herkunftsfamilie keinen Kontakt mehr aufnimmt. Wenn das Kind sp\u00e4ter selbst Kontakt w\u00fcnscht, wird die Herkunftsfamilie in der Regel darauf antworten.<\/li><\/ol><p>Die Entscheidung zur Adoption ist von gro\u00dfer Verantwortung und dem Wunsch gepr\u00e4gt, dem Kind bestm\u00f6gliche Bedingungen zu bieten. Die Gr\u00fcnde daf\u00fcr sind vielf\u00e4ltig: etwa fehlende famili\u00e4re Unterst\u00fctzung, begrenzte finanzielle Mittel, eine instabile Wohnsituation oder eine laufende Ausbildung.\u00a0 Armut oder Krankheit allein sind nicht der ausschlaggebende Grund f\u00fcr eine Adoptionsfreigabe.<\/p><p>\ud83d\udc49 <strong>Hinter jeder Adoption steht meist der Wunsch der Herkunftseltern, ihrem Kind ein liebevolles und stabiles Zuhause zu erm\u00f6glichen.\u00a0 Diese Entscheidung ist schwer, verdient aber Respekt und Anerkennung.<\/strong><\/p>\t\t\t\t\t\t<\/div>\n\t\t\t\t<\/div>\n\t\t\t\t\t<\/div>\n\t\t\t\t<\/div>\n\t\t\t\t<\/div>","protected":false},"excerpt":{"rendered":"<p>Auslandsadoption Seit 2002 ist Deutschland Mitglied der Haager Konvention zum Schutz von Kindern und zur Zusammenarbeit auf dem Gebiet der internationalen Adoption (HA\u00dc). Dadurch gelten besondere rechtliche Vorgaben: Zugelassene Vermittlungsstellen Internationale Adoptionen d\u00fcrfen ausschlie\u00dflich von staatlich anerkannten und kontrollierten Vermittlungsstellen durchgef\u00fchrt werden. In Deutschland gibt es derzeit sechs gemeinn\u00fctzige Organisationen, die bundesweit t\u00e4tig sind. Sie [&hellip;]<\/p>","protected":false},"author":1,"featured_media":0,"parent":0,"menu_order":0,"comment_status":"closed","ping_status":"closed","template":"","meta":{"footnotes":""},"class_list":["post-3340","page","type-page","status-publish","hentry"],"_links":{"self":[{"href":"https:\/\/www.ekb-pcb.de\/en\/wp-json\/wp\/v2\/pages\/3340","targetHints":{"allow":["GET"]}}],"collection":[{"href":"https:\/\/www.ekb-pcb.de\/en\/wp-json\/wp\/v2\/pages"}],"about":[{"href":"https:\/\/www.ekb-pcb.de\/en\/wp-json\/wp\/v2\/types\/page"}],"author":[{"embeddable":true,"href":"https:\/\/www.ekb-pcb.de\/en\/wp-json\/wp\/v2\/users\/1"}],"replies":[{"embeddable":true,"href":"https:\/\/www.ekb-pcb.de\/en\/wp-json\/wp\/v2\/comments?post=3340"}],"version-history":[{"count":20,"href":"https:\/\/www.ekb-pcb.de\/en\/wp-json\/wp\/v2\/pages\/3340\/revisions"}],"predecessor-version":[{"id":3412,"href":"https:\/\/www.ekb-pcb.de\/en\/wp-json\/wp\/v2\/pages\/3340\/revisions\/3412"}],"wp:attachment":[{"href":"https:\/\/www.ekb-pcb.de\/en\/wp-json\/wp\/v2\/media?parent=3340"}],"curies":[{"name":"wp","href":"https:\/\/api.w.org\/{rel}","templated":true}]}}