{"id":3629,"date":"2026-02-28T17:45:55","date_gmt":"2026-02-28T16:45:55","guid":{"rendered":"https:\/\/www.ekb-pcb.de\/?page_id=3629"},"modified":"2026-03-02T09:39:26","modified_gmt":"2026-03-02T08:39:26","slug":"archiv-2025","status":"publish","type":"page","link":"https:\/\/www.ekb-pcb.de\/en\/archiv-2025\/","title":{"rendered":"Archiv 2025"},"content":{"rendered":"<div data-elementor-type=\"wp-page\" data-elementor-id=\"3629\" class=\"elementor elementor-3629\" data-elementor-post-type=\"page\">\n\t\t\t\t<div class=\"elementor-element elementor-element-7da4bf6 e-flex e-con-boxed e-con e-parent\" data-id=\"7da4bf6\" data-element_type=\"container\" data-core-v316-plus=\"true\">\n\t\t\t\t\t<div class=\"e-con-inner\">\n\t\t\t\t<div class=\"elementor-element elementor-element-8700604 elementor-widget elementor-widget-heading\" data-id=\"8700604\" data-element_type=\"widget\" data-widget_type=\"heading.default\">\n\t\t\t\t<div class=\"elementor-widget-container\">\n\t\t\t<style>\/*! elementor - v3.20.0 - 20-03-2024 *\/\n.elementor-heading-title{padding:0;margin:0;line-height:1}.elementor-widget-heading .elementor-heading-title[class*=elementor-size-]>a{color:inherit;font-size:inherit;line-height:inherit}.elementor-widget-heading .elementor-heading-title.elementor-size-small{font-size:15px}.elementor-widget-heading .elementor-heading-title.elementor-size-medium{font-size:19px}.elementor-widget-heading .elementor-heading-title.elementor-size-large{font-size:29px}.elementor-widget-heading .elementor-heading-title.elementor-size-xl{font-size:39px}.elementor-widget-heading .elementor-heading-title.elementor-size-xxl{font-size:59px}<\/style><h2 class=\"elementor-heading-title elementor-size-default\">\n<\/h2>\t\t<\/div>\n\t\t\t\t<\/div>\n\t\t\t\t\t<\/div>\n\t\t\t\t<\/div>\n\t\t<div class=\"elementor-element elementor-element-a8bed00 e-flex e-con-boxed e-con e-parent\" data-id=\"a8bed00\" data-element_type=\"container\" data-core-v316-plus=\"true\">\n\t\t\t\t\t<div class=\"e-con-inner\">\n\t\t\t\t<div class=\"elementor-element elementor-element-08a2e11 elementor-widget elementor-widget-text-editor\" data-id=\"08a2e11\" data-element_type=\"widget\" data-widget_type=\"text-editor.default\">\n\t\t\t\t<div class=\"elementor-widget-container\">\n\t\t\t<style>\/*! elementor - v3.20.0 - 20-03-2024 *\/\n.elementor-widget-text-editor.elementor-drop-cap-view-stacked .elementor-drop-cap{background-color:#69727d;color:#fff}.elementor-widget-text-editor.elementor-drop-cap-view-framed .elementor-drop-cap{color:#69727d;border:3px solid;background-color:transparent}.elementor-widget-text-editor:not(.elementor-drop-cap-view-default) .elementor-drop-cap{margin-top:8px}.elementor-widget-text-editor:not(.elementor-drop-cap-view-default) .elementor-drop-cap-letter{width:1em;height:1em}.elementor-widget-text-editor .elementor-drop-cap{float:left;text-align:center;line-height:1;font-size:50px}.elementor-widget-text-editor .elementor-drop-cap-letter{display:inline-block}<\/style>\t\t\t\t<h3>2025<\/h3><p><strong>Dezember<\/strong><\/p><p>Zum Abschluss dieses Jahres 2025 blicken wir dankbar auf viele Begegnungen, Entwicklungen und Schritte zur\u00fcck. Besonders bewegt uns, miterleben zu d\u00fcrfen, wie Familien entstehen, wachsen und zusammenfinden und wie viel Mut, Geduld und Liebe in jedem einzelnen Weg steckt.<\/p><p data-start=\"323\" data-end=\"515\">Allen Adoptivfamilien und allen, die sich gerade auf den Weg gemacht haben, w\u00fcnschen wir von Herzen alles Gute, Geduld, Kraft und Zuversicht f\u00fcr die n\u00e4chsten Schritte. Danke f\u00fcr Ihr Vertrauen.<\/p><p data-start=\"429\" data-end=\"901\">Ganz besonders w\u00fcnschen wir der Familie, die in den Weihnachtsferien eine Begegnung mit der leiblichen Familie in Thailand erleben darf, von Herzen alles Gute f\u00fcr diese besondere Zeit. Allen Familien, die in diesen Wochen eine Reise ins Herkunftsland, sei es Taiwan oder Thailand, antreten, w\u00fcnschen wir eine gute, sichere Reise und wertvolle, st\u00e4rkende Momente. Und den Jugendlichen, die gerade ihren ersten thail\u00e4ndischen Personalausweis beantragen, w\u00fcnschen wir einen guten Start in diesen neuen Abschnitt \u2013 mit Stolz, Freude und R\u00fcckenwind.<\/p><p data-start=\"903\" data-end=\"1152\" data-is-last-node=\"\" data-is-only-node=\"\">Wir sind weiterhin an Ihrer Seite \u2013 verl\u00e4sslich, erreichbar und mit offenem Ohr. Zuversichtlich und mit vielen guten Gedanken blicken wir auf das kommende Jahr.<\/p><p><strong>November<\/strong><\/p><p><strong>22.11.2025<\/strong><\/p><p data-start=\"94\" data-end=\"168\"><strong data-start=\"94\" data-end=\"168\">Jugendgespr\u00e4chskreis mit Adoptivjugendlichen ab 15 Jahren \u2013 22.11.2025<\/strong><\/p><p data-start=\"170\" data-end=\"880\">Am Samstag, den 22.11.2025, trafen sich adoptierte Jugendliche ab 15 Jahren zu einem Gespr\u00e4chskreis bei uns. Viele von ihnen stehen gerade vor einem neuen Lebensumbruch \u2013 Schulabschluss, Ausbildung, Studium oder erste Schritte ins Berufsleben. In entspannter Runde ging es um Fragen wie\u00a0<strong data-start=\"463\" data-end=\"487\">\u201eWo geh\u00f6re ich hin?\u201c<\/strong>,\u00a0<strong data-start=\"547\" data-end=\"582\">Erwachsenwerden als Adoptivkind<\/strong>\u00a0sowie\u00a0<strong data-start=\"589\" data-end=\"636\">schulische und berufliche Herausforderungen<\/strong>. Es wurde offen gesprochen, zugeh\u00f6rt, gelacht und gemeinsam nach guten Perspektiven f\u00fcr die Zukunft geschaut.\u00a0<\/p><p data-start=\"882\" data-end=\"1182\" data-is-last-node=\"\" data-is-only-node=\"\">Auch mit einigen Eltern der Jugendlichen kamen wir an diesem Tag ins Gespr\u00e4ch. In einer spontanen, offenen Runde war Platz f\u00fcr Fragen, Erfahrungen und Ideen aus dem Familienalltag. Wir freuen uns sehr, dass die Jugendlichen und die Eltern ihren Samstag daf\u00fcr genutzt haben und danken ihnen f\u00fcr ihre Offenheit und ihr Vertrauen.<\/p><p><strong>15.11.2025<\/strong><\/p><p><strong>Jugendgespr\u00e4chskreis: Reden, lachen, nachdenken\u2013 und dabei ein St\u00fcck mehr \u00fcber sich selbst erfahren.<\/strong><\/p><p data-start=\"122\" data-end=\"422\">Am 17.11.2025 trafen sich bei uns Adoptivkinder zwischen 10 und 14 Jahren zum Jugendgespr\u00e4chskreis. Gemeinsam ging es um die Fragen:\u00a0<em data-start=\"255\" data-end=\"282\">Was ist Familie f\u00fcr mich?<\/em>\u00a0and\u00a0<em data-start=\"287\" data-end=\"306\">Wo komme ich her?<\/em>\u00a0\u2013 und darum, warum die eigene Herkunft wichtig ist und was einen als Adoptivkind vielleicht auch besonders macht.<\/p><p data-start=\"429\" data-end=\"788\">Beim Basteln eines eigenen Familienbaums wurden verschiedene Familienbilder sichtbar: leibliche Familie, Adoptivfamilie, Pflegefamilie, Patchworkfamilie \u2013 manchmal ganz sch\u00f6n kompliziert, aber auch spannend. Ziel war es, ein positives Bild von sich selbst zu st\u00e4rken und die eigenen, manchmal komplexen Familienbeziehungen besser einordnen zu k\u00f6nnen.<\/p><p data-start=\"795\" data-end=\"1106\" data-is-last-node=\"\">Dabei haben wir erlebt, dass viele Kinder Erfahrungen mit Alltagsrassismus kennen \u2013 und sowohl von Ausgrenzung betroffen sind als auch andere aufgrund ihrer Herkunft oder ihres Aussehens ausgrenzen. Der Blick auf Vielfalt bleibt daher ein wichtiges Thema f\u00fcr kommende Treffen.<\/p><p data-start=\"795\" data-end=\"1106\" data-is-last-node=\"\">Danke an alle Kinder und Eltern, die dabei waren und diesen Nachmittag m\u00f6glich gemacht haben.<\/p><p><strong>09.11.2025<\/strong><\/p><p data-start=\"0\" data-end=\"77\">Herzlichen Gl\u00fcckwunsch zur Einreise eines Adoptivkindes aus Tschechien!<\/p><p data-start=\"42\" data-end=\"377\">Mit gro\u00dfer Freude begr\u00fc\u00dfen wir die Einreise eines Adoptivkindes aus Tschechien, das nun in Deutschland gemeinsam mit seiner Adoptivfamilie das Familienleben beginnen kann. Ein langer Weg der Vorbereitung, des Wartens, Hoffens und Bangens liegt hinter allen Beteiligten \u2013 umso sch\u00f6ner, dass daraus nun eine Familie geworden ist.<\/p><p data-start=\"379\" data-end=\"623\" data-is-last-node=\"\" data-is-only-node=\"\">Unser Dank gilt allen beteiligten Stellen und Fachkr\u00e4ften in Tschechien und Deutschland, die diesen Prozess m\u00f6glich gemacht haben und die Familie weiterhin begleiten und unterst\u00fctzen. Der Familie w\u00fcnschen wir von Herzen alles Gute, viel Kraft, Geduld und viele gl\u00fcckliche Momente miteinander.\u00a0<img decoding=\"async\" class=\"emoji\" role=\"img\" src=\"https:\/\/s.w.org\/images\/core\/emoji\/17.0.2\/svg\/1f9e1.svg\" alt=\"\ud83e\udde1\" \/><\/p><p><strong>Oktober<\/strong><\/p><p><strong data-start=\"126\" data-end=\"156\">23.10.2025<\/strong><\/p><p><strong data-start=\"126\" data-end=\"156\">Willkommen in Deutschland!<\/strong><br data-start=\"156\" data-end=\"159\" \/>Am 23. Oktober sind zwei gl\u00fcckliche Familien mit ihren Adoptivkindern aus Thailand angekommen \u2013 ein besonderer Moment voller Freude, Aufregung und neuer Anf\u00e4nge. Vom Versand der Unterlagen bis zur Einreise verging insgesamt gut ein Jahr \u2013 f\u00fcr eine Auslandsadoption ein erfreulich schneller Verlauf. Wir w\u00fcnschen allen eine gute Eingew\u00f6hnungszeit und viele sch\u00f6ne gemeinsame Erlebnisse auf dem Weg in den neuen Familienalltag.\u00a0<\/p><p>Den Familien, die noch auf ihren Abholtermin warten, dr\u00fccken wir fest die Daumen. Hoffentlich ist es bald so weit!<\/p><p><strong>15.10.2025<\/strong><\/p><p>Wir freuen uns mit einer Familie, die nach knapp einem Jahr Wartezeit den Kindervorschlag f\u00fcr ein zweites Kind aus Thailand erhalten hat. Als n\u00e4chstes steht die Abholung an. Wir hoffen, dass die Wartezeit bis dahin kurz bleibt und sie schon bald zu viert sind.<\/p><p data-start=\"102\" data-end=\"159\"><strong>September<\/strong><\/p><p data-start=\"102\" data-end=\"159\"><strong>18.09.2025<\/strong><\/p><p data-start=\"102\" data-end=\"159\">Wir freuen uns ganz besonders mit einer Familie, die einen Kindervorschlag aus Thailand f\u00fcr zwei Geschwisterkinder erhalten hat. Und auch der Ablauf war bemerkenswert schnell \u2013 vom Versand der Unterlagen bis zur \u00dcbermittlung des Vorschlags vergingen nur knapp zwei Monate. Jetzt dr\u00fccken wir die Daumen, dass die Familie ihre beiden Kinder bald abholen kann.<\/p><p data-start=\"102\" data-end=\"159\"><strong>15. 09.2025<\/strong><\/p><p data-start=\"102\" data-end=\"159\"><strong data-start=\"847\" data-end=\"890\">A Wonderful Start to School!<\/strong><\/p><p data-start=\"99\" data-end=\"347\">This school year, many adoptive families are celebrating a special milestone: the first day of school. There\u2019s anticipation and curiosity \u2014 and yes, a little excitement too. It\u2019s the start of a new chapter, with something new to discover every day.<\/p><p data-start=\"99\" data-end=\"347\">To you, dear adopted children who have only recently come to Germany: a new language, new people, a new school \u2014 that can feel like a lot at once. But little by little, things will become familiar: letters and numbers, hallways and classrooms, voices and faces.<\/p><p data-start=\"587\" data-end=\"845\">Wishing every child and family courage, strength, and confidence on this journey.\u00a0<\/p><p data-start=\"102\" data-end=\"159\"><strong>11. September 202<\/strong><strong>5<\/strong><\/p><p data-start=\"126\" data-end=\"350\">We are pleased to welcome an adoptive family and their child from the Czech Republic to Germany. It is particularly pleasing that the process went smoothly and that everything could be arranged quickly. Many thanks to the Central Authority specialists, as well as the social workers and psychologists who supported the family on site. We wish the family a good start, a speedy settlement and many happy moments together.<\/p><p data-start=\"102\" data-end=\"159\"><strong>04. September 2025<\/strong><\/p><p data-start=\"102\" data-end=\"159\">It is our joy to welcome a fourth child adopted from Thailand. We wish you a wonderful start and a journey full of joy, strength, and happiness.<\/p><p data-start=\"102\" data-end=\"159\"><strong>August<\/strong><\/p><p data-start=\"102\" data-end=\"159\"><strong>12 August 2025<\/strong><\/p><p data-start=\"84\" data-end=\"118\">A small chapter begins. Yet it is the start of a great shared story!<\/p><p data-start=\"84\" data-end=\"118\">We're so happy for this family who've just started the first step of getting to know their future adopted child at a children's home in the Czech Republic.  We sincerely hope that this will gradually evolve into a trusting relationship filled with warmth, patience and joy for the prospective adoptive parents and child.<\/p><p data-start=\"67\" data-end=\"93\"><strong data-start=\"67\" data-end=\"91\">05. August 2025<\/strong><\/p><p data-start=\"67\" data-end=\"93\">Welcome home! One of our adoptive families has finally been able to welcome their child from Thailand into their home. This is the third arrival this year. We are delighted for them! We wish them all the best for this special new chapter in their lives!<\/p><p data-start=\"67\" data-end=\"93\">At the same time, we\u2019re thinking of all the adoptive families who are still waiting for their pick-up date in Thailand, Taiwan, or the Czech Republic. We hope that the remaining waiting time passes quickly and that the day of pick-up comes soon.<\/p><p data-start=\"102\" data-end=\"159\"><strong>04. August 2025<\/strong><\/p><p data-start=\"102\" data-end=\"159\">We wish all adoptive families a wonderful and enriching time together during the school holidays. Our adoptive families with ties to Thailand are particularly close to our hearts right now: many of them are enjoying a carefree holiday in Thailand, while others are using the time to take important steps such as applying for ID cards. Some families are even facing a particularly emotional moment \u2013 meeting their biological family.<\/p><p data-start=\"102\" data-end=\"159\">We\u2019re very much looking forward to hearing about your unique experiences and cherished memories. Each moment of this special journey is an important part of your family's story, and we are grateful to be able to accompany you on it.<\/p><p data-start=\"102\" data-end=\"159\">Due to our current staffing levels, we kindly ask for your understanding if it occasionally takes us a little longer than usual to respond to messages or enquiries.<\/p><p data-start=\"102\" data-end=\"159\"><strong>02. August 2025<\/strong><\/p><p data-start=\"102\" data-end=\"159\"><strong data-start=\"280\" data-end=\"354\">A special family gathering, full of joy and togetherness.<\/strong><br data-start=\"354\" data-end=\"357\" \/>Last Saturday, we had the pleasure of attending a wonderful family meeting. Around 25 families who had adopted children from the Pattaya Children's Home came together, as did prospective adoptive parents who will soon be able to hold their children in their arms.<\/p><p><img decoding=\"async\" class=\"wp-image-3291 alignleft\" src=\"https:\/\/www.ekb-pcb.de\/wp-content\/uploads\/2025\/08\/IMG_6701-300x169.jpg\" alt=\"\" width=\"263\" height=\"148\" srcset=\"https:\/\/www.ekb-pcb.de\/wp-content\/uploads\/2025\/08\/IMG_6701-300x169.jpg 300w, https:\/\/www.ekb-pcb.de\/wp-content\/uploads\/2025\/08\/IMG_6701-1024x576.jpg 1024w, https:\/\/www.ekb-pcb.de\/wp-content\/uploads\/2025\/08\/IMG_6701-768x432.jpg 768w, https:\/\/www.ekb-pcb.de\/wp-content\/uploads\/2025\/08\/IMG_6701-1536x864.jpg 1536w, https:\/\/www.ekb-pcb.de\/wp-content\/uploads\/2025\/08\/IMG_6701-2048x1152.jpg 2048w, https:\/\/www.ekb-pcb.de\/wp-content\/uploads\/2025\/08\/IMG_6701-18x10.jpg 18w\" sizes=\"(max-width: 263px) 100vw, 263px\" \/>We were very delighted to welcome two dedicated volunteers from the Pattaya Children's Home. They shared valuable insights into their work and experiences of preparing children for adoption.\u00a0<\/p><p><img decoding=\"async\" class=\"wp-image-3292 alignright\" src=\"https:\/\/www.ekb-pcb.de\/wp-content\/uploads\/2025\/08\/WhatsApp-Bild-2025-08-02-um-19.23.56_781269fc-300x225.jpg\" alt=\"\" width=\"204\" height=\"153\" srcset=\"https:\/\/www.ekb-pcb.de\/wp-content\/uploads\/2025\/08\/WhatsApp-Bild-2025-08-02-um-19.23.56_781269fc-300x225.jpg 300w, https:\/\/www.ekb-pcb.de\/wp-content\/uploads\/2025\/08\/WhatsApp-Bild-2025-08-02-um-19.23.56_781269fc-1024x768.jpg 1024w, https:\/\/www.ekb-pcb.de\/wp-content\/uploads\/2025\/08\/WhatsApp-Bild-2025-08-02-um-19.23.56_781269fc-768x576.jpg 768w, https:\/\/www.ekb-pcb.de\/wp-content\/uploads\/2025\/08\/WhatsApp-Bild-2025-08-02-um-19.23.56_781269fc-1536x1152.jpg 1536w, https:\/\/www.ekb-pcb.de\/wp-content\/uploads\/2025\/08\/WhatsApp-Bild-2025-08-02-um-19.23.56_781269fc-16x12.jpg 16w, https:\/\/www.ekb-pcb.de\/wp-content\/uploads\/2025\/08\/WhatsApp-Bild-2025-08-02-um-19.23.56_781269fc.jpg 2000w\" sizes=\"(max-width: 204px) 100vw, 204px\" \/><\/p><p>A big thank you to the Pattaya Children's Home for its great work and to the volunteers who made this day so enriching with their commitment and stories.<\/p><p data-start=\"102\" data-end=\"159\"><strong>Juli<\/strong><\/p><p data-start=\"102\" data-end=\"159\"><strong>Today was a really special day!<\/strong>\u00a0<\/p><p data-start=\"102\" data-end=\"159\">A family finally picked up their adopted child from a children's home in Thailand. It was an emotional and joyful moment that had been long awaited. We would like to express our heartfelt thanks to the children's home for their loving and intensive preparation. Our thoughts are with all the families who are still waiting for their pick-up date. We wish those who will be travelling soon strength for the final bureaucratic steps \u2013 the goal is within reach, and it will be worth it!<\/p><p class=\"\" data-start=\"102\" data-end=\"159\"><strong data-start=\"102\" data-end=\"159\">April<\/strong><\/p><p data-start=\"102\" data-end=\"159\"><strong>Although many things take time, we are still making progress.<\/strong><\/p><p class=\"\" data-start=\"148\" data-end=\"345\">We have received child proposals from Thailand and Taiwan. Some families are now preparing to pick up their children from their country of origin, which is an exciting and emotional time. For those who are still waiting for a child proposal, we hope that things will move forward soon. We know how much patience this phase requires, and we are thinking of you. There has also been progress in the area of root searching. We receive new requests. Some families have already received initial report from the country of origin, while other searches are still ongoing \u2013 we are staying on the ball.\u00a0<\/p><p class=\"\" data-start=\"102\" data-end=\"159\"><strong data-start=\"102\" data-end=\"159\">Happy Thai New Year!<\/strong><\/p><p class=\"\" data-start=\"161\" data-end=\"354\">We would like to send our warmest greetings to all families for the Songkran Festival on 13 April 2025! Some families spend this special time in their children's country of origin, getting to know the culture, people, and roots. Prospective families also take this opportunity to familiarise themselves with Thailand on a private trip. We were particularly delighted to accompany one family on their children's first beautiful encounter with their birth family in Thailand, a moment full of closeness, joy and meaning. We would like to thank everyone who makes such encounters possible, especially the birth family, whose openness made this precious moment possible.<\/p><p class=\"\" data-start=\"856\" data-end=\"954\">We wish you a happy new year filled with wonderful moments and enriching experiences.<\/p><p data-start=\"856\" data-end=\"954\"><strong>New: Applications for Bulgaria now possible<\/strong><\/p><p data-start=\"856\" data-end=\"954\">If you are interested in adopting a child in Bulgaria, you can now apply to us for adoption proceedings. We are happy to advise on the requirements and process. We look forward to hearing from you!<\/p><p><strong>March<\/strong><\/p><p>Another adoptive family has achieved their big goal! They have arrived in Germany with their adopted child from Thailand. We wish them a wonderful start and many happy moments in their new home. Welcome home!\u00a0<\/p><p><strong>February<\/strong><\/p><p>We are very happy to welcome the first adoptive family to arrive this year! Following intensive preparations and official procedures, as well as their first meeting in Thailand, the family could finally able to travel together to their new home in Germany. We wish them all the best for a good start, a smooth transition and much joy in their new home.<\/p><p><strong>January<\/strong><\/p><p><strong>Youth discussion group: an enriching exchange<\/strong><\/p><p>On 18 January 2025, sixteen young people attended our youth discussion group. The atmosphere was open and welcoming, and participants had the opportunity to actively engage in the discussions and contribute their thoughts and personal experiences.<img fetchpriority=\"high\" decoding=\"async\" class=\"size-medium wp-image-3131 alignleft\" src=\"https:\/\/www.ekb-pcb.de\/wp-content\/uploads\/2025\/01\/IMG_5015-002-300x169.jpg\" alt=\"\" width=\"300\" height=\"169\" srcset=\"https:\/\/www.ekb-pcb.de\/wp-content\/uploads\/2025\/01\/IMG_5015-002-300x169.jpg 300w, https:\/\/www.ekb-pcb.de\/wp-content\/uploads\/2025\/01\/IMG_5015-002-1024x576.jpg 1024w, https:\/\/www.ekb-pcb.de\/wp-content\/uploads\/2025\/01\/IMG_5015-002-768x432.jpg 768w, https:\/\/www.ekb-pcb.de\/wp-content\/uploads\/2025\/01\/IMG_5015-002-1536x864.jpg 1536w, https:\/\/www.ekb-pcb.de\/wp-content\/uploads\/2025\/01\/IMG_5015-002-2048x1152.jpg 2048w, https:\/\/www.ekb-pcb.de\/wp-content\/uploads\/2025\/01\/IMG_5015-002-18x10.jpg 18w\" sizes=\"(max-width: 300px) 100vw, 300px\" \/>\u00a0The variety of topics, including personal identity and roots, led to lively and enriching discussions. We would like to thank the young people for their openness, commitment, and active participation. Thanks to their contributions, the meeting was an inspiring experience which impressively underscored the importance of such discussion groups.<\/p>\t\t\t\t\t\t<\/div>\n\t\t\t\t<\/div>\n\t\t\t\t\t<\/div>\n\t\t\t\t<\/div>\n\t\t\t\t<\/div>","protected":false},"excerpt":{"rendered":"<p>2025 Dezember Zum Abschluss dieses Jahres 2025 blicken wir dankbar auf viele Begegnungen, Entwicklungen und Schritte zur\u00fcck. Besonders bewegt uns, miterleben zu d\u00fcrfen, wie Familien entstehen, wachsen und zusammenfinden und wie viel Mut, Geduld und Liebe in jedem einzelnen Weg steckt. Allen Adoptivfamilien und allen, die sich gerade auf den Weg gemacht haben, w\u00fcnschen wir [&hellip;]<\/p>","protected":false},"author":1,"featured_media":0,"parent":0,"menu_order":0,"comment_status":"closed","ping_status":"closed","template":"","meta":{"footnotes":""},"class_list":["post-3629","page","type-page","status-publish","hentry"],"_links":{"self":[{"href":"https:\/\/www.ekb-pcb.de\/en\/wp-json\/wp\/v2\/pages\/3629","targetHints":{"allow":["GET"]}}],"collection":[{"href":"https:\/\/www.ekb-pcb.de\/en\/wp-json\/wp\/v2\/pages"}],"about":[{"href":"https:\/\/www.ekb-pcb.de\/en\/wp-json\/wp\/v2\/types\/page"}],"author":[{"embeddable":true,"href":"https:\/\/www.ekb-pcb.de\/en\/wp-json\/wp\/v2\/users\/1"}],"replies":[{"embeddable":true,"href":"https:\/\/www.ekb-pcb.de\/en\/wp-json\/wp\/v2\/comments?post=3629"}],"version-history":[{"count":7,"href":"https:\/\/www.ekb-pcb.de\/en\/wp-json\/wp\/v2\/pages\/3629\/revisions"}],"predecessor-version":[{"id":3659,"href":"https:\/\/www.ekb-pcb.de\/en\/wp-json\/wp\/v2\/pages\/3629\/revisions\/3659"}],"wp:attachment":[{"href":"https:\/\/www.ekb-pcb.de\/en\/wp-json\/wp\/v2\/media?parent=3629"}],"curies":[{"name":"wp","href":"https:\/\/api.w.org\/{rel}","templated":true}]}}