{"id":3632,"date":"2026-02-28T17:46:12","date_gmt":"2026-02-28T16:46:12","guid":{"rendered":"https:\/\/www.ekb-pcb.de\/?page_id=3632"},"modified":"2026-03-02T09:38:32","modified_gmt":"2026-03-02T08:38:32","slug":"archiv-2024","status":"publish","type":"page","link":"https:\/\/www.ekb-pcb.de\/en\/archiv-2024\/","title":{"rendered":"Archiv 2024"},"content":{"rendered":"<div data-elementor-type=\"wp-page\" data-elementor-id=\"3632\" class=\"elementor elementor-3632\" data-elementor-post-type=\"page\">\n\t\t\t\t<div class=\"elementor-element elementor-element-dfd31f8 e-flex e-con-boxed e-con e-parent\" data-id=\"dfd31f8\" data-element_type=\"container\" data-core-v316-plus=\"true\">\n\t\t\t\t\t<div class=\"e-con-inner\">\n\t\t\t\t<div class=\"elementor-element elementor-element-310f373 elementor-widget elementor-widget-text-editor\" data-id=\"310f373\" data-element_type=\"widget\" data-widget_type=\"text-editor.default\">\n\t\t\t\t<div class=\"elementor-widget-container\">\n\t\t\t<style>\/*! elementor - v3.20.0 - 20-03-2024 *\/\n.elementor-widget-text-editor.elementor-drop-cap-view-stacked .elementor-drop-cap{background-color:#69727d;color:#fff}.elementor-widget-text-editor.elementor-drop-cap-view-framed .elementor-drop-cap{color:#69727d;border:3px solid;background-color:transparent}.elementor-widget-text-editor:not(.elementor-drop-cap-view-default) .elementor-drop-cap{margin-top:8px}.elementor-widget-text-editor:not(.elementor-drop-cap-view-default) .elementor-drop-cap-letter{width:1em;height:1em}.elementor-widget-text-editor .elementor-drop-cap{float:left;text-align:center;line-height:1;font-size:50px}.elementor-widget-text-editor .elementor-drop-cap-letter{display:inline-block}<\/style>\t\t\t\t<h3>2024<\/h3><p><strong>September:<\/strong><\/p><p>Wir freuen uns auf eine weitere Einreise!\u00a0Eine Familie hat dieses Mal ihr Gl\u00fcck mit einem Geschwisterchen aus Thailand erweitert. Wir w\u00fcnschen ihnen als Familie zu viert viel Freude und unvergessliche Momente.\u00a0<\/p><p><strong>August:<\/strong><\/p><p><strong>New Countries:<\/strong><\/p><p>Ms Haas spent the summer travelling to Bucharest in Romania and Chi\u0219in\u0103u in Moldova.<\/p><p>In beiden L\u00e4ndern hatte sie Gespr\u00e4chstermine mit den jeweiligen Ministerien, die f\u00fcr internationale Adoptionen zust\u00e4ndig sind.<\/p><p>Die Gespr\u00e4che verliefen auf Augenh\u00f6he in sehr freundlichem Austausch. Wichtig war dabei, den Bedarf f\u00fcr eine k\u00fcnftige Zusammenarbeit zu ermitteln. Interessant f\u00fcr die dortigen Ministerien war vor allem die Tatsache, dass wir bundesweit arbeiten und somit kumuliertes Fachwissen zum jeweiligen Kooperationsland erwerben, womit wir dann auch eine gute Vernetzung der Familien und eine langfristige Nachsorge gew\u00e4hrleisten k\u00f6nnen.<\/p><p>Am liebsten w\u00e4re beiden Ministerien gewesen, gleich mit der Zusammenarbeit zu beginnen.<\/p><p>Da wir als Freier Tr\u00e4ger jedoch zuerst den Antrag auf Zulassung f\u00fcr die beiden L\u00e4nder bei unserem Landesjugendamt stellen m\u00fcssen und dieses dann die Antr\u00e4ge in die bundesweite Abstimmung aller Landesjugend\u00e4mter geben muss, wird dies wohl einige Wochen dauern, bis von allen die Genehmigung vorliegt.<\/p><p>But once it is available, we will submit the official accreditation application for Romania and Moldova, along with all the necessary documents with certified translations.<\/p><p>Zum Jahresbeginn 2025 hoffen wir dann, die ersten Bewerbungen vorbereiten und versenden zu k\u00f6nnen.<\/p><p>In den n\u00e4chsten Wochen werden wir die beiden L\u00e4nderseiten erstellen, die die Bewerbungskriterien im Detail benennen.<\/p><p>Kinder ab fr\u00fchestens 3 Jahren kommen in die Datenbank der internationalen Adoption, da die Subsidiarit\u00e4t konsequent in beiden L\u00e4ndern eingehalten wird.<\/p><p>In Romania, at least one of the partners must have Romanian roots. There is no official age limit.<\/p><p><strong>12.08.<\/strong><\/p><p>We warmly welcome two siblings from Thailand. We wish the family a safe arrival home. We also wish them a happy family life with their little rascals.<\/p><p><strong>06.08.<\/strong><\/p><p>Many thanks to the Pattaya Orphanage for the warm support given to our adoptive family during their visit. It is yet another reminder of the great work carried out here.<\/p><p><strong>01.08.<\/strong><\/p><p>Congratulations to an adopted son on his very first Thai identity card! A meaningful step in connecting with his homeland and culture.<\/p><p><strong>Juli:<\/strong><\/p><p><strong>30.07<\/strong><\/p><p>We\u2019re happy to see so many families visiting Thailand. From ID-card appointments to children\u2019s home visits\u2014or just a well-earned break\u2014we hope you have a wonderful, unforgettable time. Please share how your trip is going and what has stood out to you!<\/p><p><strong>27.07.<\/strong><\/p><p>Congratulations on your arrival from Thailand! may your family life be full of love, learning, and laughter.<\/p><p><strong>Juni:<\/strong><\/p><p>Am Samstag, den 29.06.2024 fand wieder unser j\u00e4hrliches Familientreffen in der Wieblinger Fr\u00f6belhalle statt. Bei bestem Wetter um die 32Grad trafen sich ca. 70 Familien zum fr\u00f6hlichen Beisammensein.\u00a0 Kinder aus Thailand, Taiwan, Russland, Tschechien, Polen und Bulgarien waren vertreten, viele von Ihnen kennen sich schon. Die Neueingereisten kn\u00fcpften Kontakte und freuten sich \u00fcber einen Austausch. Auch f\u00fcr das leibliche Wohl wurde mit Schnitzelbr\u00f6tchen, W\u00fcrstchen Kaffee und Kuchen gesorgt, so war f\u00fcr jeden etwas dabei.<\/p><p>Dieses Jahr trafen sich auch Jugendgliche ab 15 Jahren zu einem kleinen Jugendgespr\u00e4chskreis. Mit ein paar kleinen Kennenlernspielen und lustiger Stimmung wurde die Atmosph\u00e4re schnell locker und die Jugendlichen tauschten sich aus und hatten die M\u00f6glichkeit sich zu vernetzen.<\/p><p>So hatten wir wieder ein rundum gelungenes Fest und freuen uns schon auf das n\u00e4chste Jahr!<\/p><p><strong>Mai:<\/strong><\/p><p><strong>29.05.<\/strong><\/p><p>Dieses Mal konnte eine Familie ein Geschwisterkind aus Thailand abholen. Wir w\u00fcnschen Ihnen ein fr\u00f6hliches Familienleben zu VIERT.<\/p><p><strong>24.05.<\/strong><\/p><p>Am Freitag, den 24. Mai 24, durften wir die ehemals langj\u00e4hrige Direktorin des Pattaya Kinderheims in Thailand bei uns Willkommen hei\u00dfen. Frau Radchada, oder \u201aKhun Toy\u2018, wie sie noch genannt wird, besuchte uns im Rahmen ihrer Deutschlandreise zusammen mit ihrem Sohn.<br \/>Um die 15 Familien, meist zusammen mit ihren adoptierten Kindern und Jugendlichen, konnten den recht kurzfristig anberaumten Termin wahrnehmen und freuten sich sichtlich \u00fcber die herzliche Begr\u00fc\u00dfung und das liebevolle Wiedersehen. Erinnerungen an die Abholung oder fr\u00fchere Besuche in Thailand wurden ausgetauscht und Frau Radchada umarmte strahlend und hochbegl\u00fcckt \u201aIhre Gro\u00dfen\u2018.<br \/>Frau Radchada hatte nicht nur wundersch\u00f6ne Mitbringsel im Gep\u00e4ck, sondern teilte auch die aktuellen Gesetzes\u00e4nderungen bez\u00fcglich der M\u00f6glichkeiten, einen thail\u00e4ndischen Pass zu erhalten, mit. Eine entsprechende inhaltliche Zusammenfassung dieser wichtigen Informationen werden wir unseren \u201aThai-Familien\u2018 in K\u00fcrze zusenden.<br \/>Schon nach wenigen Stunden eilte Frau Radchada zu einem n\u00e4chsten Termin und wir mussten sie dann leider verabschieden.<br \/>\u0e02\u0e2d\u0e1a\u0e04\u0e38\u0e13 vielen Dank f\u00fcr Ihren Besuch! Wir freuen uns auch sehr \u00fcber das rege Interesse und das Kommen vieler Familien.<\/p><p><img fetchpriority=\"high\" decoding=\"async\" class=\"size-medium wp-image-2772 alignleft\" src=\"https:\/\/www.ekb-pcb.de\/wp-content\/uploads\/2024\/06\/Ratchada_Edited-300x225.jpg\" alt=\"\" width=\"300\" height=\"225\" srcset=\"https:\/\/www.ekb-pcb.de\/wp-content\/uploads\/2024\/06\/Ratchada_Edited-300x225.jpg 300w, https:\/\/www.ekb-pcb.de\/wp-content\/uploads\/2024\/06\/Ratchada_Edited-1024x768.jpg 1024w, https:\/\/www.ekb-pcb.de\/wp-content\/uploads\/2024\/06\/Ratchada_Edited-768x576.jpg 768w, https:\/\/www.ekb-pcb.de\/wp-content\/uploads\/2024\/06\/Ratchada_Edited-16x12.jpg 16w, https:\/\/www.ekb-pcb.de\/wp-content\/uploads\/2024\/06\/Ratchada_Edited.jpg 1159w\" sizes=\"(max-width: 300px) 100vw, 300px\" \/><\/p><p><img decoding=\"async\" class=\"alignnone size-medium wp-image-2773\" src=\"https:\/\/www.ekb-pcb.de\/wp-content\/uploads\/2024\/06\/PXL_20240524_121311282-300x225.jpg\" alt=\"\" width=\"300\" height=\"225\" srcset=\"https:\/\/www.ekb-pcb.de\/wp-content\/uploads\/2024\/06\/PXL_20240524_121311282-300x225.jpg 300w, https:\/\/www.ekb-pcb.de\/wp-content\/uploads\/2024\/06\/PXL_20240524_121311282-1024x768.jpg 1024w, https:\/\/www.ekb-pcb.de\/wp-content\/uploads\/2024\/06\/PXL_20240524_121311282-768x576.jpg 768w, https:\/\/www.ekb-pcb.de\/wp-content\/uploads\/2024\/06\/PXL_20240524_121311282-1536x1152.jpg 1536w, https:\/\/www.ekb-pcb.de\/wp-content\/uploads\/2024\/06\/PXL_20240524_121311282-2048x1536.jpg 2048w, https:\/\/www.ekb-pcb.de\/wp-content\/uploads\/2024\/06\/PXL_20240524_121311282-16x12.jpg 16w\" sizes=\"(max-width: 300px) 100vw, 300px\" \/><\/p><p><strong>April:<\/strong>\u00a0<\/p><p><strong>29.04.<\/strong><\/p><p>Unseren regelm\u00e4\u00dfig stattfindenden Jugendlichen-Workshop besuchten insgesamt 17 Jugendliche im Alter von 16 bis 22, die aus zahlreichen Bundesl\u00e4ndern anreisten. Moderiert wurde der Workshop durch bereits erwachsene Adoptierte und unsere erfahrenen Fachkr\u00e4fte. Neben vielen anderen spannenden Themen stand diesmal das Thema Alltagsrassismus und der geeignete Umgang damit im Fokus.\u00a0<\/p><p><strong>13.04.<\/strong>\u00a0<\/p><p>Bei wundersch\u00f6nem Fr\u00fchsommerwetter haben zwei Gruppen von Adoptivkindern im Alter von 6-13 Jahren u.a. aus Taiwan und Thailand gemeinsam einen Samstag in Heidelberg verbracht, davon 3 Stunden mit intensiver Biografiearbeit. Parallel dazu trafen sich rund 10 Eltern der Adoptivkinder zu einem Workshop mit unseren Fachkr\u00e4ften und hatten einen regen Austausch miteinander.<\/p><p><strong>March<\/strong><\/p><p><strong>25.03.<\/strong>\u00a0<\/p><p>Unsere Adoptivfamilie hat mit ihrem Adoptivkind eine Wurzelreise nach Thailand unternommen! Vielen herzlichen Dank an das Pakkred Babies\u2018 Home und das DCY, die dieses aufregende und bewegende Wiedersehen mit den liebevollen Nannys und die tollen Erlebnisse bei diesem Treffen erm\u00f6glicht haben.<\/p><p><strong>27.03.<\/strong><\/p><p>We welcome the second entry from Thailand and wish the family a relaxing time together.<\/p><p><strong>28.03.<\/strong>\u00a0<\/p><p>Anl\u00e4sslich des 50-j\u00e4hrigen Jubil\u00e4ums des Pattaya Children\u2019s Home in Thailand haben sechs Adoptivfamilien, die ihre Kinder aus dem Pattaya Children\u2019s Home adoptiert haben, in den Osterferien das Kinderheim besucht und die t\u00e4gliche Arbeit des Heims mit Kleidung und Spenden unterst\u00fctzt. Auch die ehemalige Leiterin, die die meisten Familien zusammengebracht hat, war mit gro\u00dfer Freude bei diesem Treffen dabei. Vielen Dank an das Pattaya Children\u2019s Home f\u00fcr diesen wundersch\u00f6nen Tag mit vielen tollen Eindr\u00fccken, besonders f\u00fcr die Adoptivkinder.<\/p><p><strong>January<\/strong><\/p><p>Welcome Home! We are delighted to welcome our first adopted child of the year from Thailand.<\/p>\t\t\t\t\t\t<\/div>\n\t\t\t\t<\/div>\n\t\t\t\t\t<\/div>\n\t\t\t\t<\/div>\n\t\t\t\t<\/div>","protected":false},"excerpt":{"rendered":"<p>2024 September: Wir freuen uns auf eine weitere Einreise!\u00a0Eine Familie hat dieses Mal ihr Gl\u00fcck mit einem Geschwisterchen aus Thailand erweitert. Wir w\u00fcnschen ihnen als Familie zu viert viel Freude und unvergessliche Momente.\u00a0 August: Neue L\u00e4nder: Die Sommerzeit nutzte Frau Haas f\u00fcr eine Reise nach Rum\u00e4nien, Bukarest, und Moldawien, Chisinau. In beiden L\u00e4ndern hatte sie [&hellip;]<\/p>","protected":false},"author":1,"featured_media":0,"parent":0,"menu_order":0,"comment_status":"closed","ping_status":"closed","template":"","meta":{"footnotes":""},"class_list":["post-3632","page","type-page","status-publish","hentry"],"_links":{"self":[{"href":"https:\/\/www.ekb-pcb.de\/en\/wp-json\/wp\/v2\/pages\/3632","targetHints":{"allow":["GET"]}}],"collection":[{"href":"https:\/\/www.ekb-pcb.de\/en\/wp-json\/wp\/v2\/pages"}],"about":[{"href":"https:\/\/www.ekb-pcb.de\/en\/wp-json\/wp\/v2\/types\/page"}],"author":[{"embeddable":true,"href":"https:\/\/www.ekb-pcb.de\/en\/wp-json\/wp\/v2\/users\/1"}],"replies":[{"embeddable":true,"href":"https:\/\/www.ekb-pcb.de\/en\/wp-json\/wp\/v2\/comments?post=3632"}],"version-history":[{"count":7,"href":"https:\/\/www.ekb-pcb.de\/en\/wp-json\/wp\/v2\/pages\/3632\/revisions"}],"predecessor-version":[{"id":3656,"href":"https:\/\/www.ekb-pcb.de\/en\/wp-json\/wp\/v2\/pages\/3632\/revisions\/3656"}],"wp:attachment":[{"href":"https:\/\/www.ekb-pcb.de\/en\/wp-json\/wp\/v2\/media?parent=3632"}],"curies":[{"name":"wp","href":"https:\/\/api.w.org\/{rel}","templated":true}]}}