{"id":3635,"date":"2026-02-28T17:46:31","date_gmt":"2026-02-28T16:46:31","guid":{"rendered":"https:\/\/www.ekb-pcb.de\/?page_id=3635"},"modified":"2026-03-02T09:40:39","modified_gmt":"2026-03-02T08:40:39","slug":"archiv-bis-2023","status":"publish","type":"page","link":"https:\/\/www.ekb-pcb.de\/en\/archiv-bis-2023\/","title":{"rendered":"Archiv bis 2023"},"content":{"rendered":"<div data-elementor-type=\"wp-page\" data-elementor-id=\"3635\" class=\"elementor elementor-3635\" data-elementor-post-type=\"page\">\n\t\t\t\t<div class=\"elementor-element elementor-element-8650a24 e-flex e-con-boxed e-con e-parent\" data-id=\"8650a24\" data-element_type=\"container\" data-core-v316-plus=\"true\">\n\t\t\t\t\t<div class=\"e-con-inner\">\n\t\t\t\t<div class=\"elementor-element elementor-element-455e584 elementor-widget elementor-widget-text-editor\" data-id=\"455e584\" data-element_type=\"widget\" data-widget_type=\"text-editor.default\">\n\t\t\t\t<div class=\"elementor-widget-container\">\n\t\t\t<style>\/*! elementor - v3.20.0 - 20-03-2024 *\/\n.elementor-widget-text-editor.elementor-drop-cap-view-stacked .elementor-drop-cap{background-color:#69727d;color:#fff}.elementor-widget-text-editor.elementor-drop-cap-view-framed .elementor-drop-cap{color:#69727d;border:3px solid;background-color:transparent}.elementor-widget-text-editor:not(.elementor-drop-cap-view-default) .elementor-drop-cap{margin-top:8px}.elementor-widget-text-editor:not(.elementor-drop-cap-view-default) .elementor-drop-cap-letter{width:1em;height:1em}.elementor-widget-text-editor .elementor-drop-cap{float:left;text-align:center;line-height:1;font-size:50px}.elementor-widget-text-editor .elementor-drop-cap-letter{display:inline-block}<\/style>\t\t\t\t<h3><strong>2017 bis 2023<\/strong><\/h3><p>Eltern-Seminare Modul I und II am 13. und 14. November 2023 von 10 bis 16 Uhr<br \/>Eltern-Seminare Module III und IV am 7.+8.12.2023 von 10 &#8211; 16Uhr<br \/>Supervisionsangebot begleitende Eltern, Thema Biografiearbeit, am 9.12.2023 2 Gruppen<br \/>Biografiearbeit Kindergruppen (6-8 Jahre und 8-10 Jahre), jeweils 3 Stunden am 9.12.2023<br \/>Jugend-Gespr\u00e4chskreis f\u00fcr 10-14j\u00e4hrige am 22.7.2023 von 10-14 Uhr<br \/>Supervisionsangebot f\u00fcr begleitende Eltern am Samstag 1.Juli ab 10 Uhr<br \/>Kindergruppen 6-8 und 8-10 am Samstag 1.Juli<br \/>Die ZB Thailand bearbeitet aktuell Bewerbungen aus 2019<br \/>bewerberseminar Module III und IV am 29. und 30.6.2023 von 10-16 Uhr<br \/>Wartezeiten verl\u00e4ngern sich! Mit 2-4 Jahren je nach Land und Kinderprofil ist zu rechnen<br \/>Seminare siehe Termine, Familientag 2023 geplant f\u00fcr 15.Juli<\/p><p><strong>Viel Freude beim Familientreffen<\/strong><br \/>Endlich! Nach zweij\u00e4hriger pandemiebedingter Pause war es wieder m\u00f6glich, zum Adoptivfamilientreffen einzuladen. Dazu bot die Fr\u00f6bel- Grundschule den perfekten Rahmen und das Wetter machte auch mit: leicht bew\u00f6lkt, aber warm genug, um die meiste Zeit im Freien verbringen zu k\u00f6nnen. F\u00fcr die rund 80 Kinder eine wunderbare Gelegenheit, neue Spielkameraden zu treffen oder altbekannte aus den fr\u00fcheren Kinderheimen wiederzusehen. Gemeinsam tobten sie durch den Schulhof und auf dem Spielplatz und hatten viel Spa\u00df miteinander. Und die Eltern nutzten die Zeit zum gegenseitigen Erfahrungsaustausch und um neue Kontakte zu kn\u00fcpfen. 63 Familien waren aus allen Himmelsrichtungen von M\u00fcnchen bis Berlin angereist. Da der Verein bundesweit arbeitet, sind auch die von ihm betreuten Familien in ganz Deutschland verteilt. Seit Deutschland 2002 dem Haager Abkommen f\u00fcr Kinderschutz beigetreten ist, gilt ein besonderes Augenmerk dem Wohlergehen eingereister Kinder aus dem Ausland. Viele Herkunftsl\u00e4nder erbitten Entwicklungsberichte bis zum 18.Lebensjahr, um sicherzustellen, dass es \u201eihren\u201c Kindern gut geht. Da Auslandsadoption die letzte Chance f\u00fcr die Kinder ist, in einer Familie leben und gro\u00df werden zu d\u00fcrfen, wird mit besonderer Sorgfalt darauf geachtet, dass sich die Kinder gut integrieren und hier ein liebevolles zu Hause finden.<\/p><p>Wenn Anmeldeliste voll, bitte direkt mail an info@ekb-pcb.de. Anmeldung noch jederzeit m\u00f6glich. Wir freuen uns auf ein Wiedersehn!<br \/>Familientreffen 27.August ab 11 Uhr bis ca. 16 Uhr<\/p><p>Training Workshops f\u00fcr Bewerber Module iii und IV am 11. und 12.7.22 von 10 bis 16 Uhr<\/p><p>Gespr\u00e4chskreis Jugendliche 14+ am 9.6.22 von 10 &#8211; 14 Uhr<\/p><p>Training Workshops Bewerber Module I und II am 27. und 28.6. von 10-16 Uhr<\/p><p>Gespr\u00e4chskreis 10 bis 14 Jahre am Samstag den 25.6.22 von 10-14 Uhr<br \/>Erfolgreiche Einreise aus Thailand trotz Pandemie<br \/>Abholung aus Russland erfolgreich abgeschlossen!<br \/>Herzlich Wilkommen daheim!<br \/>Mit dem letzten m\u00f6glichen Flieger von Deutschland nach Russland, M\u00e4rz 2022<br \/>Einreise aus Thailand im M\u00e4rz erfolgreich abgeschlossen! Willkommen daheim!<br \/>Nach wie vor kommt es Pandemiebedingt zu Verz\u00f6gerungen bei Abholungen, aber auch weiterhin erhalten wir Kindervorschl\u00e4ge !<br \/>Bislang j\u00fcngstes Kind bei Einreise in 2022 knapp unter 1,5 Jahre alt, \u00e4ltestes Kind bei Einreise 2022 6 Jahre alt<\/p><p>Ab dem 10.Januar 2022 sind wir wieder f\u00fcr Sie da! Bis dahin: Bleiben Sie gesund!<br \/>Jugendgespr\u00e4chskreis (ab 14 Jahren, 2.Gruppe) am 20.November von 10-14 Uhr<br \/>Jugendgespr\u00e4chskreis (ab 14 Jahren) am 13.November von 10-14 Uhr<br \/>20.7.2021 Pr\u00e4senz-Workshop Modul II, 10-16 Uhr<br \/>19.7.2021 Pr\u00e4sens-Workshop Modul I 10-16 Uhr<br \/>Pandemiebedingt: Ge\u00e4nderte B\u00fcrozeiten: Telefonisch sind wir im B\u00fcro vorl\u00e4ufig nur zwischen 9 und 13 Uhr erreichbar. Per Mail +Mobil im Homeoffice jederzeit<br \/>wir freuen uns \u00fcber 2 Einreisen aus der Tschechischen Republik. Willkommen daheim!<br \/>Den aktuell abholenden Eltern in Taiwan w\u00fcnschen wir eine erfolgreiche Anbahnung und Heimreise!<br \/>Willkommen in Deutschland! Wir k\u00f6nnen eine neue Einreise aus Thailand vermelden!<br \/>Weitere Einreisen und Kindervorschl\u00e4ge<br \/>Trotz Pandemie werden nach wie vor wichtige Entscheidungen im In- und Ausland getroffen, um Kindern die Chance auf ein Aufwachsen in gesunder Familienstruktur zu erm\u00f6glichen. Auch wenn die Verfahren aktuell deutlich mehr Zeit in Anspruch nehmen, d\u00fcrfen wir uns doch immer wieder \u00fcber die ein oder andere erfolgreiche Einreise freuen<\/p><p>Bereits im 2.Jahresviertel angekommen und immer noch durch COVID ausgebremst<br \/>Trotzdem: an Arbeit mangelt es uns nicht, da gerade aufgrund der Pandemie in vielen Familien Zeit zum Nachdenken vorhanden ist und auch die Kinder sich mit ihren Wurzeln eingehend besch\u00e4ftigen. So nimmt der Bedarf an Beratungsgespr\u00e4chen stetig zu und die Wurzelsuche wird zum Thema f\u00fcr immer mehr Kinder und Jugendliche. Insbesondere sind nat\u00fcrlich diejenigen betroffen, die bereits ihre Reise ins Heimatland geplant hatten und nun schon so lange Zeit nicht reisen konnten, ohne Perspektive, wann sich dies \u00e4ndert. F\u00fcr Kinder und Jugendliche sind 1-2 Jahre eine immens lange Zeit und die vielen Fragen, die dabei im Kopf herumschwirren, lassen sich leider nicht so leicht abstellen. Unsere dabei so hilfreichen Gruppenangebote k\u00f6nnen wir leider immer noch nicht anbieten, hoffen jedoch in der zweiten Jahresh\u00e4lfte, entsprechend Planungen machen zu k\u00f6nnen.<\/p><p>Willkommen im Jahr 2021 und willkommen in Deutschland!<br \/>Liebe Familien, Freunde und F\u00f6rderer, liebe Adoptionsinteressierte! Wir w\u00fcnschen Ihnen das Beste vom Guten f\u00fcr das vor uns liegende Jahr, das uns hoffentlich wieder mehr N\u00e4he und Begegnung beschert und unsere Seminare, Supervisionen und Familientreffen in absehbarer Zeit wieder m\u00f6glich macht! Wir freuen uns insbesondere, dass trotz Pandemie und sehr erschwerten Abholverfahren alle unsere Familien aus Thailand inzwischen wohlbehalten mit ihren Kindern zu Hause angekommen sind. Eine Abholung l\u00e4uft aktuell noch in Taiwan, ebenfalls mit 14t\u00e4giger Quarant\u00e4ne vor Begegnung mit dem Kind. Wir sind sehr froh, dass in allen bisherigen F\u00e4llen die Familien gesund geblieben sind und nun wohlbehalten dem schwierigen Alltag in Deutschland trotzen k\u00f6nnen. Wir w\u00fcnschen Freude, Kraft und gutes Gelingen in dieser nicht einfachen Zeit!<\/p><p>Merry Christmas and Happy New Year!<br \/>All unseren Familien, Freunden, F\u00f6rderern und Sponsoren w\u00fcnschen wir eine friedvolle Weihnacht, gesegnete Fest- und Feiertage und einen guten Start in ein hoffentlich gesundes und wieder mehr Miteinander erm\u00f6glichendes Jahr 2022!<\/p><p>Wir bedanken uns herzlich f\u00fcr die gute Zusammenarbeit, Ihre Treue und Unterst\u00fctzung, die wir besonders in diesen schweren Zeiten sehr zu sch\u00e4tzen wissen.<\/p><p>Unsere Planungen von Supervisionen, Fachvortr\u00e4gen, Biografiearbeitsgruppen und Gespr\u00e4chskreisen und vor allem unseres Familienfestes m\u00fcssen wir von der weiteren Entwicklung der Pandemie abh\u00e4ngig machen. Wir hoffen, im Fr\u00fchjahr einen besseren \u00dcberblick zu haben und melden uns dann.<\/p><p><span style=\"background-color: var( --e-global-color-d99024c );color: var( --e-global-color-text );font-family: var( --e-global-typography-text-font-family ), Sans-serif;font-size: var( --e-global-typography-text-font-size );font-weight: var( --e-global-typography-text-font-weight );text-align: var(--text-align)\">Thailand:<\/span><\/p><p>Weitere 9 Familien erfolgreich beim Boarddate 16.Dezember und weitere 3 Einreisen ins ASQ hotel in Bangkok. Wir freuen uns sehr, dass nach vielen Monaten angespannter Wartezeit nun endlich die Abholung stattfinden konnte, zwar unter sehr erschwerten Bedingungen f\u00fcr die Eltern, aber alle haben durchgehalten und sind gesund geblieben! Herzlichen Gl\u00fcckwunsch allen Familien und Willkommen in Deutschland! Jetzt kann es Weihnachten werden!<\/p><p>Erste abholende Familie in Thailand! Board 2.Dezember 20<br \/>Wir w\u00fcnschen eine reibungslose Quarant\u00e4nezeit und denken fest an SIe!<\/p><p>zweite Einreise aus Taiwan!<br \/>Herzlich willkommen in Deutschland! Wir freuen uns mit Eltern und Kind!<\/p><p>Erste Einreise aus Taiwan! Willkommen in Deutschland<br \/>Nach 3 Wochen Quarant\u00e4ne in Taiwan (2 Wochen strikt nur im Hotelzimmer, 1 Woche self-control) ist die lang erwartete erste Einreise in Pandemiezeiten aus Taiwan m\u00f6glich geworden. Wir freuen uns sehr mit den Eltern! Eine weitere Familie ist aktuell zur Abholung vor Ort, muss jedoch noch Quarant\u00e4nezeit absolvieren. Wir denken an Sie!<\/p><p>Am 19. und 20. Oktober sollen Module III und IV stattfinden. Hoffen wir auf gutes Gelingen!<br \/>Erste Abholungen in Covidzeiten aus Taiwan<br \/>F\u00fcr eine Familie hat die Abholungsphase bereits begonnen, die andere startet demn\u00e4chst nach Taiwan. Allerdings sind die ersten drei Wochen des Aufenthaltes dort f\u00fcr Quanrant\u00e4ne und Self Control geblockt. Dann erst ist die Begegnung mit dem Kind m\u00f6glich. Wir begleiten beide Familien mit guten Gedanken und bestem W\u00fcnschen!<\/p><p>Workshops Module I und II im September erfolgreich abgeschlossen<br \/>20 Teilnehmer konnten unter Beachtung des Hygienekonzeptes beide Modultage erfolgreich abschlie\u00dfen.<\/p><p>Erste Einreisen aus Russland im August<br \/>Endlich durften die deutschen Eltern in Russland einreisen und ihre bereits seit Ende Februar in Volladoption adopierten Kinder abholen.Eine lange und anstrengende Wartezeit ist endlich zu Ende. Willkommen in Deutschland!<\/p><p>!Spendenaufruf!<br \/>Pandemiebedingt suchen wir neue Wege der Zusammenarbeit per Skype und Telefon\/Zoom-Konferenzen. F\u00fcr unsere Beratungst\u00e4tigkeit und geplante Podcasts und Webbinare suchen wir dringend SPONSOREN, die unsere Arbeit unterst\u00fctzen m\u00f6chten.<\/p><p>Als gemeinn\u00fctziger Verein der Kinder- und Jugendhilfe und Tr\u00e4ger freier Jugendhilfe sind wir komplett eigenfinanziert, d.h. wir erhalten bislang keinerlei staatliche Unterst\u00fctzung, obwohl wir staatlich kontrolliert und mit entsprechendem Fachkr\u00e4ftegebot belegt sind.<\/p><p>Deshalb sind wir dringend auf SPENDEN angewiesen!<\/p><p>Juli 2020 &#8211; R\u00fcckblick und Ausblick<br \/>Noch immer warten unsere Eltern auf einen Abholtermin, f\u00fcr alle eine schwere Geduldspr\u00fcfung! Die f\u00fcr Juni und Juli geplanten Seminare mu\u00dften wir verschieben und hoffen nun sehr, dass diese im September und Oktober stattfinden k\u00f6nnen. Ebenso fielen die Biografiegruppen f\u00fcr Kinder ab Schulalter im April und Mai aus, auch die Supervisionsgruppen f\u00fcr die Eltern und der geplante Gespr\u00e4chskreis f\u00fcr Jugendliche. Daf\u00fcr wurde vermehrt unser Beratungsangebot per Skype oder im pers\u00f6nlichen Gepr\u00e4ch (im gro\u00dfen Saal mit viel Abstand) in Anspruch genommen. Leider fielen auch Delegationsbesuche aus und sind zumindest f\u00fcr dieses Jahr auch nicht mehr in Planung.<\/p><p>Trotz Corona&#8230;.oder wegen Corona&#8230;<br \/>Erfreulich ist, dass trotz der Pandemie weiterhin Kindervorschl\u00e4ge unterbreitet werden, die Beh\u00f6rden vor Ort also weiterhin sehr bem\u00fcht sind, zum Wohl der Kinder z\u00fcgig zu entscheiden. Inzwischen warten 21 Kinder auf ihre Abholtermine in ihren L\u00e4ndern. Einzelne Heime erm\u00f6glichen den Eltern und Kindern wenigstens \u00fcber Skype, die Corona bedingte Wartezeit zu \u00fcberbr\u00fccken. Daf\u00fcr sind wir sehr dankbar und merken, wie es allen Beteiligten gut tut, wenigstens auf diesem Wege Kontakt zu ihren Kindern haben zu d\u00fcrfen. Wir hoffen sehr auf baldige Abholtermine!<\/p><p>ABSAGE FAMILIENTREFFEN jUNI 2020<br \/>Pandemiebedingt m\u00fcssen wir leider unser diesj\u00e4hriges Familientreffen absagen. Unsere G\u00e4ste aus Taiwan haben ihre Fl\u00fcge bereits ebenfalls storniert. Ob eine Verschiebung auf diesen Herbst m\u00f6glich sein wird, ist fraglich. Wir gehen eher von deren Besuch im n\u00e4chsten Jahr aus. Wir bedauern dies sehr, m\u00fcssen uns jedoch an die Vorgaben halten und bitten um Ihr Verst\u00e4ndnis.<\/p><p>Ab Gr\u00fcndonnerstag, 9.4.2020 bis einschlie\u00dflich 17.4.20 bleibt unser B\u00fcro geschlossen. Ab 20.4.2020 sind wir wieder f\u00fcr Sie da. Wir w\u00fcnschen allen besinnliche Osterfeiertage und: Bleiben Sie gesund!!!<br \/>Covid19<br \/>Situationsbedingt bitten wir um Verst\u00e4ndnis, dass bis auf weiteres (zumindest bis Ende Osterferien) alle pers\u00f6nlichen Kontakte verschoben werden m\u00fcssen. Gerne stehen wir per Skype oder Mail\/Post Rede und Antwort. Unser B\u00fcro wird Dank Homeoffice ab sofort nur noch an Vormittagen in alternierender Einzelbesetzung erreichbar sein. Aktuell sind keine Abholungen, Besuche oder Einreisen m\u00f6glich. Matchings finden aktuell nicht statt. Wir alle hoffen auf eine baldige positive Ver\u00e4nderung und w\u00fcnschen uns gegenseitig gute Gesundheit!<\/p><p>ACHTUNG! Ausnahmezustand in Thailand wegen COVID-19<br \/>Seit 2.M\u00e4rz geh\u00f6rt Deutschland zu den zwischenzeitlich 10 L\u00e4ndern, die aktuell nicht abholen d\u00fcrfen und keinen Boardtermin erhalten oder den bereits erhaltenen bis auf weiteres verschieben m\u00fcssen!<\/p><p>CAC (Zentrale Beh\u00f6rde) are concerned for all the families\u2019 anxieties, but they also mentioned about child protection that we should take no risks in allowing children to go to at-risk countries.<\/p><p>Wir bitten um Verst\u00e4ndnis und Geduld und halten die betroffenen Familien auf dem Laufenden<\/p><p>Unser Familientreffen wird am 27.Juni 2020 stattfinden! Eine Delegation aus Taiwan wird uns dann besuchen<br \/>Besuch aus Pattaya, Thailand<br \/>Fr.Michael und zwei Fachkr\u00e4fte kamen zu intensiven Gespr\u00e4chen zu uns, um die weitere Zusammenarbeit zu besprechen. Nach Khun Suwana&#8217;s und Khun Toy&#8217;s Pensionierung \u00fcbernahm ein neues Team den Aufgabenbereich und sollte nun anl\u00e4\u00dflich einer gemeinsamen Europareise die Kooperationspartner kennenlernen und offene Fragen kl\u00e4ren. Bis zuletzt war fraglich, ob die Delegation \u00fcberhaupt kommen w\u00fcrde, weil wegen Corona einige Partner nicht besucht werden konnten. Zudem wird sich das Team nach seiner R\u00fcckkehr aufgrund aktueller Verordnungen des thail\u00e4ndischen Ministeriums in 14t\u00e4gige Quarant\u00e4ne begeben m\u00fcssen, da Deutschland zwischenzeitlich von Thailand als Risikoland eingestuft wurde.<\/p><p>Wir w\u00fcnschen ein erfolgreiches und gesundes 2020!<br \/>Abschiedsbesuch von Frau Radchada (Khun Toy)<br \/>ein ganz herzliches DANKESCH\u00d6N an alle, die dazu beigetragen haben, den Abschiedsbesuch von Frau Radchada geb\u00fchrend zu einem Highlight zu gestalten.<\/p><p>Wir danken den \u00fcber 30 Familien, die trotz Werktag, Schule und Berufst\u00e4tigkeit ein pers\u00f6nliches Kommen erm\u00f6glicht haben.<\/p><p>Wir danken den Familien, die einen Gru\u00df mit einigen netten Zeilen und Fotos per Mail und per Post gesendet haben.<\/p><p>Wir danken den Spendern, die uns unterst\u00fctzt haben, um beide Tage zu finanzieren und Frau Radchada einen entsprechenden Spendenbeitrag mitzugeben.<\/p><p>Frau Radchada war hoch erfreut \u201eIhre\u201c Kinder wieder zusehen. Sie erkannte alle wieder, wu\u00dfte die Namen, war sehr interessiert an ihrer Entwicklung und bewunderte die Gr\u00f6\u00dfe der Jugendlichen.<\/p><p>Die schriftlichen Gr\u00fc\u00dfe, Fotos und Kurzberichte las sie aufmerksam durch und freute sich sichtlich \u00fcber die Ausf\u00fchrungen. Zu Hause wird sie alle Berichte nochmals gr\u00fcndlich lesen.<\/p><p>Khun Toy bedankt sich von ganzem Herzen f\u00fcr die entgegengebrachte Wertsch\u00e4tzung und die Aufmerksamkeiten.<\/p><p>Jedes gelungene matching ist f\u00fcr sie ein Geschenk und erf\u00fcllt sie mit Dankbarkeit. Es war ihre gr\u00f6\u00dfte Freude, zu erleben, dass die Kinder in ihren Familien gut angenommen sind. Dass sie eine sichere Lebensbasis, W\u00e4rme, Unterst\u00fctzung, Struktur, Leitung und Bildung erfahren.<\/p><p>Sie l\u00e4sst alle Familien gr\u00fc\u00dfen, bedankt sich f\u00fcr die Warmherzigkeit, f\u00fcr Verst\u00e4ndnis und Geduld, welche den Kindern entgegen gebracht werden und w\u00fcnscht den Eltern weiterhin Kraft und Gottes Segen, auch f\u00fcr die schwierigen Phasen bis zum Erwachsenwerden. Gerne d\u00fcrfen sich die Familien f\u00fcr Wurzelsuche oder (je nach Alter der Kinder) auch Begegnungen mit der leiblichen Familie melden. Sie wird auch weiterhin versuchen, eine pers\u00f6nliche Begleitung zu erm\u00f6glichen.<\/p><p>Unt\u00e4tig wird Frau Radchada im Ruhestand nicht sein. Sie wird sich um Stra\u00dfenkinder k\u00fcmmern. Kinder, die nicht im Kinderheim leben, die jedoch keine sichere Basis in ihren leiblichen Familie finden. Kinder, die keine Chance auf Bildung haben und als billige Arbeitskraft von ihren Angeh\u00f6rigen ausgenutzt werden. Und davon gibt es in Thailand leider viele.<\/p><p>Die Vermittlungst\u00e4tigkeit wird fortgesetzt. Father Michael bleibt, Lam ist eingearbeitet. Weitere Mitarbeiter entlasten beim b\u00fcrokratischen Ablauf.<\/p><p>Auch wenn wir weiterhin in Kontakt bleiben, wird uns Frau Radchada mit ihrer zuverl\u00e4ssigen Vorgehensweise, zielsicheren Leitung und ihrem intuitiven, empathischen Gesp\u00fcr sehr fehlen. Wir w\u00fcnschen ihr von Herzen alles Gute und Gottes Segen f\u00fcr ihren k\u00fcnftigen Einsatz!<\/p><p>13.+14.November Besuch aus Thailand, Termine nach Vereinbarung, vorzugsweise Schulkinder nachmittags, Kiga-Kinder vormittags<br \/>9.November 10-17 Uhr Supervision Eltern und Biografiearbeitsgruppen Kinder<br \/>Thema f\u00fcr die Eltern vormittags &#8222;Gef\u00fchle entstehen im Kopf&#8220;, was macht das mit unseren Kindern im Alltag, welche Verhaltensweisen sind &#8222;vorprogrammiert&#8220;. Nachmittags Austausch und Fallbesprechungen.<\/p><p>Parallel finden f\u00fcr die Kinder Biografiearbeitsgruppen statt, je nach Anmeldungen und Alter (bis\/ab 10 Jahre)<\/p><p>26.Oktober Besuch ZB Brno, Termine nach Vereinbarung, Thema Wurzelsuche<br \/>Im September und Oktober 2019 neue Bildungsworkshops Module I bis IV siehe Termine<br \/>Nach wie vor haben wir Probleme mit unserer Telefonanlage. Leider waren die Telekominterventionen bislang nicht besonders erfolgreich<br \/>Im Oktober und November erwarten wir Besuch aus dem Ausland. Nach der Sommerpause werden wir Sie entsprechend informieren<br \/>Im August werden wir nur sehr eingeschr\u00e4nkt im B\u00fcro zur Verf\u00fcgung stehen. \u00dcber e-mail sind wir jedoch erreichbar.<br \/>Alle Human Help Pattaya Volont\u00e4re sind herzlich willkommen bei unserem Familientreffen am 29.Juni!!!<br \/>Bitte beachten: seit wir eine neue Telefonanlage haben, haben wir mit h\u00e4ufigen St\u00f6rungen zu k\u00e4mpfen. Die zweite Nummer (33942-0) f\u00e4llt h\u00e4ufig aus oder schaltet auf besetzt ohne M\u00f6glichkeit eine Nachricht zu hinterlassen. W\u00e4hlen Sie dann bitte 06221-833148<br \/>Familientreffen am 29.Juni 2019 &#8211; Doodleliste ist noch offen, bitte bis sp\u00e4testens 2 Tage vorher anmelden, Danke!<br \/>Im November beginnen neue Biografiearbeitsgruppen (siehe Termine)<br \/>Familientreffen am 9.6.2018<br \/>Rund 200 Erwachsene und an die hundert Kinder waren bei strahlendem Sommerwetter zum Familientreffen gekommen. Die Kinder nutzten das Gel\u00e4nde zum Toben und neue Freundschaften schlie\u00dfen, die Erwachsenen hatten reichlich Gelegenheit zum Erfahrungsaustausch und die Fachkr\u00e4fte standen f\u00fcr kurze Beratungen zur Verf\u00fcgung. Am meisten freute uns alle, dass es Frau Radchada vom Pattaya Orphanage m\u00f6glich war, an unserem Treffen teilzunehmen. Anl\u00e4\u00dflich ihrer Europareise war sie auch einige Tage in Heidelberg zu Gast. Unerm\u00fcdlich war sie im Gespr\u00e4ch mit Familien und freute sich \u00fcber die pr\u00e4chtige Entwicklung &#8222;ihrer&#8220; Kinder. Dies erfreute auch den Generalkonsul, der mit einem Kollegen vom Thai-Generalkonsulat Frankfurt angereist war. Auch drei ehemalige Volont\u00e4rinnen des Pattaya Orphanage, die dort jeweils 1 Jahr hospitiert hatten, nutzten die Gelegenheit zu einem Wiedersehen und staunten, wie gro\u00df die Kinder inzwischen schon geworden sind. Wir danken allen Besuchern und freuen uns \u00fcber diesen gelungenen Tag!<\/p><p>Biografiearbeitsgruppe (6-10 Jahre) am 5.5.2018 ist bereits ausgebucht<br \/>Doodle-Anmeldung f\u00fcr Familientreffen am 9.6.2018 ist offen. Bitte per Mail Link erfragen<br \/>Positionspapier der Freien Tr\u00e4ger in der Auslandsvermittlung<br \/>Weiterlesen<\/p><p>Trauernachricht aus Bulgarien<br \/>In stillem Gedenken an Georgi Kremenliev: Unser gesch\u00e4tzter Kollege und Kooperationspartner Georgi Kremenliev ist \u00fcberraschend und viel zu fr\u00fch Mitte letzter Woche nach kurzer schwerer Krankheit verstorben. Die Beerdigung fand bereits am Sonntag statt. Wir verlieren einen sehr engagierten zuverl\u00e4ssigen Partner, dem das Wohl der Kinder immer sehr am Herzen lag. Sein empathisches freundliches Wesen und sein Humor werden uns fehlen. Unser Mitgef\u00fchl gilt seiner Familie und seinen Mitarbeitern. Unser Kondolenzschreiben &#8211; auch im Namen unserer von ihm betreuten Familien &#8211; ging bereits letzte Woche nach Bulgarien. F\u00fcr die im Verfahren befindlichen Bewerber haben wir Mitteilung erhalten, dass seine Kollegen die Organisation weiterf\u00fchren werden und mit uns in engem Kontakt bleiben werden.<\/p><p>13.September Treffen mit Thai-Delegation DCY in K\u00f6ln<br \/>Anl\u00e4sslich eines Deutschlandbesuches der Zentralen Beh\u00f6rde Bangkok war es uns m\u00f6glich, unsere F\u00e4lle durchzusprechen, die Vorgaben und Abl\u00e4ufe bei Wurzelsuche zu kl\u00e4ren und ein Patenschaftsprogramm f\u00fcr im Heim verbleibende Kinder zu er\u00f6rtern<\/p><p>24.Juni 2017 &#8211; Wurzelsuche: Vorbereitung und Nachsorge Eltern und Kinder getrennte Gruppen<br \/>Familientreffen gem\u00e4\u00df Einladung ab 11 Uhr am 20.5.2017 &#8211; Doodleliste noch offen<br \/>14.2.2017 &#8211; Besuch bei DCY, Bangkok<\/p>\t\t\t\t\t\t<\/div>\n\t\t\t\t<\/div>\n\t\t\t\t\t<\/div>\n\t\t\t\t<\/div>\n\t\t\t\t<\/div>","protected":false},"excerpt":{"rendered":"<p>2017 bis 2023 Eltern-Seminare Modul I und II am 13. und 14. November 2023 von 10 bis 16 UhrEltern-Seminare Module III und IV am 7.+8.12.2023 von 10 &#8211; 16UhrSupervisionsangebot begleitende Eltern, Thema Biografiearbeit, am 9.12.2023 2 GruppenBiografiearbeit Kindergruppen (6-8 Jahre und 8-10 Jahre), jeweils 3 Stunden am 9.12.2023Jugend-Gespr\u00e4chskreis f\u00fcr 10-14j\u00e4hrige am 22.7.2023 von 10-14 UhrSupervisionsangebot [&hellip;]<\/p>","protected":false},"author":1,"featured_media":0,"parent":0,"menu_order":0,"comment_status":"closed","ping_status":"closed","template":"","meta":{"footnotes":""},"class_list":["post-3635","page","type-page","status-publish","hentry"],"_links":{"self":[{"href":"https:\/\/www.ekb-pcb.de\/en\/wp-json\/wp\/v2\/pages\/3635","targetHints":{"allow":["GET"]}}],"collection":[{"href":"https:\/\/www.ekb-pcb.de\/en\/wp-json\/wp\/v2\/pages"}],"about":[{"href":"https:\/\/www.ekb-pcb.de\/en\/wp-json\/wp\/v2\/types\/page"}],"author":[{"embeddable":true,"href":"https:\/\/www.ekb-pcb.de\/en\/wp-json\/wp\/v2\/users\/1"}],"replies":[{"embeddable":true,"href":"https:\/\/www.ekb-pcb.de\/en\/wp-json\/wp\/v2\/comments?post=3635"}],"version-history":[{"count":10,"href":"https:\/\/www.ekb-pcb.de\/en\/wp-json\/wp\/v2\/pages\/3635\/revisions"}],"predecessor-version":[{"id":3665,"href":"https:\/\/www.ekb-pcb.de\/en\/wp-json\/wp\/v2\/pages\/3635\/revisions\/3665"}],"wp:attachment":[{"href":"https:\/\/www.ekb-pcb.de\/en\/wp-json\/wp\/v2\/media?parent=3635"}],"curies":[{"name":"wp","href":"https:\/\/api.w.org\/{rel}","templated":true}]}}