{"id":38,"date":"2023-12-13T18:20:36","date_gmt":"2023-12-13T17:20:36","guid":{"rendered":"https:\/\/www.ekb-pcb.de\/?page_id=38"},"modified":"2026-04-02T15:36:28","modified_gmt":"2026-04-02T13:36:28","slug":"mitgliedschaft","status":"publish","type":"page","link":"https:\/\/www.ekb-pcb.de\/en\/mitgliedschaft\/","title":{"rendered":"Membership"},"content":{"rendered":"<div data-elementor-type=\"wp-page\" data-elementor-id=\"38\" class=\"elementor elementor-38\" data-elementor-post-type=\"page\">\n\t\t\t\t<div class=\"elementor-element elementor-element-2930a88 e-flex e-con-boxed e-con e-parent\" data-id=\"2930a88\" data-element_type=\"container\" data-core-v316-plus=\"true\">\n\t\t\t\t\t<div class=\"e-con-inner\">\n\t\t\t\t<div class=\"elementor-element elementor-element-5cc7c56a elementor-widget elementor-widget-text-editor\" data-id=\"5cc7c56a\" data-element_type=\"widget\" data-widget_type=\"text-editor.default\">\n\t\t\t\t<div class=\"elementor-widget-container\">\n\t\t\t<style>\/*! elementor - v3.20.0 - 20-03-2024 *\/\n.elementor-widget-text-editor.elementor-drop-cap-view-stacked .elementor-drop-cap{background-color:#69727d;color:#fff}.elementor-widget-text-editor.elementor-drop-cap-view-framed .elementor-drop-cap{color:#69727d;border:3px solid;background-color:transparent}.elementor-widget-text-editor:not(.elementor-drop-cap-view-default) .elementor-drop-cap{margin-top:8px}.elementor-widget-text-editor:not(.elementor-drop-cap-view-default) .elementor-drop-cap-letter{width:1em;height:1em}.elementor-widget-text-editor .elementor-drop-cap{float:left;text-align:center;line-height:1;font-size:50px}.elementor-widget-text-editor .elementor-drop-cap-letter{display:inline-block}<\/style>\t\t\t\t<h2>Become a supporting member of the<\/h2><p>Applicant families pay us a fee for arranging the adoption, most of which we pass on to our cooperation partners abroad. The portion that remains with us covers our costs with no profit motive.<\/p><p>In the meantime, the focus of our work has shifted towards aftercare and counseling services for adoptees and adoptive parents. Our workload for networking, family meetings, advice and support in the search for roots or in the event of parenting difficulties is constantly increasing, as are the inquiries from the individual countries about the well-being and sensitivities of children who have been here for a long time. Increasingly, foreign countries also want to receive feedback until the adoptees reach the age of majority and are increasingly requesting an update of the development reports.<\/p><p>We need support to fund such programmes, precisely because there has been no financial support from the state to date and, unfortunately, none is expected.<\/p><p>So, if you're still looking for a meaningful way to sponsor and would like to help the less fortunate, you've come to the right place!<\/p><p>Thank you for your understanding and support!<\/p><p><strong><span style=\"text-decoration: underline\"><a href=\"https:\/\/www.ekb-pcb.de\/wp-content\/uploads\/2026\/04\/Foerdermitgliedschaft-1.pdf\">Antrag auf F\u00f6rdermitgliedschaft<\/a><\/span><\/strong><\/p>\t\t\t\t\t\t<\/div>\n\t\t\t\t<\/div>\n\t\t\t\t\t<\/div>\n\t\t\t\t<\/div>\n\t\t\t\t<\/div>","protected":false},"excerpt":{"rendered":"<p>Werden Sie F\u00f6rdermitglied der EKB! Bewerberfamilien zahlen ans uns f\u00fcr die Vermittlung der Adoption einen Betrag, den wir zu gro\u00dfen Teilen an unsere Kooperationspartner im Ausland weitergeben. Der bei uns verbleibende Anteil deckt unsere Kosten, ohne dass wir eine Gewinnerzielungsabsicht verfolgen. Mittlerweile hat sich unser Arbeitsschwerpunkt in Richtung Nachsorge- und Beratungsangebote f\u00fcr Adoptierte und Adoptiveltern [&hellip;]<\/p>","protected":false},"author":1,"featured_media":0,"parent":0,"menu_order":0,"comment_status":"closed","ping_status":"closed","template":"elementor_theme","meta":{"footnotes":""},"class_list":["post-38","page","type-page","status-publish","hentry"],"_links":{"self":[{"href":"https:\/\/www.ekb-pcb.de\/en\/wp-json\/wp\/v2\/pages\/38","targetHints":{"allow":["GET"]}}],"collection":[{"href":"https:\/\/www.ekb-pcb.de\/en\/wp-json\/wp\/v2\/pages"}],"about":[{"href":"https:\/\/www.ekb-pcb.de\/en\/wp-json\/wp\/v2\/types\/page"}],"author":[{"embeddable":true,"href":"https:\/\/www.ekb-pcb.de\/en\/wp-json\/wp\/v2\/users\/1"}],"replies":[{"embeddable":true,"href":"https:\/\/www.ekb-pcb.de\/en\/wp-json\/wp\/v2\/comments?post=38"}],"version-history":[{"count":35,"href":"https:\/\/www.ekb-pcb.de\/en\/wp-json\/wp\/v2\/pages\/38\/revisions"}],"predecessor-version":[{"id":3698,"href":"https:\/\/www.ekb-pcb.de\/en\/wp-json\/wp\/v2\/pages\/38\/revisions\/3698"}],"wp:attachment":[{"href":"https:\/\/www.ekb-pcb.de\/en\/wp-json\/wp\/v2\/media?parent=38"}],"curies":[{"name":"wp","href":"https:\/\/api.w.org\/{rel}","templated":true}]}}