{"id":51,"date":"2023-12-13T18:21:52","date_gmt":"2023-12-13T17:21:52","guid":{"rendered":"https:\/\/www.ekb-pcb.de\/?page_id=51"},"modified":"2024-10-01T15:51:18","modified_gmt":"2024-10-01T13:51:18","slug":"polen","status":"publish","type":"page","link":"https:\/\/www.ekb-pcb.de\/en\/polen\/","title":{"rendered":"Poland"},"content":{"rendered":"<div data-elementor-type=\"wp-page\" data-elementor-id=\"51\" class=\"elementor elementor-51\" data-elementor-post-type=\"page\">\n\t\t\t\t<div class=\"elementor-element elementor-element-2c9334c e-flex e-con-boxed e-con e-parent\" data-id=\"2c9334c\" data-element_type=\"container\" data-core-v316-plus=\"true\">\n\t\t\t\t\t<div class=\"e-con-inner\">\n\t\t\t\t<div class=\"elementor-element elementor-element-339a1db elementor-widget elementor-widget-heading\" data-id=\"339a1db\" data-element_type=\"widget\" data-widget_type=\"heading.default\">\n\t\t\t\t<div class=\"elementor-widget-container\">\n\t\t\t<style>\/*! elementor - v3.20.0 - 20-03-2024 *\/\n.elementor-heading-title{padding:0;margin:0;line-height:1}.elementor-widget-heading .elementor-heading-title[class*=elementor-size-]>a{color:inherit;font-size:inherit;line-height:inherit}.elementor-widget-heading .elementor-heading-title.elementor-size-small{font-size:15px}.elementor-widget-heading .elementor-heading-title.elementor-size-medium{font-size:19px}.elementor-widget-heading .elementor-heading-title.elementor-size-large{font-size:29px}.elementor-widget-heading .elementor-heading-title.elementor-size-xl{font-size:39px}.elementor-widget-heading .elementor-heading-title.elementor-size-xxl{font-size:59px}<\/style><h2 class=\"elementor-heading-title elementor-size-default\">Adoptions from Poland<br><br><\/h2>\t\t<\/div>\n\t\t\t\t<\/div>\n\t\t\t\t<div class=\"elementor-element elementor-element-3d24a45 elementor-widget elementor-widget-image\" data-id=\"3d24a45\" data-element_type=\"widget\" data-widget_type=\"image.default\">\n\t\t\t\t<div class=\"elementor-widget-container\">\n\t\t\t<style>\/*! elementor - v3.20.0 - 20-03-2024 *\/\n.elementor-widget-image{text-align:center}.elementor-widget-image a{display:inline-block}.elementor-widget-image a img[src$=\".svg\"]{width:48px}.elementor-widget-image img{vertical-align:middle;display:inline-block}<\/style>\t\t\t\t\t\t\t\t\t\t<img fetchpriority=\"high\" decoding=\"async\" width=\"300\" height=\"188\" src=\"https:\/\/www.ekb-pcb.de\/wp-content\/uploads\/2024\/01\/Flag_of_Poland.svg-300x188.png\" class=\"attachment-medium size-medium wp-image-2042\" alt=\"\" srcset=\"https:\/\/www.ekb-pcb.de\/wp-content\/uploads\/2024\/01\/Flag_of_Poland.svg-300x188.png 300w, https:\/\/www.ekb-pcb.de\/wp-content\/uploads\/2024\/01\/Flag_of_Poland.svg-18x12.png 18w, https:\/\/www.ekb-pcb.de\/wp-content\/uploads\/2024\/01\/Flag_of_Poland.svg.png 512w\" sizes=\"(max-width: 300px) 100vw, 300px\" \/>\t\t\t\t\t\t\t\t\t\t\t\t\t<\/div>\n\t\t\t\t<\/div>\n\t\t\t\t<div class=\"elementor-element elementor-element-0432dcf elementor-widget elementor-widget-text-editor\" data-id=\"0432dcf\" data-element_type=\"widget\" data-widget_type=\"text-editor.default\">\n\t\t\t\t<div class=\"elementor-widget-container\">\n\t\t\t<style>\/*! elementor - v3.20.0 - 20-03-2024 *\/\n.elementor-widget-text-editor.elementor-drop-cap-view-stacked .elementor-drop-cap{background-color:#69727d;color:#fff}.elementor-widget-text-editor.elementor-drop-cap-view-framed .elementor-drop-cap{color:#69727d;border:3px solid;background-color:transparent}.elementor-widget-text-editor:not(.elementor-drop-cap-view-default) .elementor-drop-cap{margin-top:8px}.elementor-widget-text-editor:not(.elementor-drop-cap-view-default) .elementor-drop-cap-letter{width:1em;height:1em}.elementor-widget-text-editor .elementor-drop-cap{float:left;text-align:center;line-height:1;font-size:50px}.elementor-widget-text-editor .elementor-drop-cap-letter{display:inline-block}<\/style>\t\t\t\t<p><strong>Aktuell ist die Vermittlung stark ausgebremst.<\/strong><\/p><p>Since 1995, Polish adoption law has been based on the Hague Convention on Intercountry Adoption. As of January 2017, there is only one authorised body to receive international applications: the Catholic Placement Office in Warsaw.<\/p><p>In Poland, the Hague Convention prioritises domestic adoption over foreign adoption. This means that foreign adoption applicants are only considered as potential parents if no suitable Polish adoptive parents are available.<\/p><p>In der Regel stehen \u00e4ltere Kinder ab etwa 4 Jahren oder Kinder mit gesundheitlichen Problemen, die nur im Ausland erfolgreich behandelt werden k\u00f6nnen, f\u00fcr Auslandsadoptionen zur Verf\u00fcgung. Auch Geschwister, oft mehrere, die zusammen adoptiert werden sollen, fallen in diese Kategorie. Die polnischen Beh\u00f6rden bevorzugen Familien, die zur gegenseitigen Kontaktpflege bereit sind, was in Polen bisher selten der Fall war. Besonders gesucht sind Adoptiveltern, die bereit sind, Schulkinder zu adoptieren. Ein weiterer wesentlicher Aspekt der Vermittlung ist, dass die Adoptiveltern polnische Wurzeln mitbringen, was von den polnischen Beh\u00f6rden als Voraussetzung betrachtet wird.<\/p>\t\t\t\t\t\t<\/div>\n\t\t\t\t<\/div>\n\t\t\t\t\t<\/div>\n\t\t\t\t<\/div>\n\t\t\t\t<\/div>","protected":false},"excerpt":{"rendered":"<p>Adoptionen aus Polen Aktuell ist die Vermittlung stark ausgebremst. Seit 1995 basiert das polnische Adoptionsrecht auf dem Haager \u00dcbereinkommen \u00fcber internationale Adoptionen. Seit Januar 2017 gibt es nur noch eine befugte Stelle, die Auslandsbewerbungen entgegen nehmen darf: Die katholische Vermittlungsstelle in Warschau. Das Haager \u00dcbereinkommen schreibt in Polen eine Priorit\u00e4t der Inlandsadoption gegen\u00fcber der Auslandsadoption [&hellip;]<\/p>","protected":false},"author":1,"featured_media":0,"parent":0,"menu_order":0,"comment_status":"closed","ping_status":"closed","template":"","meta":{"footnotes":""},"class_list":["post-51","page","type-page","status-publish","hentry"],"_links":{"self":[{"href":"https:\/\/www.ekb-pcb.de\/en\/wp-json\/wp\/v2\/pages\/51","targetHints":{"allow":["GET"]}}],"collection":[{"href":"https:\/\/www.ekb-pcb.de\/en\/wp-json\/wp\/v2\/pages"}],"about":[{"href":"https:\/\/www.ekb-pcb.de\/en\/wp-json\/wp\/v2\/types\/page"}],"author":[{"embeddable":true,"href":"https:\/\/www.ekb-pcb.de\/en\/wp-json\/wp\/v2\/users\/1"}],"replies":[{"embeddable":true,"href":"https:\/\/www.ekb-pcb.de\/en\/wp-json\/wp\/v2\/comments?post=51"}],"version-history":[{"count":43,"href":"https:\/\/www.ekb-pcb.de\/en\/wp-json\/wp\/v2\/pages\/51\/revisions"}],"predecessor-version":[{"id":2962,"href":"https:\/\/www.ekb-pcb.de\/en\/wp-json\/wp\/v2\/pages\/51\/revisions\/2962"}],"wp:attachment":[{"href":"https:\/\/www.ekb-pcb.de\/en\/wp-json\/wp\/v2\/media?parent=51"}],"curies":[{"name":"wp","href":"https:\/\/api.w.org\/{rel}","templated":true}]}}