{"id":83,"date":"2023-12-13T18:26:55","date_gmt":"2023-12-13T17:26:55","guid":{"rendered":"https:\/\/www.ekb-pcb.de\/?page_id=83"},"modified":"2024-01-14T17:06:09","modified_gmt":"2024-01-14T16:06:09","slug":"vorbereitungsseminare","status":"publish","type":"page","link":"https:\/\/www.ekb-pcb.de\/en\/vorbereitungsseminare\/","title":{"rendered":"Parent seminars"},"content":{"rendered":"<div data-elementor-type=\"wp-page\" data-elementor-id=\"83\" class=\"elementor elementor-83\" data-elementor-post-type=\"page\">\n\t\t\t\t<div class=\"elementor-element elementor-element-72c0464a e-flex e-con-boxed e-con e-parent\" data-id=\"72c0464a\" data-element_type=\"container\" data-core-v316-plus=\"true\">\n\t\t\t\t\t<div class=\"e-con-inner\">\n\t\t\t\t<div class=\"elementor-element elementor-element-4b7f8ffa elementor-widget elementor-widget-text-editor\" data-id=\"4b7f8ffa\" data-element_type=\"widget\" data-widget_type=\"text-editor.default\">\n\t\t\t\t<div class=\"elementor-widget-container\">\n\t\t\t<style>\/*! elementor - v3.20.0 - 20-03-2024 *\/\n.elementor-widget-text-editor.elementor-drop-cap-view-stacked .elementor-drop-cap{background-color:#69727d;color:#fff}.elementor-widget-text-editor.elementor-drop-cap-view-framed .elementor-drop-cap{color:#69727d;border:3px solid;background-color:transparent}.elementor-widget-text-editor:not(.elementor-drop-cap-view-default) .elementor-drop-cap{margin-top:8px}.elementor-widget-text-editor:not(.elementor-drop-cap-view-default) .elementor-drop-cap-letter{width:1em;height:1em}.elementor-widget-text-editor .elementor-drop-cap{float:left;text-align:center;line-height:1;font-size:50px}.elementor-widget-text-editor .elementor-drop-cap-letter{display:inline-block}<\/style>\t\t\t\t<h2>Parent seminars<\/h2><p>We offer specialist lectures, training, seminars and workshops on international adoption for prospective parents and educators, focusing on two cultural areas.\u00a0<\/p><p>The seminars can only take place if there are sufficient registrations. Participants will receive a certificate of attendance.<\/p><p><strong>Date<\/strong><\/p><p><strong>Place:\u00a0 \u00a0 \u00a0 <\/strong>Wernher-von-Braun-Str. 18, 69214 Eppelheim<\/p><p><strong>Costs:<\/strong>\u00a0 \u00a0 \u00a0 150.- \u20ac\/per day and per person incl. catering<\/p>\t\t\t\t\t\t<\/div>\n\t\t\t\t<\/div>\n\t\t\t\t\t<\/div>\n\t\t\t\t<\/div>\n\t\t\t\t<\/div>","protected":false},"excerpt":{"rendered":"<p>Eltern-Seminare F\u00fcr werdende Eltern sowie p\u00e4dagogische Fachkr\u00e4fte bieten wir Fachvortr\u00e4ge, Fortbildung, Seminare und Workshops zur Auslandsadoptionen mit Spezialisierung auf zwei Kulturebereiche an.\u00a0 Die Seminare k\u00f6nnen nur mit ausreichender Anmeldungszahl stattfinden. Die Teilnehmer erhalten eine Teilnahmebescheinigung. Termin: Ort:\u00a0 \u00a0 \u00a0 Wernher-von-Braun-Str. 18, 69214 Eppelheim Kosten:\u00a0 \u00a0 \u00a0 150.- \u20ac\/pro Tag und pro Person inkl. Verpflegung<\/p>","protected":false},"author":1,"featured_media":0,"parent":0,"menu_order":0,"comment_status":"closed","ping_status":"closed","template":"","meta":{"footnotes":""},"class_list":["post-83","page","type-page","status-publish","hentry"],"_links":{"self":[{"href":"https:\/\/www.ekb-pcb.de\/en\/wp-json\/wp\/v2\/pages\/83","targetHints":{"allow":["GET"]}}],"collection":[{"href":"https:\/\/www.ekb-pcb.de\/en\/wp-json\/wp\/v2\/pages"}],"about":[{"href":"https:\/\/www.ekb-pcb.de\/en\/wp-json\/wp\/v2\/types\/page"}],"author":[{"embeddable":true,"href":"https:\/\/www.ekb-pcb.de\/en\/wp-json\/wp\/v2\/users\/1"}],"replies":[{"embeddable":true,"href":"https:\/\/www.ekb-pcb.de\/en\/wp-json\/wp\/v2\/comments?post=83"}],"version-history":[{"count":24,"href":"https:\/\/www.ekb-pcb.de\/en\/wp-json\/wp\/v2\/pages\/83\/revisions"}],"predecessor-version":[{"id":2195,"href":"https:\/\/www.ekb-pcb.de\/en\/wp-json\/wp\/v2\/pages\/83\/revisions\/2195"}],"wp:attachment":[{"href":"https:\/\/www.ekb-pcb.de\/en\/wp-json\/wp\/v2\/media?parent=83"}],"curies":[{"name":"wp","href":"https:\/\/api.w.org\/{rel}","templated":true}]}}