{"id":86,"date":"2023-12-13T18:27:44","date_gmt":"2023-12-13T17:27:44","guid":{"rendered":"https:\/\/www.ekb-pcb.de\/?page_id=86"},"modified":"2024-06-25T08:41:19","modified_gmt":"2024-06-25T06:41:19","slug":"beratung","status":"publish","type":"page","link":"https:\/\/www.ekb-pcb.de\/en\/beratung\/","title":{"rendered":"Consultation"},"content":{"rendered":"<div data-elementor-type=\"wp-page\" data-elementor-id=\"86\" class=\"elementor elementor-86\" data-elementor-post-type=\"page\">\n\t\t\t\t<div class=\"elementor-element elementor-element-61305c83 e-flex e-con-boxed e-con e-parent\" data-id=\"61305c83\" data-element_type=\"container\" data-settings=\"{&quot;background_background&quot;:&quot;classic&quot;}\" data-core-v316-plus=\"true\">\n\t\t\t\t\t<div class=\"e-con-inner\">\n\t\t\t\t<div class=\"elementor-element elementor-element-76d21a1b elementor-widget elementor-widget-text-editor\" data-id=\"76d21a1b\" data-element_type=\"widget\" data-widget_type=\"text-editor.default\">\n\t\t\t\t<div class=\"elementor-widget-container\">\n\t\t\t<style>\/*! elementor - v3.20.0 - 20-03-2024 *\/\n.elementor-widget-text-editor.elementor-drop-cap-view-stacked .elementor-drop-cap{background-color:#69727d;color:#fff}.elementor-widget-text-editor.elementor-drop-cap-view-framed .elementor-drop-cap{color:#69727d;border:3px solid;background-color:transparent}.elementor-widget-text-editor:not(.elementor-drop-cap-view-default) .elementor-drop-cap{margin-top:8px}.elementor-widget-text-editor:not(.elementor-drop-cap-view-default) .elementor-drop-cap-letter{width:1em;height:1em}.elementor-widget-text-editor .elementor-drop-cap{float:left;text-align:center;line-height:1;font-size:50px}.elementor-widget-text-editor .elementor-drop-cap-letter{display:inline-block}<\/style>\t\t\t\t<h2>Consultation<\/h2><p>The decision to adopt a child, especially a child from another country, is a process. That is why we want to make our services as varied and intensive as possible.<\/p><p>For adoptive and foster families, we offer the following counselling and crisis intervention:<\/p><ul><li>Individual counselling<\/li><li>Personal coaching to help with difficult life issues<\/li><li>Parental counselling<\/li><li>Counselling for couples<\/li><li>Counselling for infertility<\/li><li>Support in the search for the adopted person's origins.<\/li><li>Counselling for parents of origin<\/li><\/ul><p><strong>Dates by appointment<\/strong><\/p><p><strong>First counselling:<\/strong> \u20ac 90,- \/hour<\/p><p><strong>Follow-up coaching:<\/strong> \u20ac 100.-\/hour<\/p><p><em>Depending on income, subsidised special arrangements are possible.<\/em><\/p><p>A lack of money should not be an obstacle to getting the support you need for prevention!<\/p>\t\t\t\t\t\t<\/div>\n\t\t\t\t<\/div>\n\t\t\t\t\t<\/div>\n\t\t\t\t<\/div>\n\t\t\t\t<\/div>","protected":false},"excerpt":{"rendered":"<p>Beratung Die Entscheidung, ein Kind zu adoptieren, insbesondere ein Kind aus dem Ausland verl\u00e4uft prozesshaft. Dementsprechend wollen wir unser Angebot vielf\u00e4ltig und intensiv zur Verf\u00fcgung stellen. Wir bieten folgende Beratung und Krisenintervention in Adoptiv- und Pflegefamilien an: Einzelfallberatung Personal Coaching in schwierigen Lebensfragen Erziehungsberatung Paarberatung Kinderwunschberatung Begleitung bei der Wurzelsuche Beratung f\u00fcr Herkunftseltern Termine nach [&hellip;]<\/p>","protected":false},"author":1,"featured_media":0,"parent":0,"menu_order":0,"comment_status":"closed","ping_status":"closed","template":"","meta":{"footnotes":""},"class_list":["post-86","page","type-page","status-publish","hentry"],"_links":{"self":[{"href":"https:\/\/www.ekb-pcb.de\/en\/wp-json\/wp\/v2\/pages\/86","targetHints":{"allow":["GET"]}}],"collection":[{"href":"https:\/\/www.ekb-pcb.de\/en\/wp-json\/wp\/v2\/pages"}],"about":[{"href":"https:\/\/www.ekb-pcb.de\/en\/wp-json\/wp\/v2\/types\/page"}],"author":[{"embeddable":true,"href":"https:\/\/www.ekb-pcb.de\/en\/wp-json\/wp\/v2\/users\/1"}],"replies":[{"embeddable":true,"href":"https:\/\/www.ekb-pcb.de\/en\/wp-json\/wp\/v2\/comments?post=86"}],"version-history":[{"count":34,"href":"https:\/\/www.ekb-pcb.de\/en\/wp-json\/wp\/v2\/pages\/86\/revisions"}],"predecessor-version":[{"id":2780,"href":"https:\/\/www.ekb-pcb.de\/en\/wp-json\/wp\/v2\/pages\/86\/revisions\/2780"}],"wp:attachment":[{"href":"https:\/\/www.ekb-pcb.de\/en\/wp-json\/wp\/v2\/media?parent=86"}],"curies":[{"name":"wp","href":"https:\/\/api.w.org\/{rel}","templated":true}]}}