{"id":92,"date":"2023-12-13T18:30:08","date_gmt":"2023-12-13T17:30:08","guid":{"rendered":"https:\/\/www.ekb-pcb.de\/?page_id=92"},"modified":"2024-02-04T17:44:48","modified_gmt":"2024-02-04T16:44:48","slug":"spendenformular","status":"publish","type":"page","link":"https:\/\/www.ekb-pcb.de\/en\/spendenformular\/","title":{"rendered":"Donations"},"content":{"rendered":"<div data-elementor-type=\"wp-page\" data-elementor-id=\"92\" class=\"elementor elementor-92\" data-elementor-post-type=\"page\">\n\t\t\t\t<div class=\"elementor-element elementor-element-587a04f e-flex e-con-boxed e-con e-parent\" data-id=\"587a04f\" data-element_type=\"container\" data-core-v316-plus=\"true\">\n\t\t\t\t\t<div class=\"e-con-inner\">\n\t\t\t\t<div class=\"elementor-element elementor-element-5ddebc3 elementor-widget elementor-widget-heading\" data-id=\"5ddebc3\" data-element_type=\"widget\" data-widget_type=\"heading.default\">\n\t\t\t\t<div class=\"elementor-widget-container\">\n\t\t\t<style>\/*! elementor - v3.20.0 - 20-03-2024 *\/\n.elementor-heading-title{padding:0;margin:0;line-height:1}.elementor-widget-heading .elementor-heading-title[class*=elementor-size-]>a{color:inherit;font-size:inherit;line-height:inherit}.elementor-widget-heading .elementor-heading-title.elementor-size-small{font-size:15px}.elementor-widget-heading .elementor-heading-title.elementor-size-medium{font-size:19px}.elementor-widget-heading .elementor-heading-title.elementor-size-large{font-size:29px}.elementor-widget-heading .elementor-heading-title.elementor-size-xl{font-size:39px}.elementor-widget-heading .elementor-heading-title.elementor-size-xxl{font-size:59px}<\/style><h2 class=\"elementor-heading-title elementor-size-default\">Donations<\/h2>\t\t<\/div>\n\t\t\t\t<\/div>\n\t\t\t\t<div class=\"elementor-element elementor-element-e960fc6 elementor-widget elementor-widget-text-editor\" data-id=\"e960fc6\" data-element_type=\"widget\" data-widget_type=\"text-editor.default\">\n\t\t\t\t<div class=\"elementor-widget-container\">\n\t\t\t<style>\/*! elementor - v3.20.0 - 20-03-2024 *\/\n.elementor-widget-text-editor.elementor-drop-cap-view-stacked .elementor-drop-cap{background-color:#69727d;color:#fff}.elementor-widget-text-editor.elementor-drop-cap-view-framed .elementor-drop-cap{color:#69727d;border:3px solid;background-color:transparent}.elementor-widget-text-editor:not(.elementor-drop-cap-view-default) .elementor-drop-cap{margin-top:8px}.elementor-widget-text-editor:not(.elementor-drop-cap-view-default) .elementor-drop-cap-letter{width:1em;height:1em}.elementor-widget-text-editor .elementor-drop-cap{float:left;text-align:center;line-height:1;font-size:50px}.elementor-widget-text-editor .elementor-drop-cap-letter{display:inline-block}<\/style>\t\t\t\t<p>We urgently need financial support for our parenting counselling, prevention services and crisis intervention programme, as we want to keep the threshold for families in need of counselling as low as possible and are therefore unable to cover our costs. Donations are always welcome!<\/p><p>We also welcome your donation for project funding:<\/p><p><strong>Project 1:<\/strong>\u00a0 \u00a0 Biography work with adopted children of school age (6 - 12)<\/p><p><strong>Project 2:<\/strong>\u00a0 \u00a0Open supervision group for adoptive families<\/p><p>\u2013 with children up to 7 years of age<\/p><p>\u2013 with children between the ages of 7 and 14<\/p><p>\u2013 with children from the age of 14<\/p><p><strong>Project 3:\u00a0<\/strong>\u00a0 search for roots<\/p><p><strong>Project 4:\u00a0\u00a0<\/strong>\u00a0Family activities for adoptive families<\/p><p>Please select one of these projects when making your transfer to our donation account at Sparkasse Heidelberg BLZ 67250020, IBAN: DE25672500200009072551, BIC: SOLADES1HDB.<\/p><p>We also use an unrestricted donation for children and youth work as part of our prevention work.<\/p><p>We need your address so we can send you a receipt. Your donation of up to \u20ac200 is tax deductible with a bank transfer voucher without a receipt.<\/p>\t\t\t\t\t\t<\/div>\n\t\t\t\t<\/div>\n\t\t\t\t\t<\/div>\n\t\t\t\t<\/div>\n\t\t\t\t<\/div>","protected":false},"excerpt":{"rendered":"<p>Spenden F\u00fcr unsere Erziehungsberatung, unser Pr\u00e4ventionsangebot und unser Kriseninterventions-programm sind wir dringend auf finanzielle Unterst\u00fctzung angewiesen, da wir die Schwelle f\u00fcr Familien in Beratungsnot so niedrig wie m\u00f6glich halten wollen und daher nicht kostendeckend arbeiten k\u00f6nnen. Spenden sind daher immer willkommen! Ebenso freuen wir uns \u00fcber Ihre Spende f\u00fcr Projektf\u00f6rderung: Projekt 1:\u00a0 \u00a0 Biographiearbeit mit [&hellip;]<\/p>","protected":false},"author":1,"featured_media":0,"parent":0,"menu_order":0,"comment_status":"closed","ping_status":"closed","template":"","meta":{"footnotes":""},"class_list":["post-92","page","type-page","status-publish","hentry"],"_links":{"self":[{"href":"https:\/\/www.ekb-pcb.de\/en\/wp-json\/wp\/v2\/pages\/92","targetHints":{"allow":["GET"]}}],"collection":[{"href":"https:\/\/www.ekb-pcb.de\/en\/wp-json\/wp\/v2\/pages"}],"about":[{"href":"https:\/\/www.ekb-pcb.de\/en\/wp-json\/wp\/v2\/types\/page"}],"author":[{"embeddable":true,"href":"https:\/\/www.ekb-pcb.de\/en\/wp-json\/wp\/v2\/users\/1"}],"replies":[{"embeddable":true,"href":"https:\/\/www.ekb-pcb.de\/en\/wp-json\/wp\/v2\/comments?post=92"}],"version-history":[{"count":44,"href":"https:\/\/www.ekb-pcb.de\/en\/wp-json\/wp\/v2\/pages\/92\/revisions"}],"predecessor-version":[{"id":2628,"href":"https:\/\/www.ekb-pcb.de\/en\/wp-json\/wp\/v2\/pages\/92\/revisions\/2628"}],"wp:attachment":[{"href":"https:\/\/www.ekb-pcb.de\/en\/wp-json\/wp\/v2\/media?parent=92"}],"curies":[{"name":"wp","href":"https:\/\/api.w.org\/{rel}","templated":true}]}}